{"id":1254,"date":"2023-02-09T07:13:59","date_gmt":"2023-02-09T07:13:59","guid":{"rendered":"https:\/\/guideproject.eu\/lad-os-identificere-stereotyper-i-forbindelse-med-karrierebeslutninger\/"},"modified":"2024-05-17T13:04:12","modified_gmt":"2024-05-17T13:04:12","slug":"lad-os-identificere-stereotyper-i-forbindelse-med-karrierebeslutninger","status":"publish","type":"page","link":"https:\/\/guideproject.eu\/da\/lad-os-identificere-stereotyper-i-forbindelse-med-karrierebeslutninger\/","title":{"rendered":"Lad os identificere stereotyper i forbindelse med karrierebeslutninger"},"content":{"rendered":"\t\t<div data-elementor-type=\"wp-page\" data-elementor-id=\"1254\" class=\"elementor elementor-1254 elementor-592\" data-elementor-post-type=\"page\">\n\t\t\t\t<div class=\"elementor-element elementor-element-a40fbc2 e-flex e-con-boxed e-con e-parent\" data-id=\"a40fbc2\" data-element_type=\"container\">\n\t\t\t\t\t<div class=\"e-con-inner\">\n\t\t\t\t<div class=\"elementor-element elementor-element-072f6ef elementor-widget elementor-widget-spacer\" data-id=\"072f6ef\" data-element_type=\"widget\" data-widget_type=\"spacer.default\">\n\t\t\t\t<div class=\"elementor-widget-container\">\n\t\t\t\t\t\t\t<div class=\"elementor-spacer\">\n\t\t\t<div class=\"elementor-spacer-inner\"><\/div>\n\t\t<\/div>\n\t\t\t\t\t\t<\/div>\n\t\t\t\t<\/div>\n\t\t\t\t\t<\/div>\n\t\t\t\t<\/div>\n\t\t<div class=\"elementor-element elementor-element-abd6f13 e-flex e-con-boxed e-con e-parent\" data-id=\"abd6f13\" data-element_type=\"container\">\n\t\t\t\t\t<div class=\"e-con-inner\">\n\t\t<div class=\"elementor-element elementor-element-b008103 e-con-full e-flex e-con e-child\" data-id=\"b008103\" data-element_type=\"container\">\n\t\t\t\t<div class=\"elementor-element elementor-element-facd2b4 elementor-view-default elementor-widget elementor-widget-icon\" data-id=\"facd2b4\" data-element_type=\"widget\" data-widget_type=\"icon.default\">\n\t\t\t\t<div class=\"elementor-widget-container\">\n\t\t\t\t\t\t\t<div class=\"elementor-icon-wrapper\">\n\t\t\t<div class=\"elementor-icon elementor-animation-grow\">\n\t\t\t<svg aria-hidden=\"true\" class=\"e-font-icon-svg e-fas-search-plus\" viewBox=\"0 0 512 512\" xmlns=\"http:\/\/www.w3.org\/2000\/svg\"><path d=\"M304 192v32c0 6.6-5.4 12-12 12h-56v56c0 6.6-5.4 12-12 12h-32c-6.6 0-12-5.4-12-12v-56h-56c-6.6 0-12-5.4-12-12v-32c0-6.6 5.4-12 12-12h56v-56c0-6.6 5.4-12 12-12h32c6.6 0 12 5.4 12 12v56h56c6.6 0 12 5.4 12 12zm201 284.7L476.7 505c-9.4 9.4-24.6 9.4-33.9 0L343 405.3c-4.5-4.5-7-10.6-7-17V372c-35.3 27.6-79.7 44-128 44C93.1 416 0 322.9 0 208S93.1 0 208 0s208 93.1 208 208c0 48.3-16.4 92.7-44 128h16.3c6.4 0 12.5 2.5 17 7l99.7 99.7c9.3 9.4 9.3 24.6 0 34zM344 208c0-75.2-60.8-136-136-136S72 132.8 72 208s60.8 136 136 136 136-60.8 136-136z\"><\/path><\/svg>\t\t\t<\/div>\n\t\t<\/div>\n\t\t\t\t\t\t<\/div>\n\t\t\t\t<\/div>\n\t\t\t\t<\/div>\n\t\t<div class=\"elementor-element elementor-element-231d643 e-con-full e-flex e-con e-child\" data-id=\"231d643\" data-element_type=\"container\">\n\t\t\t\t<div class=\"elementor-element elementor-element-80a8e2c elementor-widget elementor-widget-heading\" data-id=\"80a8e2c\" data-element_type=\"widget\" data-widget_type=\"heading.default\">\n\t\t\t\t<div class=\"elementor-widget-container\">\n\t\t\t\t\t<h2 class=\"elementor-heading-title elementor-size-default\">Digitalt v\u00e6rkt\u00f8j til at identificere stereotyper i karrierebeslutninger. <\/h2>\t\t\t\t<\/div>\n\t\t\t\t<\/div>\n\t\t\t\t<div class=\"elementor-element elementor-element-048699a elementor-drop-cap-yes elementor-drop-cap-view-default elementor-widget elementor-widget-text-editor\" data-id=\"048699a\" data-element_type=\"widget\" data-settings=\"{&quot;drop_cap&quot;:&quot;yes&quot;}\" data-widget_type=\"text-editor.default\">\n\t\t\t\t<div class=\"elementor-widget-container\">\n\t\t\t\t\t\t\t\t\t<p>Dette digitale v\u00e6rkt\u00f8j er designet til at hj\u00e6lpe fagfolk med ansvar for karrierevejledning, s\u00e5som karrierevejledere, l\u00e6rere, r\u00e5dgivere og andre, med at afd\u00e6kke og genkende k\u00f8nsstereotyper og hindringer, som alle k\u00f8n kan st\u00e5 over for og p\u00e5virke deres professionelle karrierebeslutninger.<\/p>\n\t\t\t\t\t\t\t\t<\/div>\n\t\t\t\t<\/div>\n\t\t\t\t<div class=\"elementor-element elementor-element-4be89b1 elementor-align-center elementor-widget elementor-widget-button\" data-id=\"4be89b1\" data-element_type=\"widget\" data-widget_type=\"button.default\">\n\t\t\t\t<div class=\"elementor-widget-container\">\n\t\t\t\t\t\t\t\t\t<div class=\"elementor-button-wrapper\">\n\t\t\t\t\t<a class=\"elementor-button elementor-button-link elementor-size-sm\" href=\"https:\/\/guideproject.eu\/da\/digitalt-vaerktoej-til-at-identificere-stereotyper-i-karriere-og-uddannelsesvalg\/\">\n\t\t\t\t\t\t<span class=\"elementor-button-content-wrapper\">\n\t\t\t\t\t\t\t\t\t<span class=\"elementor-button-text\">Digitalt v\u00e6rkt\u00f8j<\/span>\n\t\t\t\t\t<\/span>\n\t\t\t\t\t<\/a>\n\t\t\t\t<\/div>\n\t\t\t\t\t\t\t\t<\/div>\n\t\t\t\t<\/div>\n\t\t\t\t<div class=\"elementor-element elementor-element-f8133f3 elementor-align-center elementor-widget elementor-widget-button\" data-id=\"f8133f3\" data-element_type=\"widget\" data-widget_type=\"button.default\">\n\t\t\t\t<div class=\"elementor-widget-container\">\n\t\t\t\t\t\t\t\t\t<div class=\"elementor-button-wrapper\">\n\t\t\t\t\t<a class=\"elementor-button elementor-button-link elementor-size-sm\" href=\"https:\/\/guideproject.eu\/wp-content\/uploads\/2024\/05\/04-GUIDE_SAT_User_Guide_DA.pdf\" target=\"_blank\">\n\t\t\t\t\t\t<span class=\"elementor-button-content-wrapper\">\n\t\t\t\t\t\t\t\t\t<span class=\"elementor-button-text\">Brugervejledningen<\/span>\n\t\t\t\t\t<\/span>\n\t\t\t\t\t<\/a>\n\t\t\t\t<\/div>\n\t\t\t\t\t\t\t\t<\/div>\n\t\t\t\t<\/div>\n\t\t\t\t<\/div>\n\t\t\t\t\t<\/div>\n\t\t\t\t<\/div>\n\t\t\t\t<\/div>\n\t\t","protected":false},"excerpt":{"rendered":"<p>Digitalt v\u00e6rkt\u00f8j til at identificere stereotyper i karrierebeslutninger. Dette digitale v\u00e6rkt\u00f8j er designet til at hj\u00e6lpe fagfolk med ansvar for karrierevejledning, s\u00e5som karrierevejledere, l\u00e6rere, r\u00e5dgivere&hellip;<\/p>\n","protected":false},"author":1,"featured_media":0,"parent":0,"menu_order":0,"comment_status":"closed","ping_status":"closed","template":"elementor_header_footer","meta":{"footnotes":""},"class_list":["post-1254","page","type-page","status-publish","hentry"],"_links":{"self":[{"href":"https:\/\/guideproject.eu\/da\/wp-json\/wp\/v2\/pages\/1254","targetHints":{"allow":["GET"]}}],"collection":[{"href":"https:\/\/guideproject.eu\/da\/wp-json\/wp\/v2\/pages"}],"about":[{"href":"https:\/\/guideproject.eu\/da\/wp-json\/wp\/v2\/types\/page"}],"author":[{"embeddable":true,"href":"https:\/\/guideproject.eu\/da\/wp-json\/wp\/v2\/users\/1"}],"replies":[{"embeddable":true,"href":"https:\/\/guideproject.eu\/da\/wp-json\/wp\/v2\/comments?post=1254"}],"version-history":[{"count":7,"href":"https:\/\/guideproject.eu\/da\/wp-json\/wp\/v2\/pages\/1254\/revisions"}],"predecessor-version":[{"id":7415,"href":"https:\/\/guideproject.eu\/da\/wp-json\/wp\/v2\/pages\/1254\/revisions\/7415"}],"wp:attachment":[{"href":"https:\/\/guideproject.eu\/da\/wp-json\/wp\/v2\/media?parent=1254"}],"curies":[{"name":"wp","href":"https:\/\/api.w.org\/{rel}","templated":true}]}}