{"id":1256,"date":"2023-02-13T10:56:52","date_gmt":"2023-02-13T10:56:52","guid":{"rendered":"https:\/\/guideproject.eu\/stilarter-til-at-traeffe-karrierebeslutninger\/"},"modified":"2024-10-24T09:49:10","modified_gmt":"2024-10-24T09:49:10","slug":"stilarter-til-at-traeffe-karrierebeslutninger","status":"publish","type":"page","link":"https:\/\/guideproject.eu\/da\/stilarter-til-at-traeffe-karrierebeslutninger\/","title":{"rendered":"Stilarter til at tr\u00e6ffe karrierebeslutninger."},"content":{"rendered":"\t\t<div data-elementor-type=\"wp-page\" data-elementor-id=\"1256\" class=\"elementor elementor-1256 elementor-644\" data-elementor-post-type=\"page\">\n\t\t\t\t<div class=\"elementor-element elementor-element-d8a0c9b e-flex e-con-boxed e-con e-parent\" data-id=\"d8a0c9b\" data-element_type=\"container\">\n\t\t\t\t\t<div class=\"e-con-inner\">\n\t\t\t\t<div class=\"elementor-element elementor-element-afdb2a3 elementor-widget elementor-widget-spacer\" data-id=\"afdb2a3\" data-element_type=\"widget\" data-widget_type=\"spacer.default\">\n\t\t\t\t<div class=\"elementor-widget-container\">\n\t\t\t\t\t\t\t<div class=\"elementor-spacer\">\n\t\t\t<div class=\"elementor-spacer-inner\"><\/div>\n\t\t<\/div>\n\t\t\t\t\t\t<\/div>\n\t\t\t\t<\/div>\n\t\t\t\t<div class=\"elementor-element elementor-element-a87104e elementor-widget elementor-widget-heading\" data-id=\"a87104e\" data-element_type=\"widget\" data-widget_type=\"heading.default\">\n\t\t\t\t<div class=\"elementor-widget-container\">\n\t\t\t\t\t<h2 class=\"elementor-heading-title elementor-size-default\">Co-creation-vejledningsmodellen<\/h2>\t\t\t\t<\/div>\n\t\t\t\t<\/div>\n\t\t\t\t\t<\/div>\n\t\t\t\t<\/div>\n\t\t<div class=\"elementor-element elementor-element-9097599 e-flex e-con-boxed e-con e-parent\" data-id=\"9097599\" data-element_type=\"container\">\n\t\t\t\t\t<div class=\"e-con-inner\">\n\t\t<div class=\"elementor-element elementor-element-8f9f6ff e-con-full e-flex e-con e-child\" data-id=\"8f9f6ff\" data-element_type=\"container\">\n\t\t\t\t<div class=\"elementor-element elementor-element-f5eea14 elementor-view-default elementor-widget elementor-widget-icon\" data-id=\"f5eea14\" data-element_type=\"widget\" data-widget_type=\"icon.default\">\n\t\t\t\t<div class=\"elementor-widget-container\">\n\t\t\t\t\t\t\t<div class=\"elementor-icon-wrapper\">\n\t\t\t<div class=\"elementor-icon elementor-animation-grow\">\n\t\t\t<svg aria-hidden=\"true\" class=\"e-font-icon-svg e-fas-server\" viewBox=\"0 0 512 512\" xmlns=\"http:\/\/www.w3.org\/2000\/svg\"><path d=\"M480 160H32c-17.673 0-32-14.327-32-32V64c0-17.673 14.327-32 32-32h448c17.673 0 32 14.327 32 32v64c0 17.673-14.327 32-32 32zm-48-88c-13.255 0-24 10.745-24 24s10.745 24 24 24 24-10.745 24-24-10.745-24-24-24zm-64 0c-13.255 0-24 10.745-24 24s10.745 24 24 24 24-10.745 24-24-10.745-24-24-24zm112 248H32c-17.673 0-32-14.327-32-32v-64c0-17.673 14.327-32 32-32h448c17.673 0 32 14.327 32 32v64c0 17.673-14.327 32-32 32zm-48-88c-13.255 0-24 10.745-24 24s10.745 24 24 24 24-10.745 24-24-10.745-24-24-24zm-64 0c-13.255 0-24 10.745-24 24s10.745 24 24 24 24-10.745 24-24-10.745-24-24-24zm112 248H32c-17.673 0-32-14.327-32-32v-64c0-17.673 14.327-32 32-32h448c17.673 0 32 14.327 32 32v64c0 17.673-14.327 32-32 32zm-48-88c-13.255 0-24 10.745-24 24s10.745 24 24 24 24-10.745 24-24-10.745-24-24-24zm-64 0c-13.255 0-24 10.745-24 24s10.745 24 24 24 24-10.745 24-24-10.745-24-24-24z\"><\/path><\/svg>\t\t\t<\/div>\n\t\t<\/div>\n\t\t\t\t\t\t<\/div>\n\t\t\t\t<\/div>\n\t\t\t\t<\/div>\n\t\t<div class=\"elementor-element elementor-element-413d3e7 e-con-full e-flex e-con e-child\" data-id=\"413d3e7\" data-element_type=\"container\">\n\t\t\t\t<div class=\"elementor-element elementor-element-f7ac595 elementor-widget elementor-widget-text-editor\" data-id=\"f7ac595\" data-element_type=\"widget\" data-widget_type=\"text-editor.default\">\n\t\t\t\t<div class=\"elementor-widget-container\">\n\t\t\t\t\t\t\t\t\t<p style=\"text-align: justify;\">Co-creation-vejledningsmodellen er struktureret omkring otte (8) n\u00f8gleomr\u00e5der, som b\u00e5de vejlederen og den vejledte besk\u00e6ftiger sig med gennem hele vejledningsprocessen. Centralt i denne model er den l\u00f8bende refleksion og evaluering af vejledningsrejsen, hvilket fremmer et samarbejdsmilj\u00f8, hvor begge parter aktivt bidrager til at udvikle ny indsigt og tr\u00e6ffe kvalificerede karrierebeslutninger.<\/p><p style=\"text-align: justify;\">Ud over co-creation-modellen har vi udviklet otte (8) co-creation-dialogkort, der hj\u00e6lper vejledere og vejledte med at fokusere p\u00e5 k\u00f8nnenes indflydelse p\u00e5 karrierevalg i l\u00f8bet af vejledningsprocessen.<\/p><p style=\"text-align: justify;\">Ved at bruge denne model kan vejledere tilbyde en klar og struktureret proces, der fremmer selvbevidsthed og personlig v\u00e6kst hos de vejledte. Den samskabende vejledningsmodel er alsidig og kan tilpasses forskellige vejledningssammenh\u00e6nge, s\u00e5 den opfylder den enkeltes unikke behov.<\/p><p style=\"text-align: justify;\">L\u00e6s\/download manualen, som ikke kun skitserer trinene til effektiv brug af modellen, men ogs\u00e5 introducerer co-creation dialogkortene, som tilbyder tematiske sp\u00f8rgsm\u00e5l til at stimulere dyb refleksion over k\u00f8nsrelaterede aspekter af karriereudvikling.<\/p>\t\t\t\t\t\t\t\t<\/div>\n\t\t\t\t<\/div>\n\t\t\t\t<div class=\"elementor-element elementor-element-1a80647 elementor-align-center elementor-widget elementor-widget-button\" data-id=\"1a80647\" data-element_type=\"widget\" data-widget_type=\"button.default\">\n\t\t\t\t<div class=\"elementor-widget-container\">\n\t\t\t\t\t\t\t\t\t<div class=\"elementor-button-wrapper\">\n\t\t\t\t\t<a class=\"elementor-button elementor-button-link elementor-size-sm\" href=\"https:\/\/guideproject.eu\/wp-content\/uploads\/2024\/10\/03-WP3.3_GUIDE_Manual_DA.pdf\" target=\"_blank\">\n\t\t\t\t\t\t<span class=\"elementor-button-content-wrapper\">\n\t\t\t\t\t\t\t\t\t<span class=\"elementor-button-text\">Manual<\/span>\n\t\t\t\t\t<\/span>\n\t\t\t\t\t<\/a>\n\t\t\t\t<\/div>\n\t\t\t\t\t\t\t\t<\/div>\n\t\t\t\t<\/div>\n\t\t\t\t<div class=\"elementor-element elementor-element-64c454d elementor-align-center elementor-widget elementor-widget-button\" data-id=\"64c454d\" data-element_type=\"widget\" data-widget_type=\"button.default\">\n\t\t\t\t<div class=\"elementor-widget-container\">\n\t\t\t\t\t\t\t\t\t<div class=\"elementor-button-wrapper\">\n\t\t\t\t\t<a class=\"elementor-button elementor-button-link elementor-size-sm\" href=\"https:\/\/guideproject.eu\/wp-content\/uploads\/2024\/10\/03-GUIDE_WP3_User_Guide_DA.pdf\" target=\"_blank\">\n\t\t\t\t\t\t<span class=\"elementor-button-content-wrapper\">\n\t\t\t\t\t\t\t\t\t<span class=\"elementor-button-text\">Brugervejledning<\/span>\n\t\t\t\t\t<\/span>\n\t\t\t\t\t<\/a>\n\t\t\t\t<\/div>\n\t\t\t\t\t\t\t\t<\/div>\n\t\t\t\t<\/div>\n\t\t\t\t<div class=\"elementor-element elementor-element-dd36b80 elementor-align-center elementor-widget elementor-widget-button\" data-id=\"dd36b80\" data-element_type=\"widget\" data-widget_type=\"button.default\">\n\t\t\t\t<div class=\"elementor-widget-container\">\n\t\t\t\t\t\t\t\t\t<div class=\"elementor-button-wrapper\">\n\t\t\t\t\t<a class=\"elementor-button elementor-button-link elementor-size-sm\" href=\"https:\/\/guideproject.eu\/da\/co-creation-model\/\">\n\t\t\t\t\t\t<span class=\"elementor-button-content-wrapper\">\n\t\t\t\t\t\t\t\t\t<span class=\"elementor-button-text\">Tilg\u00e5 v\u00e6rkt\u00f8jet<\/span>\n\t\t\t\t\t<\/span>\n\t\t\t\t\t<\/a>\n\t\t\t\t<\/div>\n\t\t\t\t\t\t\t\t<\/div>\n\t\t\t\t<\/div>\n\t\t\t\t<\/div>\n\t\t\t\t\t<\/div>\n\t\t\t\t<\/div>\n\t\t\t\t<\/div>\n\t\t","protected":false},"excerpt":{"rendered":"<p>Co-creation-vejledningsmodellen Co-creation-vejledningsmodellen er struktureret omkring otte (8) n\u00f8gleomr\u00e5der, som b\u00e5de vejlederen og den vejledte besk\u00e6ftiger sig med gennem hele vejledningsprocessen. Centralt i denne model er&hellip;<\/p>\n","protected":false},"author":1,"featured_media":0,"parent":0,"menu_order":0,"comment_status":"closed","ping_status":"closed","template":"elementor_header_footer","meta":{"footnotes":""},"class_list":["post-1256","page","type-page","status-publish","hentry"],"_links":{"self":[{"href":"https:\/\/guideproject.eu\/da\/wp-json\/wp\/v2\/pages\/1256","targetHints":{"allow":["GET"]}}],"collection":[{"href":"https:\/\/guideproject.eu\/da\/wp-json\/wp\/v2\/pages"}],"about":[{"href":"https:\/\/guideproject.eu\/da\/wp-json\/wp\/v2\/types\/page"}],"author":[{"embeddable":true,"href":"https:\/\/guideproject.eu\/da\/wp-json\/wp\/v2\/users\/1"}],"replies":[{"embeddable":true,"href":"https:\/\/guideproject.eu\/da\/wp-json\/wp\/v2\/comments?post=1256"}],"version-history":[{"count":17,"href":"https:\/\/guideproject.eu\/da\/wp-json\/wp\/v2\/pages\/1256\/revisions"}],"predecessor-version":[{"id":11895,"href":"https:\/\/guideproject.eu\/da\/wp-json\/wp\/v2\/pages\/1256\/revisions\/11895"}],"wp:attachment":[{"href":"https:\/\/guideproject.eu\/da\/wp-json\/wp\/v2\/media?parent=1256"}],"curies":[{"name":"wp","href":"https:\/\/api.w.org\/{rel}","templated":true}]}}