{"id":4286,"date":"2023-07-20T10:37:18","date_gmt":"2023-07-20T10:37:18","guid":{"rendered":"https:\/\/guideproject.eu\/digitalt-vaerktoej-til-at-identificere-stereotyper-i-karriere-og-uddannelsesvalg\/"},"modified":"2025-10-01T10:58:33","modified_gmt":"2025-10-01T10:58:33","slug":"digitalt-vaerktoej-til-at-identificere-stereotyper-i-karriere-og-uddannelsesvalg","status":"publish","type":"page","link":"https:\/\/guideproject.eu\/da\/digitalt-vaerktoej-til-at-identificere-stereotyper-i-karriere-og-uddannelsesvalg\/","title":{"rendered":"Digitalt v\u00e6rkt\u00f8j til at identificere stereotyper i karrierebeslutninger"},"content":{"rendered":"\t\t<div data-elementor-type=\"wp-page\" data-elementor-id=\"4286\" class=\"elementor elementor-4286 elementor-2536\" data-elementor-post-type=\"page\">\n\t\t\t\t<div class=\"plus-conditions--hidden elementor-element elementor-element-c7fa43d e-flex e-con-boxed e-con e-parent\" data-id=\"c7fa43d\" data-element_type=\"container\" data-settings=\"{&quot;tp_display_rules_enable&quot;:&quot;yes&quot;,&quot;tp_display_rules_output&quot;:&quot;yes&quot;}\">\n\t\t\t\t\t<div class=\"e-con-inner\">\n\t\t\t\t<div class=\"elementor-element elementor-element-7defd6a elementor-widget elementor-widget-image\" data-id=\"7defd6a\" data-element_type=\"widget\" data-widget_type=\"image.default\">\n\t\t\t\t<div class=\"elementor-widget-container\">\n\t\t\t\t\t\t\t\t\t\t\t\t\t\t\t<img fetchpriority=\"high\" decoding=\"async\" width=\"1300\" height=\"225\" src=\"https:\/\/guideproject.eu\/wp-content\/uploads\/2024\/04\/FEATURED-Self-\u2013-Assessment-Tool.jpg\" class=\"attachment-full size-full wp-image-5050\" alt=\"\" srcset=\"https:\/\/guideproject.eu\/wp-content\/uploads\/2024\/04\/FEATURED-Self-\u2013-Assessment-Tool.jpg 1300w, https:\/\/guideproject.eu\/wp-content\/uploads\/2024\/04\/FEATURED-Self-\u2013-Assessment-Tool-300x52.jpg 300w, https:\/\/guideproject.eu\/wp-content\/uploads\/2024\/04\/FEATURED-Self-\u2013-Assessment-Tool-1024x177.jpg 1024w, https:\/\/guideproject.eu\/wp-content\/uploads\/2024\/04\/FEATURED-Self-\u2013-Assessment-Tool-768x133.jpg 768w, https:\/\/guideproject.eu\/wp-content\/uploads\/2024\/04\/FEATURED-Self-\u2013-Assessment-Tool-624x108.jpg 624w\" sizes=\"(max-width: 1300px) 100vw, 1300px\" \/>\t\t\t\t\t\t\t\t\t\t\t\t\t\t\t<\/div>\n\t\t\t\t<\/div>\n\t\t\t\t<div class=\"elementor-element elementor-element-cc9b4b5 elementor-hidden-desktop elementor-hidden-tablet elementor-hidden-mobile elementor-widget elementor-widget-button\" data-id=\"cc9b4b5\" data-element_type=\"widget\" data-widget_type=\"button.default\">\n\t\t\t\t<div class=\"elementor-widget-container\">\n\t\t\t\t\t\t\t\t\t<div class=\"elementor-button-wrapper\">\n\t\t\t\t\t<a class=\"elementor-button elementor-button-link elementor-size-sm\" href=\"#elementor-action%3Aaction%3Dpopup%3Aopen%26settings%3DeyJpZCI6Mzg4MCwidG9nZ2xlIjpmYWxzZX0%3D\">\n\t\t\t\t\t\t<span class=\"elementor-button-content-wrapper\">\n\t\t\t\t\t\t\t\t\t<span class=\"elementor-button-text\">Click here<\/span>\n\t\t\t\t\t<\/span>\n\t\t\t\t\t<\/a>\n\t\t\t\t<\/div>\n\t\t\t\t\t\t\t\t<\/div>\n\t\t\t\t<\/div>\n\t\t\t\t<div class=\"elementor-element elementor-element-4928293 elementor-widget elementor-widget-text-editor\" data-id=\"4928293\" data-element_type=\"widget\" data-widget_type=\"text-editor.default\">\n\t\t\t\t<div class=\"elementor-widget-container\">\n\t\t\t\t\t<div class=\"bb-theme-elementor-wrap bb-elementor-custom-size\">\t\t\t\t<p><strong>Velkommen til selvevalueringsv\u00e6rkt\u00f8jet, der er designet til at hj\u00e6lpe dig og dine vejledte med at udforske og forst\u00e5 eventuelle k\u00f8nsbias, der kan p\u00e5virke deres karrierebeslutninger. V\u00e6rkt\u00f8jet er en del af uddannelsesprojektet &#8220;GUIDE &#8211; Upgrading the skills of professionals for gender sensitive career guidance&#8221;, der har til form\u00e5l at styrke individer i at tr\u00e6ffe valg baseret p\u00e5 deres interesser og evner snarere end k\u00f8n.<\/strong><\/p><p><strong>V\u00e6rkt\u00f8jet dykker ned i to dimensioner af bias: eksplicitte og implicitte associationer. Eksplicitte fordomme omfatter bevidste overbevisninger og holdninger, mens implicitte fordomme er ubevidste associationer eller stereotyper, der er p\u00e5virket af samfundsm\u00e6ssige faktorer. Ved at adressere begge dimensioner sigter vi mod at give omfattende indsigt i, hvordan bias kan p\u00e5virke karrierebeslutninger.<\/strong><\/p><p>Udfyldelsen af selvevalueringsv\u00e6rkt\u00f8jet er et f\u00f8rste skridt i udforskningen af k\u00f8nsbias p\u00e5 overfladeniveau. Sp\u00f8rgsm\u00e5lene er bevidst formuleret stereotypt for at fremkalde \u00e6rlige svar, som vil generere en personlig rapport, der fremh\u00e6ver eventuelle identificerede bias. Denne rapport vil fungere som en v\u00e6rdifuld ressource for jer som karrierevejledere, s\u00e5 I kan tilbyde vejledning, der er skr\u00e6ddersyet til den enkeltes behov og potentiale, fri for k\u00f8nsbias.<\/p>\t\t\t\t<\/div>\t\t\t\t<\/div>\n\t\t\t\t<\/div>\n\t\t\t\t<div class=\"elementor-element elementor-element-866d6a0 elementor-align-center elementor-widget elementor-widget-button\" data-id=\"866d6a0\" data-element_type=\"widget\" data-widget_type=\"button.default\">\n\t\t\t\t<div class=\"elementor-widget-container\">\n\t\t\t\t\t\t\t\t\t<div class=\"elementor-button-wrapper\">\n\t\t\t\t\t<a class=\"elementor-button elementor-button-link elementor-size-sm\" href=\"https:\/\/guideproject.eu\/wp-content\/uploads\/2024\/03\/GUIDE_WP2_Annex_DA.pdf\" target=\"_blank\">\n\t\t\t\t\t\t<span class=\"elementor-button-content-wrapper\">\n\t\t\t\t\t\t\t\t\t<span class=\"elementor-button-text\">Annex<\/span>\n\t\t\t\t\t<\/span>\n\t\t\t\t\t<\/a>\n\t\t\t\t<\/div>\n\t\t\t\t\t\t\t\t<\/div>\n\t\t\t\t<\/div>\n\t\t\t\t<div class=\"elementor-element elementor-element-31dad9f elementor-align-center elementor-widget elementor-widget-button\" data-id=\"31dad9f\" data-element_type=\"widget\" data-widget_type=\"button.default\">\n\t\t\t\t<div class=\"elementor-widget-container\">\n\t\t\t\t\t\t\t\t\t<div class=\"elementor-button-wrapper\">\n\t\t\t\t\t<a class=\"elementor-button elementor-button-link elementor-size-sm\" href=\"https:\/\/guideproject.eu\/da\/invitation\/\">\n\t\t\t\t\t\t<span class=\"elementor-button-content-wrapper\">\n\t\t\t\t\t\t\t\t\t<span class=\"elementor-button-text\">Send invitation<\/span>\n\t\t\t\t\t<\/span>\n\t\t\t\t\t<\/a>\n\t\t\t\t<\/div>\n\t\t\t\t\t\t\t\t<\/div>\n\t\t\t\t<\/div>\n\t\t\t\t<div class=\"elementor-element elementor-element-6e558fb elementor-widget elementor-widget-text-editor\" data-id=\"6e558fb\" data-element_type=\"widget\" data-widget_type=\"text-editor.default\">\n\t\t\t\t<div class=\"elementor-widget-container\">\n\t\t\t\t\t<div class=\"bb-theme-elementor-wrap bb-elementor-custom-size\">\t\t\t\t<p>Vi opfordrer dig til at introducere dette v\u00e6rkt\u00f8j til dine vejledte og guide dem gennem selvevalueringsprocessen (ved at bruge det digitale v\u00e6rkt\u00f8j til at identificere stereotyper i karrierebeslutninger). Din st\u00f8tte til at facilitere \u00e5bne og \u00e6rlige diskussioner om fordomme og karrierevalg vil i h\u00f8j grad bidrage til deres personlige og professionelle udvikling. Det b\u00f8r tage ca. 10 minutter af deres tid.<\/p><p>Alle oplysninger, der gives i det digitale v\u00e6rkt\u00f8j til identifikation af stereotyper i karrierebeslutninger, og som registreres, vil udelukkende blive brugt af GUIDE&#8217;s projektpartnerskab. Vi vil ikke s\u00e6lge, handle med eller overf\u00f8re en persons personlige oplysninger til nogen tredjepart eller enhed. GUIDE&#8217;s projektpartnerskab respekterer v\u00e6rkt\u00f8jsbrugernes ret til privatliv i overensstemmelse med den generelle forordning om beskyttelse af personoplysninger 2016\/679\/EU og de nuv\u00e6rende nationale og europ\u00e6iske juridiske og lovgivningsm\u00e6ssige rammer for beskyttelse af personoplysninger.<\/p>\t\t\t\t<\/div>\t\t\t\t<\/div>\n\t\t\t\t<\/div>\n\t\t\t\t<div class=\"elementor-element elementor-element-5a97760 elementor-widget elementor-widget-spacer\" data-id=\"5a97760\" data-element_type=\"widget\" data-widget_type=\"spacer.default\">\n\t\t\t\t<div class=\"elementor-widget-container\">\n\t\t\t\t\t\t\t<div class=\"elementor-spacer\">\n\t\t\t<div class=\"elementor-spacer-inner\"><\/div>\n\t\t<\/div>\n\t\t\t\t\t\t<\/div>\n\t\t\t\t<\/div>\n\t\t\t\t<div class=\"elementor-element elementor-element-747f168 elementor-align-center elementor-widget elementor-widget-button\" data-id=\"747f168\" data-element_type=\"widget\" data-widget_type=\"button.default\">\n\t\t\t\t<div class=\"elementor-widget-container\">\n\t\t\t\t\t\t\t\t\t<div class=\"elementor-button-wrapper\">\n\t\t\t\t\t<a class=\"elementor-button elementor-button-link elementor-size-sm\" href=\"https:\/\/guideproject.eu\/da\/view\/counselor-view-da\/\">\n\t\t\t\t\t\t<span class=\"elementor-button-content-wrapper\">\n\t\t\t\t\t\t\t\t\t<span class=\"elementor-button-text\">Se resultat<\/span>\n\t\t\t\t\t<\/span>\n\t\t\t\t\t<\/a>\n\t\t\t\t<\/div>\n\t\t\t\t\t\t\t\t<\/div>\n\t\t\t\t<\/div>\n\t\t\t\t<div class=\"elementor-element elementor-element-91ecd77 elementor-widget elementor-widget-spacer\" data-id=\"91ecd77\" data-element_type=\"widget\" data-widget_type=\"spacer.default\">\n\t\t\t\t<div class=\"elementor-widget-container\">\n\t\t\t\t\t\t\t<div class=\"elementor-spacer\">\n\t\t\t<div class=\"elementor-spacer-inner\"><\/div>\n\t\t<\/div>\n\t\t\t\t\t\t<\/div>\n\t\t\t\t<\/div>\n\t\t\t\t<div class=\"elementor-element elementor-element-a887389 elementor-widget elementor-widget-text-editor\" data-id=\"a887389\" data-element_type=\"widget\" data-widget_type=\"text-editor.default\">\n\t\t\t\t<div class=\"elementor-widget-container\">\n\t\t\t\t\t\t\t\t\t<p style=\"text-align: center;\"><strong>Tak, fordi du er med p\u00e5 denne rejse mod at nedbryde k\u00f8nsbias i karrierebeslutninger.<\/strong><\/p><p style=\"text-align: center;\">Lad os sikre, at alle k\u00f8n f\u00e5r mulighed for at v\u00e6lge baseret p\u00e5 interesse og evner snarere end k\u00f8n.<\/p>\t\t\t\t\t\t\t\t<\/div>\n\t\t\t\t<\/div>\n\t\t\t\t<div class=\"elementor-element elementor-element-f87e218 elementor-widget elementor-widget-spacer\" data-id=\"f87e218\" data-element_type=\"widget\" data-widget_type=\"spacer.default\">\n\t\t\t\t<div class=\"elementor-widget-container\">\n\t\t\t\t\t\t\t<div class=\"elementor-spacer\">\n\t\t\t<div class=\"elementor-spacer-inner\"><\/div>\n\t\t<\/div>\n\t\t\t\t\t\t<\/div>\n\t\t\t\t<\/div>\n\t\t\t\t\t<\/div>\n\t\t\t\t<\/div>\n\t\t<div class=\"elementor-element elementor-element-4c25117 e-flex e-con-boxed e-con e-parent\" data-id=\"4c25117\" data-element_type=\"container\" data-settings=\"{&quot;tp_display_rules_enable&quot;:&quot;yes&quot;,&quot;tp_display_rules_output&quot;:&quot;yes&quot;}\">\n\t\t\t\t\t<div class=\"e-con-inner\">\n\t\t\t\t<div class=\"elementor-element elementor-element-8c59579 elementor-widget elementor-widget-spacer\" data-id=\"8c59579\" data-element_type=\"widget\" data-widget_type=\"spacer.default\">\n\t\t\t\t<div class=\"elementor-widget-container\">\n\t\t\t\t\t\t\t<div class=\"elementor-spacer\">\n\t\t\t<div class=\"elementor-spacer-inner\"><\/div>\n\t\t<\/div>\n\t\t\t\t\t\t<\/div>\n\t\t\t\t<\/div>\n\t\t\t\t<div class=\"elementor-element elementor-element-78319d7 elementor-widget elementor-widget-text-editor\" data-id=\"78319d7\" data-element_type=\"widget\" data-settings=\"{&quot;tp_display_rules_enable&quot;:&quot;yes&quot;,&quot;tp_display_rules_output&quot;:&quot;yes&quot;}\" data-widget_type=\"text-editor.default\">\n\t\t\t\t<div class=\"elementor-widget-container\">\n\t\t\t\t\t\t\t\t\t<p style=\"text-align: center;\">Registrer dig\/log ind for at f\u00e5 adgang.<\/p>\t\t\t\t\t\t\t\t<\/div>\n\t\t\t\t<\/div>\n\t\t\t\t<div class=\"elementor-element elementor-element-ee73943 elementor-widget elementor-widget-header-bar\" data-id=\"ee73943\" data-element_type=\"widget\" data-widget_type=\"header-bar.default\">\n\t\t\t\t<div class=\"elementor-widget-container\">\n\t\t\t\t\t\n<div class=\"site-header site-header--elementor icon-fill-in site-header--align-right avatar-none\" data-search-icon=\"\" data-messages-icon=\"\" data-notifications-icon=\"\" data-cart-icon=\"\" data-dark-icon=\"\" data-sidebartoggle-icon=\"\">\n\n\t\n\t\t\t\t\t\n<div id=\"header-aside\" class=\"header-aside avatar\">\n\t<div class=\"header-aside-inner\">\n\n\t\t\n\t\t\t\t\t\t\t<a href=\"#\" class=\"header-search-link\" data-balloon-pos=\"down\" data-balloon=\"Search\" aria-label=\"Search\"><i class=\"bb-icon-l bb-icon-search\"><\/i><\/a>\n\t\t\t\t<span class=\"search-separator bb-separator\"><\/span>\n\t\t\t\t\t\t\t\t<div class=\"bb-header-buttons\">\n\t\t\t\t\t<a href=\"https:\/\/guideproject.eu\/da\/wp-login.php\" class=\"button small outline signin-button link\">Log ind<\/a>\n\n\t\t\t\t\t\t\t\t\t\t\t<a href=\"https:\/\/guideproject.eu\/da\/register\/\" class=\"button small signup\">Tilmeld dig<\/a>\n\t\t\t\t\t\t\t\t\t<\/div>\n\t\t\t\n\t<\/div><!-- .header-aside-inner -->\n<\/div><!-- #header-aside -->\n\t\n\t\n\t\n<div class=\"bb-mobile-header-wrapper bb-single-icon\">\n\t<div class=\"bb-mobile-header flex align-items-center\">\n\t\t<div class=\"bb-left-panel-icon-wrap\">\n\t\t\t<a href=\"#\" class=\"push-left bb-left-panel-mobile\" aria-label=\"Open Menu\"><i class=\"bb-icon-l bb-icon-bars\"><\/i><\/a>\n\t\t<\/div>\n\n\t\t<div class=\"flex-1 mobile-logo-wrapper\">\n\t\t\t\n\t\t\t<div class=\"site-title\">\n\n\t\t\t\t<a href=\"https:\/\/guideproject.eu\/da\/\" rel=\"home\">\n\t\t\t\t\t<img decoding=\"async\" width=\"520\" height=\"238\" src=\"https:\/\/guideproject.eu\/wp-content\/uploads\/2023\/01\/guide-logo-h.png\" class=\"bb-mobile-logo\" alt=\"\" srcset=\"https:\/\/guideproject.eu\/wp-content\/uploads\/2023\/01\/guide-logo-h.png 520w, https:\/\/guideproject.eu\/wp-content\/uploads\/2023\/01\/guide-logo-h-300x137.png 300w\" sizes=\"(max-width: 520px) 100vw, 520px\" \/>\t\t\t\t<\/a>\n\n\t\t\t<\/div>\n\t\t<\/div>\n\t\t<div class=\"header-aside\">\n\t\t\t\t\t\t\t\t<a data-balloon-pos=\"left\" data-balloon=\"Search\" aria-label=\"Search\" href=\"#\" class=\"push-right header-search-link\"><i class=\"bb-icon-l bb-icon-search\"><\/i><\/a>\n\t\t\t\t\t\t\t<\/div>\n\t<\/div>\n\n\t<div class=\"header-search-wrap\">\n\t\t<div class=\"container\">\n\t\t\t\n<form role=\"search\" method=\"get\" class=\"search-form\" action=\"https:\/\/guideproject.eu\/da\/\">\n\t<label>\n\t\t<span class=\"screen-reader-text\">Search for:<\/span>\n\t\t<input type=\"search\" class=\"search-field-top\" placeholder=\"Search\" value=\"\" name=\"s\" \/>\n\t<\/label>\n<\/form>\n\t\t\t<a data-balloon-pos=\"left\" data-balloon=\"Close\" href=\"#\" class=\"close-search\"><i class=\"bb-icon-l bb-icon-times\"><\/i><\/a>\n\t\t<\/div>\n\t<\/div>\n<\/div>\n\n<div class=\"bb-mobile-panel-wrapper left light closed\">\n\t<div class=\"bb-mobile-panel-inner\">\n\t\t<div class=\"bb-mobile-panel-header\">\n\t\t\t\t\t\t\t<div class=\"logo-wrap\">\n\t\t\t\t\t<a href=\"https:\/\/guideproject.eu\/da\/\" rel=\"home\">\n\t\t\t\t\t\t<img decoding=\"async\" width=\"520\" height=\"238\" src=\"https:\/\/guideproject.eu\/wp-content\/uploads\/2023\/01\/guide-logo-h.png\" class=\"bb-mobile-logo\" alt=\"\" srcset=\"https:\/\/guideproject.eu\/wp-content\/uploads\/2023\/01\/guide-logo-h.png 520w, https:\/\/guideproject.eu\/wp-content\/uploads\/2023\/01\/guide-logo-h-300x137.png 300w\" sizes=\"(max-width: 520px) 100vw, 520px\" \/>\t\t\t\t\t<\/a>\n\t\t\t\t<\/div>\n\t\t\t\t\t\t<a href=\"#\" class=\"bb-close-panel\" aria-label=\"Close Menu\"><i class=\"bb-icon-l bb-icon-times\"><\/i><\/a>\n\t\t<\/div>\n\n\t\t<nav class=\"main-navigation\" data-menu-space=\"120\">\n\t\t\t<ul id=\"menu-menu-da\" class=\"bb-primary-menu mobile-menu buddypanel-menu side-panel-menu\"><li id=\"menu-item-1288\" class=\"menu-item menu-item-type-post_type menu-item-object-page menu-item-1288\"><a href=\"https:\/\/guideproject.eu\/da\/om\/\">Om<\/a><\/li>\n<li id=\"menu-item-1289\" class=\"menu-item menu-item-type-post_type menu-item-object-page menu-item-1289\"><a href=\"https:\/\/guideproject.eu\/da\/partnere\/\">Partnere<\/a><\/li>\n<li id=\"menu-item-1290\" class=\"menu-item menu-item-type-custom menu-item-object-custom menu-item-has-children menu-item-1290\"><a href=\"#\">V\u00e6rkt\u00f8jer<\/a>\n<ul class=\"sub-menu\">\n\t<li id=\"menu-item-1291\" class=\"menu-item menu-item-type-post_type menu-item-object-page menu-item-1291\"><a href=\"https:\/\/guideproject.eu\/da\/lad-os-identificere-stereotyper-i-forbindelse-med-karrierebeslutninger\/\"><i class=\"_mi _before bb-icon-l buddyboss bb-icon-search-plus\" aria-hidden=\"true\"><\/i><span>Digitalt v\u00e6rkt\u00f8j til at identificere stereotyper i karrierebeslutninger<\/span><\/a><\/li>\n\t<li id=\"menu-item-1292\" class=\"menu-item menu-item-type-post_type menu-item-object-page menu-item-1292\"><a href=\"https:\/\/guideproject.eu\/da\/stilarter-til-at-traeffe-karrierebeslutninger\/\"><i class=\"_mi _before bb-icon-l buddyboss bb-icon-article\" aria-hidden=\"true\"><\/i><span>Co-creation-vejledningsmodellen<\/span><\/a><\/li>\n\t<li id=\"menu-item-1293\" class=\"menu-item menu-item-type-post_type menu-item-object-page menu-item-1293\"><a href=\"https:\/\/guideproject.eu\/da\/koensfoelsom-karrierevejledning\/\"><i class=\"_mi _before bb-icon-l buddyboss bb-icon-graduation-cap\" aria-hidden=\"true\"><\/i><span>K\u00f8nsf\u00f8lsom karrierevejledning.<\/span><\/a><\/li>\n\t<li id=\"menu-item-1294\" class=\"menu-item menu-item-type-post_type menu-item-object-page menu-item-1294\"><a href=\"https:\/\/guideproject.eu\/da\/vaerktoejskasse-til-koensfoelsom-karrierevejledning\/\"><i class=\"_mi _before bb-icon-l buddyboss bb-icon-list\" aria-hidden=\"true\"><\/i><span>V\u00e6rkt\u00f8jskasse til k\u00f8nsf\u00f8lsom karrierevejledning<\/span><\/a><\/li>\n<\/ul>\n<\/li>\n<li id=\"menu-item-1295\" class=\"menu-item menu-item-type-post_type menu-item-object-page menu-item-1295\"><a href=\"https:\/\/guideproject.eu\/da\/nyheder\/\">Nyheder<\/a><\/li>\n<li id=\"menu-item-1296\" class=\"menu-item menu-item-type-post_type menu-item-object-page menu-item-1296\"><a href=\"https:\/\/guideproject.eu\/da\/kontakt\/\">Kontakt<\/a><\/li>\n<li id=\"menu-item-wpml-ls-25-da\" class=\"menu-item wpml-ls-slot-25 wpml-ls-item wpml-ls-item-da wpml-ls-current-language wpml-ls-menu-item menu-item-type-wpml_ls_menu_item menu-item-object-wpml_ls_menu_item menu-item-has-children menu-item-wpml-ls-25-da\"><a href=\"https:\/\/guideproject.eu\/da\/\" role=\"menuitem\"><i class=\"_mi _before buddyboss bb-icon-l bb-icon-globe\"><\/i><span><img decoding=\"async\"\n            class=\"wpml-ls-flag\"\n            src=\"https:\/\/guideproject.eu\/wp-content\/plugins\/sitepress-multilingual-cms\/res\/flags\/da.png\"\n            alt=\"Dansk\"\n            \n            \n    \/><\/span><\/a>\n<ul class=\"sub-menu\">\n\t<li id=\"menu-item-wpml-ls-25-en\" class=\"menu-item wpml-ls-slot-25 wpml-ls-item wpml-ls-item-en wpml-ls-menu-item wpml-ls-first-item menu-item-type-wpml_ls_menu_item menu-item-object-wpml_ls_menu_item menu-item-wpml-ls-25-en\"><a href=\"https:\/\/guideproject.eu\/\" title=\"Switch to English\" aria-label=\"Switch to English\" role=\"menuitem\"><i class=\"_mi _before buddyboss bb-icon-l bb-icon-globe\"><\/i><span><img decoding=\"async\"\n            class=\"wpml-ls-flag\"\n            src=\"https:\/\/guideproject.eu\/wp-content\/plugins\/sitepress-multilingual-cms\/res\/flags\/en.png\"\n            alt=\"English\"\n            \n            \n    \/><\/span><\/a><\/li>\n\t<li id=\"menu-item-wpml-ls-25-el\" class=\"menu-item wpml-ls-slot-25 wpml-ls-item wpml-ls-item-el wpml-ls-menu-item menu-item-type-wpml_ls_menu_item menu-item-object-wpml_ls_menu_item menu-item-wpml-ls-25-el\"><a href=\"https:\/\/guideproject.eu\/el\/\" title=\"Switch to Greek\" aria-label=\"Switch to Greek\" role=\"menuitem\"><i class=\"_mi _before buddyboss bb-icon-l bb-icon-globe\"><\/i><span><img decoding=\"async\"\n            class=\"wpml-ls-flag\"\n            src=\"https:\/\/guideproject.eu\/wp-content\/plugins\/sitepress-multilingual-cms\/res\/flags\/el.png\"\n            alt=\"Greek\"\n            \n            \n    \/><\/span><\/a><\/li>\n\t<li id=\"menu-item-wpml-ls-25-nl\" class=\"menu-item wpml-ls-slot-25 wpml-ls-item wpml-ls-item-nl wpml-ls-menu-item menu-item-type-wpml_ls_menu_item menu-item-object-wpml_ls_menu_item menu-item-wpml-ls-25-nl\"><a href=\"https:\/\/guideproject.eu\/nl\/\" title=\"Switch to Dutch\" aria-label=\"Switch to Dutch\" role=\"menuitem\"><i class=\"_mi _before buddyboss bb-icon-l bb-icon-globe\"><\/i><span><img decoding=\"async\"\n            class=\"wpml-ls-flag\"\n            src=\"https:\/\/guideproject.eu\/wp-content\/plugins\/sitepress-multilingual-cms\/res\/flags\/nl.png\"\n            alt=\"Dutch\"\n            \n            \n    \/><\/span><\/a><\/li>\n\t<li id=\"menu-item-wpml-ls-25-de\" class=\"menu-item wpml-ls-slot-25 wpml-ls-item wpml-ls-item-de wpml-ls-menu-item menu-item-type-wpml_ls_menu_item menu-item-object-wpml_ls_menu_item menu-item-wpml-ls-25-de\"><a href=\"https:\/\/guideproject.eu\/de\/\" title=\"Switch to German\" aria-label=\"Switch to German\" role=\"menuitem\"><i class=\"_mi _before buddyboss bb-icon-l bb-icon-globe\"><\/i><span><img decoding=\"async\"\n            class=\"wpml-ls-flag\"\n            src=\"https:\/\/guideproject.eu\/wp-content\/plugins\/sitepress-multilingual-cms\/res\/flags\/de.png\"\n            alt=\"German\"\n            \n            \n    \/><\/span><\/a><\/li>\n\t<li id=\"menu-item-wpml-ls-25-pt-pt\" class=\"menu-item wpml-ls-slot-25 wpml-ls-item wpml-ls-item-pt-pt wpml-ls-menu-item menu-item-type-wpml_ls_menu_item menu-item-object-wpml_ls_menu_item menu-item-wpml-ls-25-pt-pt\"><a href=\"https:\/\/guideproject.eu\/pt-pt\/\" title=\"Switch to Portuguese, Portugal\" aria-label=\"Switch to Portuguese, Portugal\" role=\"menuitem\"><i class=\"_mi _before buddyboss bb-icon-l bb-icon-globe\"><\/i><span><img decoding=\"async\"\n            class=\"wpml-ls-flag\"\n            src=\"https:\/\/guideproject.eu\/wp-content\/plugins\/sitepress-multilingual-cms\/res\/flags\/pt-pt.png\"\n            alt=\"Portuguese, Portugal\"\n            \n            \n    \/><\/span><\/a><\/li>\n\t<li id=\"menu-item-wpml-ls-25-sl\" class=\"menu-item wpml-ls-slot-25 wpml-ls-item wpml-ls-item-sl wpml-ls-menu-item menu-item-type-wpml_ls_menu_item menu-item-object-wpml_ls_menu_item menu-item-wpml-ls-25-sl\"><a href=\"https:\/\/guideproject.eu\/sl\/\" title=\"Switch to Slovenian\" aria-label=\"Switch to Slovenian\" role=\"menuitem\"><i class=\"_mi _before buddyboss bb-icon-l bb-icon-globe\"><\/i><span><img decoding=\"async\"\n            class=\"wpml-ls-flag\"\n            src=\"https:\/\/guideproject.eu\/wp-content\/plugins\/sitepress-multilingual-cms\/res\/flags\/sl.png\"\n            alt=\"Slovenian\"\n            \n            \n    \/><\/span><\/a><\/li>\n\t<li id=\"menu-item-wpml-ls-25-es\" class=\"menu-item wpml-ls-slot-25 wpml-ls-item wpml-ls-item-es wpml-ls-menu-item wpml-ls-last-item menu-item-type-wpml_ls_menu_item menu-item-object-wpml_ls_menu_item menu-item-wpml-ls-25-es\"><a href=\"https:\/\/guideproject.eu\/es\/\" title=\"Switch to Spanish\" aria-label=\"Switch to Spanish\" role=\"menuitem\"><i class=\"_mi _before buddyboss bb-icon-l bb-icon-globe\"><\/i><span><img decoding=\"async\"\n            class=\"wpml-ls-flag\"\n            src=\"https:\/\/guideproject.eu\/wp-content\/plugins\/sitepress-multilingual-cms\/res\/flags\/es.png\"\n            alt=\"Spanish\"\n            \n            \n    \/><\/span><\/a><\/li>\n<\/ul>\n<\/li>\n<\/ul>\t\t<\/nav>\n\n\t<\/div>\n<\/div>\n\t<div class=\"header-search-wrap header-search-wrap--elementor\">\n\t\t<div class=\"container\">\n\t\t\t\n<form role=\"search\" method=\"get\" class=\"search-form\" action=\"https:\/\/guideproject.eu\/da\/\">\n\t<label>\n\t\t<span class=\"screen-reader-text\">Search for:<\/span>\n\t\t<input type=\"search\" class=\"search-field-top\" placeholder=\"Search\" value=\"\" name=\"s\" \/>\n\t<\/label>\n<\/form>\n\t\t\t<a href=\"#\" class=\"close-search\">\n\t\t\t\t<i class=\"bb-icon-rl bb-icon-times\"><\/i>\n\t\t\t\t<span class=\"screen-reader-text\">Close search<\/span>\n\t\t\t<\/a>\n\t\t<\/div>\n\t<\/div>\n<\/div>\n\t\t\t\t<\/div>\n\t\t\t\t<\/div>\n\t\t\t\t<div class=\"elementor-element elementor-element-8041f82 elementor-widget elementor-widget-spacer\" data-id=\"8041f82\" data-element_type=\"widget\" data-widget_type=\"spacer.default\">\n\t\t\t\t<div class=\"elementor-widget-container\">\n\t\t\t\t\t\t\t<div class=\"elementor-spacer\">\n\t\t\t<div class=\"elementor-spacer-inner\"><\/div>\n\t\t<\/div>\n\t\t\t\t\t\t<\/div>\n\t\t\t\t<\/div>\n\t\t\t\t\t<\/div>\n\t\t\t\t<\/div>\n\t\t\t\t<\/div>\n\t\t","protected":false},"excerpt":{"rendered":"<p>Click here Velkommen til selvevalueringsv\u00e6rkt\u00f8jet, der er designet til at hj\u00e6lpe dig og dine vejledte med at udforske og forst\u00e5 eventuelle k\u00f8nsbias, der kan p\u00e5virke&hellip;<\/p>\n","protected":false},"author":3,"featured_media":0,"parent":0,"menu_order":0,"comment_status":"closed","ping_status":"closed","template":"","meta":{"footnotes":""},"class_list":["post-4286","page","type-page","status-publish","hentry"],"_links":{"self":[{"href":"https:\/\/guideproject.eu\/da\/wp-json\/wp\/v2\/pages\/4286","targetHints":{"allow":["GET"]}}],"collection":[{"href":"https:\/\/guideproject.eu\/da\/wp-json\/wp\/v2\/pages"}],"about":[{"href":"https:\/\/guideproject.eu\/da\/wp-json\/wp\/v2\/types\/page"}],"author":[{"embeddable":true,"href":"https:\/\/guideproject.eu\/da\/wp-json\/wp\/v2\/users\/3"}],"replies":[{"embeddable":true,"href":"https:\/\/guideproject.eu\/da\/wp-json\/wp\/v2\/comments?post=4286"}],"version-history":[{"count":38,"href":"https:\/\/guideproject.eu\/da\/wp-json\/wp\/v2\/pages\/4286\/revisions"}],"predecessor-version":[{"id":15675,"href":"https:\/\/guideproject.eu\/da\/wp-json\/wp\/v2\/pages\/4286\/revisions\/15675"}],"wp:attachment":[{"href":"https:\/\/guideproject.eu\/da\/wp-json\/wp\/v2\/media?parent=4286"}],"curies":[{"name":"wp","href":"https:\/\/api.w.org\/{rel}","templated":true}]}}