{"id":1407,"date":"2023-02-13T10:56:52","date_gmt":"2023-02-13T10:56:52","guid":{"rendered":"https:\/\/guideproject.eu\/herangehensweisen-beim-treffen-beruflicher-entscheidungen\/"},"modified":"2024-10-24T09:51:09","modified_gmt":"2024-10-24T09:51:09","slug":"herangehensweisen-beim-treffen-beruflicher-entscheidungen","status":"publish","type":"page","link":"https:\/\/guideproject.eu\/de\/herangehensweisen-beim-treffen-beruflicher-entscheidungen\/","title":{"rendered":"Herangehensweisen beim Treffen beruflicher Entscheidungen"},"content":{"rendered":"\t\t<div data-elementor-type=\"wp-page\" data-elementor-id=\"1407\" class=\"elementor elementor-1407 elementor-644\" data-elementor-post-type=\"page\">\n\t\t\t\t<div class=\"elementor-element elementor-element-d8a0c9b e-flex e-con-boxed e-con e-parent\" data-id=\"d8a0c9b\" data-element_type=\"container\">\n\t\t\t\t\t<div class=\"e-con-inner\">\n\t\t\t\t<div class=\"elementor-element elementor-element-afdb2a3 elementor-widget elementor-widget-spacer\" data-id=\"afdb2a3\" data-element_type=\"widget\" data-widget_type=\"spacer.default\">\n\t\t\t\t<div class=\"elementor-widget-container\">\n\t\t\t\t\t\t\t<div class=\"elementor-spacer\">\n\t\t\t<div class=\"elementor-spacer-inner\"><\/div>\n\t\t<\/div>\n\t\t\t\t\t\t<\/div>\n\t\t\t\t<\/div>\n\t\t\t\t<div class=\"elementor-element elementor-element-a87104e elementor-widget elementor-widget-heading\" data-id=\"a87104e\" data-element_type=\"widget\" data-widget_type=\"heading.default\">\n\t\t\t\t<div class=\"elementor-widget-container\">\n\t\t\t\t\t<h2 class=\"elementor-heading-title elementor-size-default\">Das Co-Creation-Beratungsmodell<\/h2>\t\t\t\t<\/div>\n\t\t\t\t<\/div>\n\t\t\t\t\t<\/div>\n\t\t\t\t<\/div>\n\t\t<div class=\"elementor-element elementor-element-9097599 e-flex e-con-boxed e-con e-parent\" data-id=\"9097599\" data-element_type=\"container\">\n\t\t\t\t\t<div class=\"e-con-inner\">\n\t\t<div class=\"elementor-element elementor-element-8f9f6ff e-con-full e-flex e-con e-child\" data-id=\"8f9f6ff\" data-element_type=\"container\">\n\t\t\t\t<div class=\"elementor-element elementor-element-f5eea14 elementor-view-default elementor-widget elementor-widget-icon\" data-id=\"f5eea14\" data-element_type=\"widget\" data-widget_type=\"icon.default\">\n\t\t\t\t<div class=\"elementor-widget-container\">\n\t\t\t\t\t\t\t<div class=\"elementor-icon-wrapper\">\n\t\t\t<div class=\"elementor-icon elementor-animation-grow\">\n\t\t\t<svg aria-hidden=\"true\" class=\"e-font-icon-svg e-fas-server\" viewBox=\"0 0 512 512\" xmlns=\"http:\/\/www.w3.org\/2000\/svg\"><path d=\"M480 160H32c-17.673 0-32-14.327-32-32V64c0-17.673 14.327-32 32-32h448c17.673 0 32 14.327 32 32v64c0 17.673-14.327 32-32 32zm-48-88c-13.255 0-24 10.745-24 24s10.745 24 24 24 24-10.745 24-24-10.745-24-24-24zm-64 0c-13.255 0-24 10.745-24 24s10.745 24 24 24 24-10.745 24-24-10.745-24-24-24zm112 248H32c-17.673 0-32-14.327-32-32v-64c0-17.673 14.327-32 32-32h448c17.673 0 32 14.327 32 32v64c0 17.673-14.327 32-32 32zm-48-88c-13.255 0-24 10.745-24 24s10.745 24 24 24 24-10.745 24-24-10.745-24-24-24zm-64 0c-13.255 0-24 10.745-24 24s10.745 24 24 24 24-10.745 24-24-10.745-24-24-24zm112 248H32c-17.673 0-32-14.327-32-32v-64c0-17.673 14.327-32 32-32h448c17.673 0 32 14.327 32 32v64c0 17.673-14.327 32-32 32zm-48-88c-13.255 0-24 10.745-24 24s10.745 24 24 24 24-10.745 24-24-10.745-24-24-24zm-64 0c-13.255 0-24 10.745-24 24s10.745 24 24 24 24-10.745 24-24-10.745-24-24-24z\"><\/path><\/svg>\t\t\t<\/div>\n\t\t<\/div>\n\t\t\t\t\t\t<\/div>\n\t\t\t\t<\/div>\n\t\t\t\t<\/div>\n\t\t<div class=\"elementor-element elementor-element-413d3e7 e-con-full e-flex e-con e-child\" data-id=\"413d3e7\" data-element_type=\"container\">\n\t\t\t\t<div class=\"elementor-element elementor-element-f7ac595 elementor-widget elementor-widget-text-editor\" data-id=\"f7ac595\" data-element_type=\"widget\" data-widget_type=\"text-editor.default\">\n\t\t\t\t<div class=\"elementor-widget-container\">\n\t\t\t\t\t\t\t\t\t<p style=\"text-align: justify;\">Das Co-Creation-Beratungsmodell ist um acht (8) Schl\u00fcsselfelder herum aufgebaut, mit denen sich sowohl die Beraterin als auch der Ratsuchende w\u00e4hrend des gesamten Beratungsprozesses besch\u00e4ftigen. Im Mittelpunkt dieses Modells steht die kontinuierliche Reflexion des Beratungsprozesses, wodurch ein kollaboratives Umfeld gef\u00f6rdert wird, in dem beide Parteien aktiv dazu beitragen, neue Erkenntnisse zu gewinnen und informierte Entscheidung zur beruflichen Orientierung zu treffen.<\/p><p style=\"text-align: justify;\">Zus\u00e4tzlich zum Co-Creation-Modell haben wir acht (8) Co-Creation-Dialogkarten entwickelt, die Beratenden und Ratsuchenden helfen, geschlechtsspezifische Einfl\u00fcsse auf die Berufswahl zu ergr\u00fcnden.<\/p><p style=\"text-align: justify;\">Mit Hilfe dieses Modells k\u00f6nnen Beraterinnen einen klaren und strukturierten Prozess anbieten, der die Selbsterkenntnis der Ratsuchenden f\u00f6rdert. Das Co-Creation-Beratungsmodell ist vielseitig und kann an verschiedene Beratungskontexte angepasst werden, um sicherzustellen, dass es die individuellen Bed\u00fcrfnisse jeder ratsuchenden Person ber\u00fccksichtigt.<\/p><p style=\"text-align: justify;\">Lesen\/Downloaden Sie gern das Handbuch. Darin wird beschrieben, wie das Tool verwenden wird. Au\u00dferdem werden die Dialogkarten und beispielhafte Fragen, die die Reflexion anregen k\u00f6nnen, vorgestellt.<\/p>\t\t\t\t\t\t\t\t<\/div>\n\t\t\t\t<\/div>\n\t\t\t\t<div class=\"elementor-element elementor-element-1a80647 elementor-align-center elementor-widget elementor-widget-button\" data-id=\"1a80647\" data-element_type=\"widget\" data-widget_type=\"button.default\">\n\t\t\t\t<div class=\"elementor-widget-container\">\n\t\t\t\t\t\t\t\t\t<div class=\"elementor-button-wrapper\">\n\t\t\t\t\t<a class=\"elementor-button elementor-button-link elementor-size-sm\" href=\"https:\/\/guideproject.eu\/wp-content\/uploads\/2024\/10\/06-WP3.3_GUIDE_Manual_DE.pdf\" target=\"_blank\">\n\t\t\t\t\t\t<span class=\"elementor-button-content-wrapper\">\n\t\t\t\t\t\t\t\t\t<span class=\"elementor-button-text\">Handbuch<\/span>\n\t\t\t\t\t<\/span>\n\t\t\t\t\t<\/a>\n\t\t\t\t<\/div>\n\t\t\t\t\t\t\t\t<\/div>\n\t\t\t\t<\/div>\n\t\t\t\t<div class=\"elementor-element elementor-element-64c454d elementor-align-center elementor-widget elementor-widget-button\" data-id=\"64c454d\" data-element_type=\"widget\" data-widget_type=\"button.default\">\n\t\t\t\t<div class=\"elementor-widget-container\">\n\t\t\t\t\t\t\t\t\t<div class=\"elementor-button-wrapper\">\n\t\t\t\t\t<a class=\"elementor-button elementor-button-link elementor-size-sm\" href=\"https:\/\/guideproject.eu\/wp-content\/uploads\/2024\/10\/06-GUIDE_WP3_User_Guide_DE-1.pdf\" target=\"_blank\">\n\t\t\t\t\t\t<span class=\"elementor-button-content-wrapper\">\n\t\t\t\t\t\t\t\t\t<span class=\"elementor-button-text\">Schritt f\u00fcr Schritt Anleitung f\u00fcr das Tool<\/span>\n\t\t\t\t\t<\/span>\n\t\t\t\t\t<\/a>\n\t\t\t\t<\/div>\n\t\t\t\t\t\t\t\t<\/div>\n\t\t\t\t<\/div>\n\t\t\t\t<div class=\"elementor-element elementor-element-dd36b80 elementor-align-center elementor-widget elementor-widget-button\" data-id=\"dd36b80\" data-element_type=\"widget\" data-widget_type=\"button.default\">\n\t\t\t\t<div class=\"elementor-widget-container\">\n\t\t\t\t\t\t\t\t\t<div class=\"elementor-button-wrapper\">\n\t\t\t\t\t<a class=\"elementor-button elementor-button-link elementor-size-sm\" href=\"https:\/\/guideproject.eu\/de\/co-creation-model\/\">\n\t\t\t\t\t\t<span class=\"elementor-button-content-wrapper\">\n\t\t\t\t\t\t\t\t\t<span class=\"elementor-button-text\">Hier geht\u2019s zum Digitalen Tool<\/span>\n\t\t\t\t\t<\/span>\n\t\t\t\t\t<\/a>\n\t\t\t\t<\/div>\n\t\t\t\t\t\t\t\t<\/div>\n\t\t\t\t<\/div>\n\t\t\t\t<\/div>\n\t\t\t\t\t<\/div>\n\t\t\t\t<\/div>\n\t\t\t\t<\/div>\n\t\t","protected":false},"excerpt":{"rendered":"<p>Das Co-Creation-Beratungsmodell Das Co-Creation-Beratungsmodell ist um acht (8) Schl\u00fcsselfelder herum aufgebaut, mit denen sich sowohl die Beraterin als auch der Ratsuchende w\u00e4hrend des gesamten Beratungsprozesses&hellip;<\/p>\n","protected":false},"author":1,"featured_media":0,"parent":0,"menu_order":0,"comment_status":"closed","ping_status":"closed","template":"elementor_header_footer","meta":{"footnotes":""},"class_list":["post-1407","page","type-page","status-publish","hentry"],"_links":{"self":[{"href":"https:\/\/guideproject.eu\/de\/wp-json\/wp\/v2\/pages\/1407","targetHints":{"allow":["GET"]}}],"collection":[{"href":"https:\/\/guideproject.eu\/de\/wp-json\/wp\/v2\/pages"}],"about":[{"href":"https:\/\/guideproject.eu\/de\/wp-json\/wp\/v2\/types\/page"}],"author":[{"embeddable":true,"href":"https:\/\/guideproject.eu\/de\/wp-json\/wp\/v2\/users\/1"}],"replies":[{"embeddable":true,"href":"https:\/\/guideproject.eu\/de\/wp-json\/wp\/v2\/comments?post=1407"}],"version-history":[{"count":41,"href":"https:\/\/guideproject.eu\/de\/wp-json\/wp\/v2\/pages\/1407\/revisions"}],"predecessor-version":[{"id":11901,"href":"https:\/\/guideproject.eu\/de\/wp-json\/wp\/v2\/pages\/1407\/revisions\/11901"}],"wp:attachment":[{"href":"https:\/\/guideproject.eu\/de\/wp-json\/wp\/v2\/media?parent=1407"}],"curies":[{"name":"wp","href":"https:\/\/api.w.org\/{rel}","templated":true}]}}