{"id":4290,"date":"2023-07-20T10:37:18","date_gmt":"2023-07-20T10:37:18","guid":{"rendered":"https:\/\/guideproject.eu\/digitales-tool-zur-identifizierung-von-stereotypen-bei-karriereentscheidungen\/"},"modified":"2025-10-01T11:05:05","modified_gmt":"2025-10-01T11:05:05","slug":"digitales-tool-zur-identifizierung-von-stereotypen-bei-karriereentscheidungen","status":"publish","type":"page","link":"https:\/\/guideproject.eu\/de\/digitales-tool-zur-identifizierung-von-stereotypen-bei-karriereentscheidungen\/","title":{"rendered":"Digitales Tool zur Identifizierung von Stereotypen in der beruflichen Orientierung"},"content":{"rendered":"\t\t<div data-elementor-type=\"wp-page\" data-elementor-id=\"4290\" class=\"elementor elementor-4290 elementor-2536\" data-elementor-post-type=\"page\">\n\t\t\t\t<div class=\"plus-conditions--hidden elementor-element elementor-element-2bc5270 e-flex e-con-boxed e-con e-parent\" data-id=\"2bc5270\" data-element_type=\"container\" data-settings=\"{&quot;tp_display_rules_enable&quot;:&quot;yes&quot;,&quot;tp_display_rules_output&quot;:&quot;yes&quot;}\">\n\t\t\t\t\t<div class=\"e-con-inner\">\n\t\t\t\t<div class=\"elementor-element elementor-element-23cfee3 elementor-widget elementor-widget-image\" data-id=\"23cfee3\" data-element_type=\"widget\" data-widget_type=\"image.default\">\n\t\t\t\t<div class=\"elementor-widget-container\">\n\t\t\t\t\t\t\t\t\t\t\t\t\t\t\t<img fetchpriority=\"high\" decoding=\"async\" width=\"1300\" height=\"225\" src=\"https:\/\/guideproject.eu\/wp-content\/uploads\/2024\/04\/FEATURED-Self-\u2013-Assessment-Tool.jpg\" class=\"attachment-full size-full wp-image-5052\" alt=\"\" srcset=\"https:\/\/guideproject.eu\/wp-content\/uploads\/2024\/04\/FEATURED-Self-\u2013-Assessment-Tool.jpg 1300w, https:\/\/guideproject.eu\/wp-content\/uploads\/2024\/04\/FEATURED-Self-\u2013-Assessment-Tool-300x52.jpg 300w, https:\/\/guideproject.eu\/wp-content\/uploads\/2024\/04\/FEATURED-Self-\u2013-Assessment-Tool-1024x177.jpg 1024w, https:\/\/guideproject.eu\/wp-content\/uploads\/2024\/04\/FEATURED-Self-\u2013-Assessment-Tool-768x133.jpg 768w, https:\/\/guideproject.eu\/wp-content\/uploads\/2024\/04\/FEATURED-Self-\u2013-Assessment-Tool-624x108.jpg 624w\" sizes=\"(max-width: 1300px) 100vw, 1300px\" \/>\t\t\t\t\t\t\t\t\t\t\t\t\t\t\t<\/div>\n\t\t\t\t<\/div>\n\t\t\t\t<div class=\"elementor-element elementor-element-c98beb3 elementor-hidden-desktop elementor-hidden-tablet elementor-hidden-mobile elementor-widget elementor-widget-button\" data-id=\"c98beb3\" data-element_type=\"widget\" data-widget_type=\"button.default\">\n\t\t\t\t<div class=\"elementor-widget-container\">\n\t\t\t\t\t\t\t\t\t<div class=\"elementor-button-wrapper\">\n\t\t\t\t\t<a class=\"elementor-button elementor-button-link elementor-size-sm\" href=\"#elementor-action%3Aaction%3Dpopup%3Aopen%26settings%3DeyJpZCI6Mzg4MCwidG9nZ2xlIjpmYWxzZX0%3D\">\n\t\t\t\t\t\t<span class=\"elementor-button-content-wrapper\">\n\t\t\t\t\t\t\t\t\t<span class=\"elementor-button-text\">Click here<\/span>\n\t\t\t\t\t<\/span>\n\t\t\t\t\t<\/a>\n\t\t\t\t<\/div>\n\t\t\t\t\t\t\t\t<\/div>\n\t\t\t\t<\/div>\n\t\t\t\t<div class=\"elementor-element elementor-element-562aa1d elementor-widget elementor-widget-text-editor\" data-id=\"562aa1d\" data-element_type=\"widget\" data-widget_type=\"text-editor.default\">\n\t\t\t\t<div class=\"elementor-widget-container\">\n\t\t\t\t\t<div class=\"bb-theme-elementor-wrap bb-elementor-custom-size\">\t\t\t\t<p><strong>Willkommen beim Self-Assessment Tool, das Sie und Ihre Berufsbera*in dabei unterst\u00fctzen soll, m\u00f6gliche geschlechtsspezifische Vorurteile, die sich auf ihre Berufsentscheidungen auswirken k\u00f6nnen, zu identifizieren und zu verstehen. Dieses Tool ist Teil des Bildungsprojekts &#8220;GUIDE &#8211; Verbesserung der Kompetenzen von Fachkr\u00e4ften f\u00fcr eine geschlechtersensible Berufsberatung&#8221;, das darauf abzielt, Menschen zu bef\u00e4higen, die Entscheidung f\u00fcr einen Beruf auf der Grundlage ihrer Interessen und F\u00e4higkeiten und nicht aufgrund ihres Geschlechts zu treffen.<\/strong><\/p><p><strong>Das Instrument befasst sich mit zwei Dimensionen von Vorurteilen: explizite und implizite Assoziationen. Explizite Vorurteile umfassen bewusste \u00dcberzeugungen und Einstellungen, w\u00e4hrend implizite Vorurteile unbewusste Assoziationen oder Stereotypen sind, die durch gesellschaftliche Faktoren beeinflusst werden. Indem wir beide Dimensionen ber\u00fccksichtigen, wollen wir einen umfassenden Einblick in die Auswirkungen von Vorurteilen auf die berufliche Orientierung geben.<\/strong><\/p><p>Das Ausf\u00fcllen des Selbsteinsch\u00e4tzungs-Tools dient als erster Schritt zur Erkundung oberfl\u00e4chlicher geschlechtsspezifischer Vorurteile. Die Fragen sind bewusst stereotyp formuliert, um ehrliche Antworten zu erhalten. Anschlie\u00dfend erhalten Sie eine individuelle Auswertung Ihrer Ergebnisse, der den Auspr\u00e4gungsgrad von stereotypen Denken aufzeigt. Dieser Bericht dient als wertvolle Ressource f\u00fcr Berufsberater*innen und erm\u00f6glicht es, eine auf die Bed\u00fcrfnisse und das Potenzial jedes Einzelnen zugeschnittene Beratung anzubieten, die geschlechtsspezifische Vorurteile adressiert.<\/p>\t\t\t\t<\/div>\t\t\t\t<\/div>\n\t\t\t\t<\/div>\n\t\t\t\t<div class=\"elementor-element elementor-element-bfb7204 elementor-align-center elementor-widget elementor-widget-button\" data-id=\"bfb7204\" data-element_type=\"widget\" data-widget_type=\"button.default\">\n\t\t\t\t<div class=\"elementor-widget-container\">\n\t\t\t\t\t\t\t\t\t<div class=\"elementor-button-wrapper\">\n\t\t\t\t\t<a class=\"elementor-button elementor-button-link elementor-size-sm\" href=\"https:\/\/guideproject.eu\/wp-content\/uploads\/2024\/03\/GUIDE_WP2_Annex_DE.pdf\" target=\"_blank\">\n\t\t\t\t\t\t<span class=\"elementor-button-content-wrapper\">\n\t\t\t\t\t\t\t\t\t<span class=\"elementor-button-text\">Annex<\/span>\n\t\t\t\t\t<\/span>\n\t\t\t\t\t<\/a>\n\t\t\t\t<\/div>\n\t\t\t\t\t\t\t\t<\/div>\n\t\t\t\t<\/div>\n\t\t\t\t<div class=\"elementor-element elementor-element-5cc5d16 elementor-align-center elementor-widget elementor-widget-button\" data-id=\"5cc5d16\" data-element_type=\"widget\" data-widget_type=\"button.default\">\n\t\t\t\t<div class=\"elementor-widget-container\">\n\t\t\t\t\t\t\t\t\t<div class=\"elementor-button-wrapper\">\n\t\t\t\t\t<a class=\"elementor-button elementor-button-link elementor-size-sm\" href=\"https:\/\/guideproject.eu\/de\/einladung\/\">\n\t\t\t\t\t\t<span class=\"elementor-button-content-wrapper\">\n\t\t\t\t\t\t\t\t\t<span class=\"elementor-button-text\">Einladung senden<\/span>\n\t\t\t\t\t<\/span>\n\t\t\t\t\t<\/a>\n\t\t\t\t<\/div>\n\t\t\t\t\t\t\t\t<\/div>\n\t\t\t\t<\/div>\n\t\t\t\t<div class=\"elementor-element elementor-element-964e5ae elementor-widget elementor-widget-text-editor\" data-id=\"964e5ae\" data-element_type=\"widget\" data-widget_type=\"text-editor.default\">\n\t\t\t\t<div class=\"elementor-widget-container\">\n\t\t\t\t\t<div class=\"bb-theme-elementor-wrap bb-elementor-custom-size\">\t\t\t\t<p>Wir m\u00f6chten Sie ermutigen, den Ratsuchenden dieses Instrument vorzustellen und sie durch den Selbstbewertungsprozess zu f\u00fchren (indem Sie das digitale Tool zur Identifizierung von Stereotypen bei Berufsentscheidungen verwenden). Indem Sie offen und ehrliche Unterst\u00fctzung, Interesse und Gespr\u00e4chsbereitschaft signalisieren, tragen Sie zu einer stimmigen beruflichen Orientierung bei. Die Bearbeitung des Fragebogens dauert ca. 10 Minuten.<\/p><p>Alle Informationen, die im Rahmen dieser Abfrage erhoben werden, werden ausschlie\u00dflich von der GUIDE Projektpartnerschaft verwendet. Wir werden die pers\u00f6nlichen Daten einer Person nicht an Dritte verkaufen, tauschen oder weitergeben. Die Projektpartnerschaft von GUIDE respektiert die Datenschutzrechte der Nutzer des Tools in \u00dcbereinstimmung mit der Allgemeinen Datenschutzverordnung 2016\/679\/EU und dem aktuellen nationalen und europ\u00e4ischen Rechts- und Regulierungsrahmen f\u00fcr den Schutz personenbezogener Daten.<\/p>\t\t\t\t<\/div>\t\t\t\t<\/div>\n\t\t\t\t<\/div>\n\t\t\t\t<div class=\"elementor-element elementor-element-3da323e elementor-widget elementor-widget-spacer\" data-id=\"3da323e\" data-element_type=\"widget\" data-widget_type=\"spacer.default\">\n\t\t\t\t<div class=\"elementor-widget-container\">\n\t\t\t\t\t\t\t<div class=\"elementor-spacer\">\n\t\t\t<div class=\"elementor-spacer-inner\"><\/div>\n\t\t<\/div>\n\t\t\t\t\t\t<\/div>\n\t\t\t\t<\/div>\n\t\t\t\t<div class=\"elementor-element elementor-element-e104609 elementor-align-center elementor-widget elementor-widget-button\" data-id=\"e104609\" data-element_type=\"widget\" data-widget_type=\"button.default\">\n\t\t\t\t<div class=\"elementor-widget-container\">\n\t\t\t\t\t\t\t\t\t<div class=\"elementor-button-wrapper\">\n\t\t\t\t\t<a class=\"elementor-button elementor-button-link elementor-size-sm\" href=\"https:\/\/guideproject.eu\/de\/view\/counselor-view-de\/\">\n\t\t\t\t\t\t<span class=\"elementor-button-content-wrapper\">\n\t\t\t\t\t\t\t\t\t<span class=\"elementor-button-text\">Ergebnisse einsehen<\/span>\n\t\t\t\t\t<\/span>\n\t\t\t\t\t<\/a>\n\t\t\t\t<\/div>\n\t\t\t\t\t\t\t\t<\/div>\n\t\t\t\t<\/div>\n\t\t\t\t<div class=\"elementor-element elementor-element-e43e647 elementor-widget elementor-widget-spacer\" data-id=\"e43e647\" data-element_type=\"widget\" data-widget_type=\"spacer.default\">\n\t\t\t\t<div class=\"elementor-widget-container\">\n\t\t\t\t\t\t\t<div class=\"elementor-spacer\">\n\t\t\t<div class=\"elementor-spacer-inner\"><\/div>\n\t\t<\/div>\n\t\t\t\t\t\t<\/div>\n\t\t\t\t<\/div>\n\t\t\t\t<div class=\"elementor-element elementor-element-fb781ff elementor-widget elementor-widget-text-editor\" data-id=\"fb781ff\" data-element_type=\"widget\" data-widget_type=\"text-editor.default\">\n\t\t\t\t<div class=\"elementor-widget-container\">\n\t\t\t\t\t\t\t\t\t<p style=\"text-align: center;\"><strong>Vielen Dank, dass Sie sich mit uns auf den Weg gemacht haben, um geschlechtsspezifische Vorurteile in der beruflichen Orientierung abzubauen.<\/strong><\/p><p style=\"text-align: center;\">Sorgen wir daf\u00fcr, dass alle Geschlechter in die Lage versetzt werden, ihre Chancen auf der Grundlage ihrer Interessen und F\u00e4higkeiten und nicht ihres Geschlechts zu nutzen.<\/p>\t\t\t\t\t\t\t\t<\/div>\n\t\t\t\t<\/div>\n\t\t\t\t<div class=\"elementor-element elementor-element-8c75e32 elementor-widget elementor-widget-spacer\" data-id=\"8c75e32\" data-element_type=\"widget\" data-widget_type=\"spacer.default\">\n\t\t\t\t<div class=\"elementor-widget-container\">\n\t\t\t\t\t\t\t<div class=\"elementor-spacer\">\n\t\t\t<div class=\"elementor-spacer-inner\"><\/div>\n\t\t<\/div>\n\t\t\t\t\t\t<\/div>\n\t\t\t\t<\/div>\n\t\t\t\t\t<\/div>\n\t\t\t\t<\/div>\n\t\t<div class=\"elementor-element elementor-element-6a26d77 e-flex e-con-boxed e-con e-parent\" data-id=\"6a26d77\" data-element_type=\"container\" data-settings=\"{&quot;tp_display_rules_enable&quot;:&quot;yes&quot;,&quot;tp_display_rules_output&quot;:&quot;yes&quot;}\">\n\t\t\t\t\t<div class=\"e-con-inner\">\n\t\t\t\t<div class=\"elementor-element elementor-element-b438630 elementor-widget elementor-widget-spacer\" data-id=\"b438630\" data-element_type=\"widget\" data-widget_type=\"spacer.default\">\n\t\t\t\t<div class=\"elementor-widget-container\">\n\t\t\t\t\t\t\t<div class=\"elementor-spacer\">\n\t\t\t<div class=\"elementor-spacer-inner\"><\/div>\n\t\t<\/div>\n\t\t\t\t\t\t<\/div>\n\t\t\t\t<\/div>\n\t\t\t\t<div class=\"elementor-element elementor-element-9b63708 elementor-widget elementor-widget-text-editor\" data-id=\"9b63708\" data-element_type=\"widget\" data-settings=\"{&quot;tp_display_rules_enable&quot;:&quot;yes&quot;,&quot;tp_display_rules_output&quot;:&quot;yes&quot;}\" data-widget_type=\"text-editor.default\">\n\t\t\t\t<div class=\"elementor-widget-container\">\n\t\t\t\t\t\t\t\t\t<p style=\"text-align: center;\">Bitte registrieren Sie sich, um Zugang zu erhalten.<\/p>\t\t\t\t\t\t\t\t<\/div>\n\t\t\t\t<\/div>\n\t\t\t\t<div class=\"elementor-element elementor-element-ed16458 elementor-widget elementor-widget-header-bar\" data-id=\"ed16458\" data-element_type=\"widget\" data-widget_type=\"header-bar.default\">\n\t\t\t\t<div class=\"elementor-widget-container\">\n\t\t\t\t\t\n<div class=\"site-header site-header--elementor icon-fill-in site-header--align-right avatar-none\" data-search-icon=\"\" data-messages-icon=\"\" data-notifications-icon=\"\" data-cart-icon=\"\" data-dark-icon=\"\" data-sidebartoggle-icon=\"\">\n\n\t\n\t\t\t\t\t\n<div id=\"header-aside\" class=\"header-aside avatar\">\n\t<div class=\"header-aside-inner\">\n\n\t\t\n\t\t\t\t\t\t\t<a href=\"#\" class=\"header-search-link\" data-balloon-pos=\"down\" data-balloon=\"Search\" aria-label=\"Search\"><i class=\"bb-icon-l bb-icon-search\"><\/i><\/a>\n\t\t\t\t<span class=\"search-separator bb-separator\"><\/span>\n\t\t\t\t\t\t\t\t<div class=\"bb-header-buttons\">\n\t\t\t\t\t<a href=\"https:\/\/guideproject.eu\/de\/wp-login.php\" class=\"button small outline signin-button link\">Anmelden<\/a>\n\n\t\t\t\t\t\t\t\t\t\t\t<a href=\"https:\/\/guideproject.eu\/de\/registrieren\/\" class=\"button small signup\">Registrieren<\/a>\n\t\t\t\t\t\t\t\t\t<\/div>\n\t\t\t\n\t<\/div><!-- .header-aside-inner -->\n<\/div><!-- #header-aside -->\n\t\n\t\n\t\n<div class=\"bb-mobile-header-wrapper bb-single-icon\">\n\t<div class=\"bb-mobile-header flex align-items-center\">\n\t\t<div class=\"bb-left-panel-icon-wrap\">\n\t\t\t<a href=\"#\" class=\"push-left bb-left-panel-mobile\" aria-label=\"Open Menu\"><i class=\"bb-icon-l bb-icon-bars\"><\/i><\/a>\n\t\t<\/div>\n\n\t\t<div class=\"flex-1 mobile-logo-wrapper\">\n\t\t\t\n\t\t\t<div class=\"site-title\">\n\n\t\t\t\t<a href=\"https:\/\/guideproject.eu\/de\/\" rel=\"home\">\n\t\t\t\t\t<img decoding=\"async\" width=\"520\" height=\"238\" src=\"https:\/\/guideproject.eu\/wp-content\/uploads\/2023\/01\/guide-logo-h.png\" class=\"bb-mobile-logo\" alt=\"\" srcset=\"https:\/\/guideproject.eu\/wp-content\/uploads\/2023\/01\/guide-logo-h.png 520w, https:\/\/guideproject.eu\/wp-content\/uploads\/2023\/01\/guide-logo-h-300x137.png 300w\" sizes=\"(max-width: 520px) 100vw, 520px\" \/>\t\t\t\t<\/a>\n\n\t\t\t<\/div>\n\t\t<\/div>\n\t\t<div class=\"header-aside\">\n\t\t\t\t\t\t\t\t<a data-balloon-pos=\"left\" data-balloon=\"Search\" aria-label=\"Search\" href=\"#\" class=\"push-right header-search-link\"><i class=\"bb-icon-l bb-icon-search\"><\/i><\/a>\n\t\t\t\t\t\t\t<\/div>\n\t<\/div>\n\n\t<div class=\"header-search-wrap\">\n\t\t<div class=\"container\">\n\t\t\t\n<form role=\"search\" method=\"get\" class=\"search-form\" action=\"https:\/\/guideproject.eu\/de\/\">\n\t<label>\n\t\t<span class=\"screen-reader-text\">Search for:<\/span>\n\t\t<input type=\"search\" class=\"search-field-top\" placeholder=\"Search\" value=\"\" name=\"s\" \/>\n\t<\/label>\n<\/form>\n\t\t\t<a data-balloon-pos=\"left\" data-balloon=\"Close\" href=\"#\" class=\"close-search\"><i class=\"bb-icon-l bb-icon-times\"><\/i><\/a>\n\t\t<\/div>\n\t<\/div>\n<\/div>\n\n<div class=\"bb-mobile-panel-wrapper left light closed\">\n\t<div class=\"bb-mobile-panel-inner\">\n\t\t<div class=\"bb-mobile-panel-header\">\n\t\t\t\t\t\t\t<div class=\"logo-wrap\">\n\t\t\t\t\t<a href=\"https:\/\/guideproject.eu\/de\/\" rel=\"home\">\n\t\t\t\t\t\t<img decoding=\"async\" width=\"520\" height=\"238\" src=\"https:\/\/guideproject.eu\/wp-content\/uploads\/2023\/01\/guide-logo-h.png\" class=\"bb-mobile-logo\" alt=\"\" srcset=\"https:\/\/guideproject.eu\/wp-content\/uploads\/2023\/01\/guide-logo-h.png 520w, https:\/\/guideproject.eu\/wp-content\/uploads\/2023\/01\/guide-logo-h-300x137.png 300w\" sizes=\"(max-width: 520px) 100vw, 520px\" \/>\t\t\t\t\t<\/a>\n\t\t\t\t<\/div>\n\t\t\t\t\t\t<a href=\"#\" class=\"bb-close-panel\" aria-label=\"Close Menu\"><i class=\"bb-icon-l bb-icon-times\"><\/i><\/a>\n\t\t<\/div>\n\n\t\t<nav class=\"main-navigation\" data-menu-space=\"120\">\n\t\t\t<ul id=\"menu-menu-de\" class=\"bb-primary-menu mobile-menu buddypanel-menu side-panel-menu\"><li id=\"menu-item-1438\" class=\"menu-item menu-item-type-post_type menu-item-object-page menu-item-1438\"><a href=\"https:\/\/guideproject.eu\/de\/ueber-das-projekt\/\">\u00dcber das Projekt<\/a><\/li>\n<li id=\"menu-item-1439\" class=\"menu-item menu-item-type-post_type menu-item-object-page menu-item-1439\"><a href=\"https:\/\/guideproject.eu\/de\/partner\/\">Partner<\/a><\/li>\n<li id=\"menu-item-1440\" class=\"menu-item menu-item-type-custom menu-item-object-custom menu-item-has-children menu-item-1440\"><a href=\"#\">Tools<\/a>\n<ul class=\"sub-menu\">\n\t<li id=\"menu-item-1441\" class=\"menu-item menu-item-type-post_type menu-item-object-page menu-item-1441\"><a href=\"https:\/\/guideproject.eu\/de\/identifizieren-wir-stereotypen-bei-beruflichen-entscheidungen\/\"><i class=\"_mi _before bb-icon-l buddyboss bb-icon-search-plus\" aria-hidden=\"true\"><\/i><span>Digitales Tool zur Identifizierung von Stereotypen in der beruflichen Orientierung<\/span><\/a><\/li>\n\t<li id=\"menu-item-1442\" class=\"menu-item menu-item-type-post_type menu-item-object-page menu-item-1442\"><a href=\"https:\/\/guideproject.eu\/de\/herangehensweisen-beim-treffen-beruflicher-entscheidungen\/\"><i class=\"_mi _before bb-icon-l buddyboss bb-icon-article\" aria-hidden=\"true\"><\/i><span>Das Co-Creation-Beratungsmodell<\/span><\/a><\/li>\n\t<li id=\"menu-item-1443\" class=\"menu-item menu-item-type-post_type menu-item-object-page menu-item-1443\"><a href=\"https:\/\/guideproject.eu\/de\/genderstereotypsensible-berufsberatung\/\"><i class=\"_mi _before bb-icon-l buddyboss bb-icon-graduation-cap\" aria-hidden=\"true\"><\/i><span>Genderstereotypsensible Berufsberatung<\/span><\/a><\/li>\n\t<li id=\"menu-item-1444\" class=\"menu-item menu-item-type-post_type menu-item-object-page menu-item-1444\"><a href=\"https:\/\/guideproject.eu\/de\/geschlechterstereotypsensibles-toolkit-fuer-die-berufsberatung\/\"><i class=\"_mi _before bb-icon-l buddyboss bb-icon-list\" aria-hidden=\"true\"><\/i><span>Geschlechterstereotypsensibles Toolkit f\u00fcr die Berufsberatung<\/span><\/a><\/li>\n<\/ul>\n<\/li>\n<li id=\"menu-item-1445\" class=\"menu-item menu-item-type-post_type menu-item-object-page menu-item-1445\"><a href=\"https:\/\/guideproject.eu\/de\/neuigkeiten\/\">Neuigkeiten<\/a><\/li>\n<li id=\"menu-item-1446\" class=\"menu-item menu-item-type-post_type menu-item-object-page menu-item-1446\"><a href=\"https:\/\/guideproject.eu\/de\/kontakt\/\">Kontakt<\/a><\/li>\n<li id=\"menu-item-wpml-ls-25-de\" class=\"menu-item wpml-ls-slot-25 wpml-ls-item wpml-ls-item-de wpml-ls-current-language wpml-ls-menu-item menu-item-type-wpml_ls_menu_item menu-item-object-wpml_ls_menu_item menu-item-has-children menu-item-wpml-ls-25-de\"><a href=\"https:\/\/guideproject.eu\/de\/\" role=\"menuitem\"><i class=\"_mi _before buddyboss bb-icon-l bb-icon-globe\"><\/i><span><img decoding=\"async\"\n            class=\"wpml-ls-flag\"\n            src=\"https:\/\/guideproject.eu\/wp-content\/plugins\/sitepress-multilingual-cms\/res\/flags\/de.png\"\n            alt=\"Deutsch\"\n            \n            \n    \/><\/span><\/a>\n<ul class=\"sub-menu\">\n\t<li id=\"menu-item-wpml-ls-25-en\" class=\"menu-item wpml-ls-slot-25 wpml-ls-item wpml-ls-item-en wpml-ls-menu-item wpml-ls-first-item menu-item-type-wpml_ls_menu_item menu-item-object-wpml_ls_menu_item menu-item-wpml-ls-25-en\"><a href=\"https:\/\/guideproject.eu\/\" title=\"Zu Englisch wechseln\" aria-label=\"Zu Englisch wechseln\" role=\"menuitem\"><i class=\"_mi _before buddyboss bb-icon-l bb-icon-globe\"><\/i><span><img decoding=\"async\"\n            class=\"wpml-ls-flag\"\n            src=\"https:\/\/guideproject.eu\/wp-content\/plugins\/sitepress-multilingual-cms\/res\/flags\/en.png\"\n            alt=\"Englisch\"\n            \n            \n    \/><\/span><\/a><\/li>\n\t<li id=\"menu-item-wpml-ls-25-el\" class=\"menu-item wpml-ls-slot-25 wpml-ls-item wpml-ls-item-el wpml-ls-menu-item menu-item-type-wpml_ls_menu_item menu-item-object-wpml_ls_menu_item menu-item-wpml-ls-25-el\"><a href=\"https:\/\/guideproject.eu\/el\/\" title=\"Zu Griechisch wechseln\" aria-label=\"Zu Griechisch wechseln\" role=\"menuitem\"><i class=\"_mi _before buddyboss bb-icon-l bb-icon-globe\"><\/i><span><img decoding=\"async\"\n            class=\"wpml-ls-flag\"\n            src=\"https:\/\/guideproject.eu\/wp-content\/plugins\/sitepress-multilingual-cms\/res\/flags\/el.png\"\n            alt=\"Griechisch\"\n            \n            \n    \/><\/span><\/a><\/li>\n\t<li id=\"menu-item-wpml-ls-25-da\" class=\"menu-item wpml-ls-slot-25 wpml-ls-item wpml-ls-item-da wpml-ls-menu-item menu-item-type-wpml_ls_menu_item menu-item-object-wpml_ls_menu_item menu-item-wpml-ls-25-da\"><a href=\"https:\/\/guideproject.eu\/da\/\" title=\"Zu D\u00e4nisch wechseln\" aria-label=\"Zu D\u00e4nisch wechseln\" role=\"menuitem\"><i class=\"_mi _before buddyboss bb-icon-l bb-icon-globe\"><\/i><span><img decoding=\"async\"\n            class=\"wpml-ls-flag\"\n            src=\"https:\/\/guideproject.eu\/wp-content\/plugins\/sitepress-multilingual-cms\/res\/flags\/da.png\"\n            alt=\"D\u00e4nisch\"\n            \n            \n    \/><\/span><\/a><\/li>\n\t<li id=\"menu-item-wpml-ls-25-nl\" class=\"menu-item wpml-ls-slot-25 wpml-ls-item wpml-ls-item-nl wpml-ls-menu-item menu-item-type-wpml_ls_menu_item menu-item-object-wpml_ls_menu_item menu-item-wpml-ls-25-nl\"><a href=\"https:\/\/guideproject.eu\/nl\/\" title=\"Zu Niederl\u00e4ndisch wechseln\" aria-label=\"Zu Niederl\u00e4ndisch wechseln\" role=\"menuitem\"><i class=\"_mi _before buddyboss bb-icon-l bb-icon-globe\"><\/i><span><img decoding=\"async\"\n            class=\"wpml-ls-flag\"\n            src=\"https:\/\/guideproject.eu\/wp-content\/plugins\/sitepress-multilingual-cms\/res\/flags\/nl.png\"\n            alt=\"Niederl\u00e4ndisch\"\n            \n            \n    \/><\/span><\/a><\/li>\n\t<li id=\"menu-item-wpml-ls-25-pt-pt\" class=\"menu-item wpml-ls-slot-25 wpml-ls-item wpml-ls-item-pt-pt wpml-ls-menu-item menu-item-type-wpml_ls_menu_item menu-item-object-wpml_ls_menu_item menu-item-wpml-ls-25-pt-pt\"><a href=\"https:\/\/guideproject.eu\/pt-pt\/\" title=\"Zu Portugiesisch, Portugal wechseln\" aria-label=\"Zu Portugiesisch, Portugal wechseln\" role=\"menuitem\"><i class=\"_mi _before buddyboss bb-icon-l bb-icon-globe\"><\/i><span><img decoding=\"async\"\n            class=\"wpml-ls-flag\"\n            src=\"https:\/\/guideproject.eu\/wp-content\/plugins\/sitepress-multilingual-cms\/res\/flags\/pt-pt.png\"\n            alt=\"Portugiesisch, Portugal\"\n            \n            \n    \/><\/span><\/a><\/li>\n\t<li id=\"menu-item-wpml-ls-25-sl\" class=\"menu-item wpml-ls-slot-25 wpml-ls-item wpml-ls-item-sl wpml-ls-menu-item menu-item-type-wpml_ls_menu_item menu-item-object-wpml_ls_menu_item menu-item-wpml-ls-25-sl\"><a href=\"https:\/\/guideproject.eu\/sl\/\" title=\"Zu Slowenisch wechseln\" aria-label=\"Zu Slowenisch wechseln\" role=\"menuitem\"><i class=\"_mi _before buddyboss bb-icon-l bb-icon-globe\"><\/i><span><img decoding=\"async\"\n            class=\"wpml-ls-flag\"\n            src=\"https:\/\/guideproject.eu\/wp-content\/plugins\/sitepress-multilingual-cms\/res\/flags\/sl.png\"\n            alt=\"Slowenisch\"\n            \n            \n    \/><\/span><\/a><\/li>\n\t<li id=\"menu-item-wpml-ls-25-es\" class=\"menu-item wpml-ls-slot-25 wpml-ls-item wpml-ls-item-es wpml-ls-menu-item wpml-ls-last-item menu-item-type-wpml_ls_menu_item menu-item-object-wpml_ls_menu_item menu-item-wpml-ls-25-es\"><a href=\"https:\/\/guideproject.eu\/es\/\" title=\"Zu Spanisch wechseln\" aria-label=\"Zu Spanisch wechseln\" role=\"menuitem\"><i class=\"_mi _before buddyboss bb-icon-l bb-icon-globe\"><\/i><span><img decoding=\"async\"\n            class=\"wpml-ls-flag\"\n            src=\"https:\/\/guideproject.eu\/wp-content\/plugins\/sitepress-multilingual-cms\/res\/flags\/es.png\"\n            alt=\"Spanisch\"\n            \n            \n    \/><\/span><\/a><\/li>\n<\/ul>\n<\/li>\n<\/ul>\t\t<\/nav>\n\n\t<\/div>\n<\/div>\n\t<div class=\"header-search-wrap header-search-wrap--elementor\">\n\t\t<div class=\"container\">\n\t\t\t\n<form role=\"search\" method=\"get\" class=\"search-form\" action=\"https:\/\/guideproject.eu\/de\/\">\n\t<label>\n\t\t<span class=\"screen-reader-text\">Search for:<\/span>\n\t\t<input type=\"search\" class=\"search-field-top\" placeholder=\"Search\" value=\"\" name=\"s\" \/>\n\t<\/label>\n<\/form>\n\t\t\t<a href=\"#\" class=\"close-search\">\n\t\t\t\t<i class=\"bb-icon-rl bb-icon-times\"><\/i>\n\t\t\t\t<span class=\"screen-reader-text\">Close search<\/span>\n\t\t\t<\/a>\n\t\t<\/div>\n\t<\/div>\n<\/div>\n\t\t\t\t<\/div>\n\t\t\t\t<\/div>\n\t\t\t\t<div class=\"elementor-element elementor-element-f1776f0 elementor-widget elementor-widget-spacer\" data-id=\"f1776f0\" data-element_type=\"widget\" data-widget_type=\"spacer.default\">\n\t\t\t\t<div class=\"elementor-widget-container\">\n\t\t\t\t\t\t\t<div class=\"elementor-spacer\">\n\t\t\t<div class=\"elementor-spacer-inner\"><\/div>\n\t\t<\/div>\n\t\t\t\t\t\t<\/div>\n\t\t\t\t<\/div>\n\t\t\t\t\t<\/div>\n\t\t\t\t<\/div>\n\t\t\t\t<\/div>\n\t\t","protected":false},"excerpt":{"rendered":"<p>Click here Willkommen beim Self-Assessment Tool, das Sie und Ihre Berufsbera*in dabei unterst\u00fctzen soll, m\u00f6gliche geschlechtsspezifische Vorurteile, die sich auf ihre Berufsentscheidungen auswirken k\u00f6nnen, zu&hellip;<\/p>\n","protected":false},"author":3,"featured_media":0,"parent":0,"menu_order":0,"comment_status":"closed","ping_status":"closed","template":"","meta":{"footnotes":""},"class_list":["post-4290","page","type-page","status-publish","hentry"],"_links":{"self":[{"href":"https:\/\/guideproject.eu\/de\/wp-json\/wp\/v2\/pages\/4290","targetHints":{"allow":["GET"]}}],"collection":[{"href":"https:\/\/guideproject.eu\/de\/wp-json\/wp\/v2\/pages"}],"about":[{"href":"https:\/\/guideproject.eu\/de\/wp-json\/wp\/v2\/types\/page"}],"author":[{"embeddable":true,"href":"https:\/\/guideproject.eu\/de\/wp-json\/wp\/v2\/users\/3"}],"replies":[{"embeddable":true,"href":"https:\/\/guideproject.eu\/de\/wp-json\/wp\/v2\/comments?post=4290"}],"version-history":[{"count":42,"href":"https:\/\/guideproject.eu\/de\/wp-json\/wp\/v2\/pages\/4290\/revisions"}],"predecessor-version":[{"id":15688,"href":"https:\/\/guideproject.eu\/de\/wp-json\/wp\/v2\/pages\/4290\/revisions\/15688"}],"wp:attachment":[{"href":"https:\/\/guideproject.eu\/de\/wp-json\/wp\/v2\/media?parent=4290"}],"curies":[{"name":"wp","href":"https:\/\/api.w.org\/{rel}","templated":true}]}}