{"id":4298,"date":"2023-07-20T10:37:18","date_gmt":"2023-07-20T10:37:18","guid":{"rendered":"https:\/\/guideproject.eu\/herramienta-digital-para-identificar-estereotipos-en-las-decisiones-profesionales\/"},"modified":"2025-10-01T11:12:05","modified_gmt":"2025-10-01T11:12:05","slug":"herramienta-digital-para-identificar-estereotipos-en-las-decisiones-profesionales","status":"publish","type":"page","link":"https:\/\/guideproject.eu\/es\/herramienta-digital-para-identificar-estereotipos-en-las-decisiones-profesionales\/","title":{"rendered":"Herramienta digital para identificar estereotipos en las decisiones profesionales."},"content":{"rendered":"\t\t<div data-elementor-type=\"wp-page\" data-elementor-id=\"4298\" class=\"elementor elementor-4298 elementor-2536\" data-elementor-post-type=\"page\">\n\t\t\t\t<div class=\"plus-conditions--hidden elementor-element elementor-element-e130a67 e-flex e-con-boxed e-con e-parent\" data-id=\"e130a67\" data-element_type=\"container\" data-settings=\"{&quot;tp_display_rules_enable&quot;:&quot;yes&quot;,&quot;tp_display_rules_output&quot;:&quot;yes&quot;}\">\n\t\t\t\t\t<div class=\"e-con-inner\">\n\t\t\t\t<div class=\"elementor-element elementor-element-2cea72d elementor-widget elementor-widget-image\" data-id=\"2cea72d\" data-element_type=\"widget\" data-widget_type=\"image.default\">\n\t\t\t\t<div class=\"elementor-widget-container\">\n\t\t\t\t\t\t\t\t\t\t\t\t\t\t\t<img fetchpriority=\"high\" decoding=\"async\" width=\"1300\" height=\"225\" src=\"https:\/\/guideproject.eu\/wp-content\/uploads\/2024\/04\/FEATURED-Self-\u2013-Assessment-Tool.jpg\" class=\"attachment-full size-full wp-image-5056\" alt=\"\" srcset=\"https:\/\/guideproject.eu\/wp-content\/uploads\/2024\/04\/FEATURED-Self-\u2013-Assessment-Tool.jpg 1300w, https:\/\/guideproject.eu\/wp-content\/uploads\/2024\/04\/FEATURED-Self-\u2013-Assessment-Tool-300x52.jpg 300w, https:\/\/guideproject.eu\/wp-content\/uploads\/2024\/04\/FEATURED-Self-\u2013-Assessment-Tool-1024x177.jpg 1024w, https:\/\/guideproject.eu\/wp-content\/uploads\/2024\/04\/FEATURED-Self-\u2013-Assessment-Tool-768x133.jpg 768w, https:\/\/guideproject.eu\/wp-content\/uploads\/2024\/04\/FEATURED-Self-\u2013-Assessment-Tool-624x108.jpg 624w\" sizes=\"(max-width: 1300px) 100vw, 1300px\" \/>\t\t\t\t\t\t\t\t\t\t\t\t\t\t\t<\/div>\n\t\t\t\t<\/div>\n\t\t\t\t<div class=\"elementor-element elementor-element-c9eb4be elementor-hidden-desktop elementor-hidden-tablet elementor-hidden-mobile elementor-widget elementor-widget-button\" data-id=\"c9eb4be\" data-element_type=\"widget\" data-widget_type=\"button.default\">\n\t\t\t\t<div class=\"elementor-widget-container\">\n\t\t\t\t\t\t\t\t\t<div class=\"elementor-button-wrapper\">\n\t\t\t\t\t<a class=\"elementor-button elementor-button-link elementor-size-sm\" href=\"#elementor-action%3Aaction%3Dpopup%3Aopen%26settings%3DeyJpZCI6Mzg4MCwidG9nZ2xlIjpmYWxzZX0%3D\">\n\t\t\t\t\t\t<span class=\"elementor-button-content-wrapper\">\n\t\t\t\t\t\t\t\t\t<span class=\"elementor-button-text\">Click here<\/span>\n\t\t\t\t\t<\/span>\n\t\t\t\t\t<\/a>\n\t\t\t\t<\/div>\n\t\t\t\t\t\t\t\t<\/div>\n\t\t\t\t<\/div>\n\t\t\t\t<div class=\"elementor-element elementor-element-59f1b70 elementor-widget elementor-widget-text-editor\" data-id=\"59f1b70\" data-element_type=\"widget\" data-widget_type=\"text-editor.default\">\n\t\t\t\t<div class=\"elementor-widget-container\">\n\t\t\t\t\t<div class=\"bb-theme-elementor-wrap bb-elementor-custom-size\">\t\t\t\t<p><strong>Bienvenido a la herramienta de autoevaluaci\u00f3n dise\u00f1ada para ayudarte a ti y a tus asesores a explorar y comprender los posibles prejuicios de g\u00e9nero que puedan afectar a sus decisiones profesionales. Esta herramienta forma parte del proyecto educativo &#8220;GUIDE &#8211; Upgrading the skills of professionals for gender sensitive career guidance&#8221;, cuyo objetivo es capacitar a las personas para que tomen decisiones basadas en sus intereses y capacidades y no en el g\u00e9nero.<\/strong><\/p><p><strong>La herramienta profundiza en dos dimensiones de los prejuicios: asociaciones expl\u00edcitas e impl\u00edcitas. Los prejuicios expl\u00edcitos engloban las creencias y actitudes conscientes, mientras que los impl\u00edcitos son asociaciones o estereotipos inconscientes influidos por factores sociales. Al abordar ambas dimensiones, pretendemos ofrecer una visi\u00f3n completa de c\u00f3mo los prejuicios pueden afectar a las decisiones profesionales.<\/strong><\/p><p>Completar la herramienta de autoevaluaci\u00f3n sirve como paso inicial para explorar los prejuicios de g\u00e9nero a nivel superficial. Las preguntas est\u00e1n deliberadamente formuladas de forma estereotipada para obtener respuestas sinceras, que generar\u00e1n un informe personalizado en el que se destacar\u00e1n los prejuicios identificados. Este informe servir\u00e1 como un valioso recurso para vosotros, como Profesionales de la Orientaci\u00f3n Profesional (POC), permiti\u00e9ndoos ofrecer una orientaci\u00f3n adaptada a las necesidades y potencial de cada individuo, libre de prejuicios de g\u00e9nero.<\/p>\t\t\t\t<\/div>\t\t\t\t<\/div>\n\t\t\t\t<\/div>\n\t\t\t\t<div class=\"elementor-element elementor-element-0f06c93 elementor-align-center elementor-widget elementor-widget-button\" data-id=\"0f06c93\" data-element_type=\"widget\" data-widget_type=\"button.default\">\n\t\t\t\t<div class=\"elementor-widget-container\">\n\t\t\t\t\t\t\t\t\t<div class=\"elementor-button-wrapper\">\n\t\t\t\t\t<a class=\"elementor-button elementor-button-link elementor-size-sm\" href=\"https:\/\/guideproject.eu\/wp-content\/uploads\/2024\/03\/GUIDE_WP2_Annex_SP.pdf\" target=\"_blank\">\n\t\t\t\t\t\t<span class=\"elementor-button-content-wrapper\">\n\t\t\t\t\t\t\t\t\t<span class=\"elementor-button-text\">Annexo<\/span>\n\t\t\t\t\t<\/span>\n\t\t\t\t\t<\/a>\n\t\t\t\t<\/div>\n\t\t\t\t\t\t\t\t<\/div>\n\t\t\t\t<\/div>\n\t\t\t\t<div class=\"elementor-element elementor-element-865f8ba elementor-align-center elementor-widget elementor-widget-button\" data-id=\"865f8ba\" data-element_type=\"widget\" data-widget_type=\"button.default\">\n\t\t\t\t<div class=\"elementor-widget-container\">\n\t\t\t\t\t\t\t\t\t<div class=\"elementor-button-wrapper\">\n\t\t\t\t\t<a class=\"elementor-button elementor-button-link elementor-size-sm\" href=\"https:\/\/guideproject.eu\/es\/invitacion\/\">\n\t\t\t\t\t\t<span class=\"elementor-button-content-wrapper\">\n\t\t\t\t\t\t\t\t\t<span class=\"elementor-button-text\">Enviar invitaci\u00f3n<\/span>\n\t\t\t\t\t<\/span>\n\t\t\t\t\t<\/a>\n\t\t\t\t<\/div>\n\t\t\t\t\t\t\t\t<\/div>\n\t\t\t\t<\/div>\n\t\t\t\t<div class=\"elementor-element elementor-element-e05b90d elementor-widget elementor-widget-text-editor\" data-id=\"e05b90d\" data-element_type=\"widget\" data-widget_type=\"text-editor.default\">\n\t\t\t\t<div class=\"elementor-widget-container\">\n\t\t\t\t\t<div class=\"bb-theme-elementor-wrap bb-elementor-custom-size\">\t\t\t\t<p>Te animamos a que presentes esta herramienta a tus orientados y les gu\u00edes en el proceso de autoevaluaci\u00f3n (utilizando la Herramienta digital para identificar estereotipos en las decisiones profesionales). Tu apoyo a la hora de facilitar debates abiertos y honestos sobre los prejuicios y las decisiones profesionales contribuir\u00e1 en gran medida a su desarrollo personal y profesional. Esta actividad les llevar\u00e1 aproximadamente 10 minutos de su tiempo.<\/p><p>Toda la informaci\u00f3n proporcionada en la Herramienta Digital para identificar estereotipos en las decisiones profesionales que se registre ser\u00e1 utilizada exclusivamente por la asociaci\u00f3n del proyecto GUIDE. No venderemos, intercambiaremos o transferiremos la informaci\u00f3n personal de un individuo a ninguna tercera parte o entidad. El partenariado del proyecto GUIDE respeta los derechos de privacidad de los usuarios de la herramienta, de acuerdo con el Reglamento General de Protecci\u00f3n de Datos Personales 2016\/679\/UE y el marco legal y normativo nacional y europeo vigente en materia de protecci\u00f3n de datos personales.<\/p>\t\t\t\t<\/div>\t\t\t\t<\/div>\n\t\t\t\t<\/div>\n\t\t\t\t<div class=\"elementor-element elementor-element-7771002 elementor-widget elementor-widget-spacer\" data-id=\"7771002\" data-element_type=\"widget\" data-widget_type=\"spacer.default\">\n\t\t\t\t<div class=\"elementor-widget-container\">\n\t\t\t\t\t\t\t<div class=\"elementor-spacer\">\n\t\t\t<div class=\"elementor-spacer-inner\"><\/div>\n\t\t<\/div>\n\t\t\t\t\t\t<\/div>\n\t\t\t\t<\/div>\n\t\t\t\t<div class=\"elementor-element elementor-element-77195bc elementor-align-center elementor-widget elementor-widget-button\" data-id=\"77195bc\" data-element_type=\"widget\" data-widget_type=\"button.default\">\n\t\t\t\t<div class=\"elementor-widget-container\">\n\t\t\t\t\t\t\t\t\t<div class=\"elementor-button-wrapper\">\n\t\t\t\t\t<a class=\"elementor-button elementor-button-link elementor-size-sm\" href=\"https:\/\/guideproject.eu\/es\/view\/counselor-view-sp\/\">\n\t\t\t\t\t\t<span class=\"elementor-button-content-wrapper\">\n\t\t\t\t\t\t\t\t\t<span class=\"elementor-button-text\">Ver los resultados<\/span>\n\t\t\t\t\t<\/span>\n\t\t\t\t\t<\/a>\n\t\t\t\t<\/div>\n\t\t\t\t\t\t\t\t<\/div>\n\t\t\t\t<\/div>\n\t\t\t\t<div class=\"elementor-element elementor-element-5cc3eab elementor-widget elementor-widget-spacer\" data-id=\"5cc3eab\" data-element_type=\"widget\" data-widget_type=\"spacer.default\">\n\t\t\t\t<div class=\"elementor-widget-container\">\n\t\t\t\t\t\t\t<div class=\"elementor-spacer\">\n\t\t\t<div class=\"elementor-spacer-inner\"><\/div>\n\t\t<\/div>\n\t\t\t\t\t\t<\/div>\n\t\t\t\t<\/div>\n\t\t\t\t<div class=\"elementor-element elementor-element-4eb988c elementor-widget elementor-widget-text-editor\" data-id=\"4eb988c\" data-element_type=\"widget\" data-widget_type=\"text-editor.default\">\n\t\t\t\t<div class=\"elementor-widget-container\">\n\t\t\t\t\t\t\t\t\t<p style=\"text-align: center;\"><strong>Gracias por acompa\u00f1arnos en este viaje para acabar con los prejuicios de g\u00e9nero en la toma de decisiones profesionales.<\/strong><\/p><p style=\"text-align: center;\">Asegur\u00e9monos de que todos los g\u00e9neros puedan elegir entre oportunidades basadas en el inter\u00e9s y la capacidad, y no en el g\u00e9nero.<\/p>\t\t\t\t\t\t\t\t<\/div>\n\t\t\t\t<\/div>\n\t\t\t\t<div class=\"elementor-element elementor-element-0cdf103 elementor-widget elementor-widget-spacer\" data-id=\"0cdf103\" data-element_type=\"widget\" data-widget_type=\"spacer.default\">\n\t\t\t\t<div class=\"elementor-widget-container\">\n\t\t\t\t\t\t\t<div class=\"elementor-spacer\">\n\t\t\t<div class=\"elementor-spacer-inner\"><\/div>\n\t\t<\/div>\n\t\t\t\t\t\t<\/div>\n\t\t\t\t<\/div>\n\t\t\t\t\t<\/div>\n\t\t\t\t<\/div>\n\t\t<div class=\"elementor-element elementor-element-4aa3f11 e-flex e-con-boxed e-con e-parent\" data-id=\"4aa3f11\" data-element_type=\"container\" data-settings=\"{&quot;tp_display_rules_enable&quot;:&quot;yes&quot;,&quot;tp_display_rules_output&quot;:&quot;yes&quot;}\">\n\t\t\t\t\t<div class=\"e-con-inner\">\n\t\t\t\t<div class=\"elementor-element elementor-element-a86fd05 elementor-widget elementor-widget-spacer\" data-id=\"a86fd05\" data-element_type=\"widget\" data-widget_type=\"spacer.default\">\n\t\t\t\t<div class=\"elementor-widget-container\">\n\t\t\t\t\t\t\t<div class=\"elementor-spacer\">\n\t\t\t<div class=\"elementor-spacer-inner\"><\/div>\n\t\t<\/div>\n\t\t\t\t\t\t<\/div>\n\t\t\t\t<\/div>\n\t\t\t\t<div class=\"elementor-element elementor-element-f62d882 elementor-widget elementor-widget-text-editor\" data-id=\"f62d882\" data-element_type=\"widget\" data-settings=\"{&quot;tp_display_rules_enable&quot;:&quot;yes&quot;,&quot;tp_display_rules_output&quot;:&quot;yes&quot;}\" data-widget_type=\"text-editor.default\">\n\t\t\t\t<div class=\"elementor-widget-container\">\n\t\t\t\t\t\t\t\t\t<p style=\"text-align: center;\">Por favor, reg\u00edstrate primero para poder acceder.<\/p>\t\t\t\t\t\t\t\t<\/div>\n\t\t\t\t<\/div>\n\t\t\t\t<div class=\"elementor-element elementor-element-e8f95b6 elementor-widget elementor-widget-header-bar\" data-id=\"e8f95b6\" data-element_type=\"widget\" data-widget_type=\"header-bar.default\">\n\t\t\t\t<div class=\"elementor-widget-container\">\n\t\t\t\t\t\n<div class=\"site-header site-header--elementor icon-fill-in site-header--align-right avatar-none\" data-search-icon=\"\" data-messages-icon=\"\" data-notifications-icon=\"\" data-cart-icon=\"\" data-dark-icon=\"\" data-sidebartoggle-icon=\"\">\n\n\t\n\t\t\t\t\t\n<div id=\"header-aside\" class=\"header-aside avatar\">\n\t<div class=\"header-aside-inner\">\n\n\t\t\n\t\t\t\t\t\t\t<a href=\"#\" class=\"header-search-link\" data-balloon-pos=\"down\" data-balloon=\"Search\" aria-label=\"Search\"><i class=\"bb-icon-l bb-icon-search\"><\/i><\/a>\n\t\t\t\t<span class=\"search-separator bb-separator\"><\/span>\n\t\t\t\t\t\t\t\t<div class=\"bb-header-buttons\">\n\t\t\t\t\t<a href=\"https:\/\/guideproject.eu\/es\/wp-login.php\" class=\"button small outline signin-button link\">Iniciar sesi\u00f3n<\/a>\n\n\t\t\t\t\t\t\t\t\t\t\t<a href=\"https:\/\/guideproject.eu\/es\/register\/\" class=\"button small signup\">Registrarse<\/a>\n\t\t\t\t\t\t\t\t\t<\/div>\n\t\t\t\n\t<\/div><!-- .header-aside-inner -->\n<\/div><!-- #header-aside -->\n\t\n\t\n\t\n<div class=\"bb-mobile-header-wrapper bb-single-icon\">\n\t<div class=\"bb-mobile-header flex align-items-center\">\n\t\t<div class=\"bb-left-panel-icon-wrap\">\n\t\t\t<a href=\"#\" class=\"push-left bb-left-panel-mobile\" aria-label=\"Open Menu\"><i class=\"bb-icon-l bb-icon-bars\"><\/i><\/a>\n\t\t<\/div>\n\n\t\t<div class=\"flex-1 mobile-logo-wrapper\">\n\t\t\t\n\t\t\t<div class=\"site-title\">\n\n\t\t\t\t<a href=\"https:\/\/guideproject.eu\/es\/\" rel=\"home\">\n\t\t\t\t\t<img decoding=\"async\" width=\"520\" height=\"238\" src=\"https:\/\/guideproject.eu\/wp-content\/uploads\/2023\/01\/guide-logo-h.png\" class=\"bb-mobile-logo\" alt=\"\" srcset=\"https:\/\/guideproject.eu\/wp-content\/uploads\/2023\/01\/guide-logo-h.png 520w, https:\/\/guideproject.eu\/wp-content\/uploads\/2023\/01\/guide-logo-h-300x137.png 300w\" sizes=\"(max-width: 520px) 100vw, 520px\" \/>\t\t\t\t<\/a>\n\n\t\t\t<\/div>\n\t\t<\/div>\n\t\t<div class=\"header-aside\">\n\t\t\t\t\t\t\t\t<a data-balloon-pos=\"left\" data-balloon=\"Search\" aria-label=\"Search\" href=\"#\" class=\"push-right header-search-link\"><i class=\"bb-icon-l bb-icon-search\"><\/i><\/a>\n\t\t\t\t\t\t\t<\/div>\n\t<\/div>\n\n\t<div class=\"header-search-wrap\">\n\t\t<div class=\"container\">\n\t\t\t\n<form role=\"search\" method=\"get\" class=\"search-form\" action=\"https:\/\/guideproject.eu\/es\/\">\n\t<label>\n\t\t<span class=\"screen-reader-text\">Search for:<\/span>\n\t\t<input type=\"search\" class=\"search-field-top\" placeholder=\"Search\" value=\"\" name=\"s\" \/>\n\t<\/label>\n<\/form>\n\t\t\t<a data-balloon-pos=\"left\" data-balloon=\"Close\" href=\"#\" class=\"close-search\"><i class=\"bb-icon-l bb-icon-times\"><\/i><\/a>\n\t\t<\/div>\n\t<\/div>\n<\/div>\n\n<div class=\"bb-mobile-panel-wrapper left light closed\">\n\t<div class=\"bb-mobile-panel-inner\">\n\t\t<div class=\"bb-mobile-panel-header\">\n\t\t\t\t\t\t\t<div class=\"logo-wrap\">\n\t\t\t\t\t<a href=\"https:\/\/guideproject.eu\/es\/\" rel=\"home\">\n\t\t\t\t\t\t<img decoding=\"async\" width=\"520\" height=\"238\" src=\"https:\/\/guideproject.eu\/wp-content\/uploads\/2023\/01\/guide-logo-h.png\" class=\"bb-mobile-logo\" alt=\"\" srcset=\"https:\/\/guideproject.eu\/wp-content\/uploads\/2023\/01\/guide-logo-h.png 520w, https:\/\/guideproject.eu\/wp-content\/uploads\/2023\/01\/guide-logo-h-300x137.png 300w\" sizes=\"(max-width: 520px) 100vw, 520px\" \/>\t\t\t\t\t<\/a>\n\t\t\t\t<\/div>\n\t\t\t\t\t\t<a href=\"#\" class=\"bb-close-panel\" aria-label=\"Close Menu\"><i class=\"bb-icon-l bb-icon-times\"><\/i><\/a>\n\t\t<\/div>\n\n\t\t<nav class=\"main-navigation\" data-menu-space=\"120\">\n\t\t\t<ul id=\"menu-menu-es\" class=\"bb-primary-menu mobile-menu buddypanel-menu side-panel-menu\"><li id=\"menu-item-1582\" class=\"menu-item menu-item-type-post_type menu-item-object-page menu-item-1582\"><a href=\"https:\/\/guideproject.eu\/es\/sobre-nosotros\/\">sobre nosotros<\/a><\/li>\n<li id=\"menu-item-1583\" class=\"menu-item menu-item-type-post_type menu-item-object-page menu-item-1583\"><a href=\"https:\/\/guideproject.eu\/es\/socios\/\">Socios<\/a><\/li>\n<li id=\"menu-item-1584\" class=\"menu-item menu-item-type-custom menu-item-object-custom menu-item-has-children menu-item-1584\"><a href=\"#\">Herramientas<\/a>\n<ul class=\"sub-menu\">\n\t<li id=\"menu-item-1585\" class=\"menu-item menu-item-type-post_type menu-item-object-page menu-item-1585\"><a href=\"https:\/\/guideproject.eu\/es\/identificacion-de-estereotipos-en-las-decisiones-profesionales\/\"><i class=\"_mi _before bb-icon-l buddyboss bb-icon-search-plus\" aria-hidden=\"true\"><\/i><span>Recurso digital para identificar estereotipos en la elecci\u00f3n de carrera profesional<\/span><\/a><\/li>\n\t<li id=\"menu-item-1586\" class=\"menu-item menu-item-type-post_type menu-item-object-page menu-item-1586\"><a href=\"https:\/\/guideproject.eu\/es\/estilos-de-decision-profesional\/\"><i class=\"_mi _before bb-icon-l buddyboss bb-icon-article\" aria-hidden=\"true\"><\/i><span>El modelo de orientaci\u00f3n de co-creaci\u00f3n<\/span><\/a><\/li>\n\t<li id=\"menu-item-1587\" class=\"menu-item menu-item-type-post_type menu-item-object-page menu-item-1587\"><a href=\"https:\/\/guideproject.eu\/es\/orientacion-profesional-con-sensibilidad-de-genero\/\"><i class=\"_mi _before bb-icon-l buddyboss bb-icon-graduation-cap\" aria-hidden=\"true\"><\/i><span>Orientaci\u00f3n profesional con sensibilidad de g\u00e9nero<\/span><\/a><\/li>\n\t<li id=\"menu-item-1588\" class=\"menu-item menu-item-type-post_type menu-item-object-page menu-item-1588\"><a href=\"https:\/\/guideproject.eu\/es\/conjunto-de-herramientas-de-orientacion-profesional-con-sensibilidad-de-genero\/\"><i class=\"_mi _before bb-icon-l buddyboss bb-icon-list\" aria-hidden=\"true\"><\/i><span>Conjunto de herramientas de orientaci\u00f3n profesional con sensibilidad de g\u00e9nero<\/span><\/a><\/li>\n<\/ul>\n<\/li>\n<li id=\"menu-item-1589\" class=\"menu-item menu-item-type-post_type menu-item-object-page menu-item-1589\"><a href=\"https:\/\/guideproject.eu\/es\/novedades\/\">Novedades<\/a><\/li>\n<li id=\"menu-item-1590\" class=\"menu-item menu-item-type-post_type menu-item-object-page menu-item-1590\"><a href=\"https:\/\/guideproject.eu\/es\/contacto\/\">Contacto<\/a><\/li>\n<li id=\"menu-item-wpml-ls-25-es\" class=\"menu-item wpml-ls-slot-25 wpml-ls-item wpml-ls-item-es wpml-ls-current-language wpml-ls-menu-item wpml-ls-last-item menu-item-type-wpml_ls_menu_item menu-item-object-wpml_ls_menu_item menu-item-has-children menu-item-wpml-ls-25-es\"><a href=\"https:\/\/guideproject.eu\/es\/\" role=\"menuitem\"><i class=\"_mi _before buddyboss bb-icon-l bb-icon-globe\"><\/i><span><img decoding=\"async\"\n            class=\"wpml-ls-flag\"\n            src=\"https:\/\/guideproject.eu\/wp-content\/plugins\/sitepress-multilingual-cms\/res\/flags\/es.png\"\n            alt=\"Espa\u00f1ol\"\n            \n            \n    \/><\/span><\/a>\n<ul class=\"sub-menu\">\n\t<li id=\"menu-item-wpml-ls-25-en\" class=\"menu-item wpml-ls-slot-25 wpml-ls-item wpml-ls-item-en wpml-ls-menu-item wpml-ls-first-item menu-item-type-wpml_ls_menu_item menu-item-object-wpml_ls_menu_item menu-item-wpml-ls-25-en\"><a href=\"https:\/\/guideproject.eu\/\" title=\"Cambiar a Ingl\u00e9s\" aria-label=\"Cambiar a Ingl\u00e9s\" role=\"menuitem\"><i class=\"_mi _before buddyboss bb-icon-l bb-icon-globe\"><\/i><span><img decoding=\"async\"\n            class=\"wpml-ls-flag\"\n            src=\"https:\/\/guideproject.eu\/wp-content\/plugins\/sitepress-multilingual-cms\/res\/flags\/en.png\"\n            alt=\"Ingl\u00e9s\"\n            \n            \n    \/><\/span><\/a><\/li>\n\t<li id=\"menu-item-wpml-ls-25-el\" class=\"menu-item wpml-ls-slot-25 wpml-ls-item wpml-ls-item-el wpml-ls-menu-item menu-item-type-wpml_ls_menu_item menu-item-object-wpml_ls_menu_item menu-item-wpml-ls-25-el\"><a href=\"https:\/\/guideproject.eu\/el\/\" title=\"Cambiar a Griego\" aria-label=\"Cambiar a Griego\" role=\"menuitem\"><i class=\"_mi _before buddyboss bb-icon-l bb-icon-globe\"><\/i><span><img decoding=\"async\"\n            class=\"wpml-ls-flag\"\n            src=\"https:\/\/guideproject.eu\/wp-content\/plugins\/sitepress-multilingual-cms\/res\/flags\/el.png\"\n            alt=\"Griego\"\n            \n            \n    \/><\/span><\/a><\/li>\n\t<li id=\"menu-item-wpml-ls-25-da\" class=\"menu-item wpml-ls-slot-25 wpml-ls-item wpml-ls-item-da wpml-ls-menu-item menu-item-type-wpml_ls_menu_item menu-item-object-wpml_ls_menu_item menu-item-wpml-ls-25-da\"><a href=\"https:\/\/guideproject.eu\/da\/\" title=\"Cambiar a Dan\u00e9s\" aria-label=\"Cambiar a Dan\u00e9s\" role=\"menuitem\"><i class=\"_mi _before buddyboss bb-icon-l bb-icon-globe\"><\/i><span><img decoding=\"async\"\n            class=\"wpml-ls-flag\"\n            src=\"https:\/\/guideproject.eu\/wp-content\/plugins\/sitepress-multilingual-cms\/res\/flags\/da.png\"\n            alt=\"Dan\u00e9s\"\n            \n            \n    \/><\/span><\/a><\/li>\n\t<li id=\"menu-item-wpml-ls-25-nl\" class=\"menu-item wpml-ls-slot-25 wpml-ls-item wpml-ls-item-nl wpml-ls-menu-item menu-item-type-wpml_ls_menu_item menu-item-object-wpml_ls_menu_item menu-item-wpml-ls-25-nl\"><a href=\"https:\/\/guideproject.eu\/nl\/\" title=\"Cambiar a Holand\u00e9s\" aria-label=\"Cambiar a Holand\u00e9s\" role=\"menuitem\"><i class=\"_mi _before buddyboss bb-icon-l bb-icon-globe\"><\/i><span><img decoding=\"async\"\n            class=\"wpml-ls-flag\"\n            src=\"https:\/\/guideproject.eu\/wp-content\/plugins\/sitepress-multilingual-cms\/res\/flags\/nl.png\"\n            alt=\"Holand\u00e9s\"\n            \n            \n    \/><\/span><\/a><\/li>\n\t<li id=\"menu-item-wpml-ls-25-de\" class=\"menu-item wpml-ls-slot-25 wpml-ls-item wpml-ls-item-de wpml-ls-menu-item menu-item-type-wpml_ls_menu_item menu-item-object-wpml_ls_menu_item menu-item-wpml-ls-25-de\"><a href=\"https:\/\/guideproject.eu\/de\/\" title=\"Cambiar a Alem\u00e1n\" aria-label=\"Cambiar a Alem\u00e1n\" role=\"menuitem\"><i class=\"_mi _before buddyboss bb-icon-l bb-icon-globe\"><\/i><span><img decoding=\"async\"\n            class=\"wpml-ls-flag\"\n            src=\"https:\/\/guideproject.eu\/wp-content\/plugins\/sitepress-multilingual-cms\/res\/flags\/de.png\"\n            alt=\"Alem\u00e1n\"\n            \n            \n    \/><\/span><\/a><\/li>\n\t<li id=\"menu-item-wpml-ls-25-pt-pt\" class=\"menu-item wpml-ls-slot-25 wpml-ls-item wpml-ls-item-pt-pt wpml-ls-menu-item menu-item-type-wpml_ls_menu_item menu-item-object-wpml_ls_menu_item menu-item-wpml-ls-25-pt-pt\"><a href=\"https:\/\/guideproject.eu\/pt-pt\/\" title=\"Cambiar a Portugu\u00e9s, Portugal\" aria-label=\"Cambiar a Portugu\u00e9s, Portugal\" role=\"menuitem\"><i class=\"_mi _before buddyboss bb-icon-l bb-icon-globe\"><\/i><span><img decoding=\"async\"\n            class=\"wpml-ls-flag\"\n            src=\"https:\/\/guideproject.eu\/wp-content\/plugins\/sitepress-multilingual-cms\/res\/flags\/pt-pt.png\"\n            alt=\"Portugu\u00e9s, Portugal\"\n            \n            \n    \/><\/span><\/a><\/li>\n\t<li id=\"menu-item-wpml-ls-25-sl\" class=\"menu-item wpml-ls-slot-25 wpml-ls-item wpml-ls-item-sl wpml-ls-menu-item menu-item-type-wpml_ls_menu_item menu-item-object-wpml_ls_menu_item menu-item-wpml-ls-25-sl\"><a href=\"https:\/\/guideproject.eu\/sl\/\" title=\"Cambiar a Esloveno\" aria-label=\"Cambiar a Esloveno\" role=\"menuitem\"><i class=\"_mi _before buddyboss bb-icon-l bb-icon-globe\"><\/i><span><img decoding=\"async\"\n            class=\"wpml-ls-flag\"\n            src=\"https:\/\/guideproject.eu\/wp-content\/plugins\/sitepress-multilingual-cms\/res\/flags\/sl.png\"\n            alt=\"Esloveno\"\n            \n            \n    \/><\/span><\/a><\/li>\n<\/ul>\n<\/li>\n<\/ul>\t\t<\/nav>\n\n\t<\/div>\n<\/div>\n\t<div class=\"header-search-wrap header-search-wrap--elementor\">\n\t\t<div class=\"container\">\n\t\t\t\n<form role=\"search\" method=\"get\" class=\"search-form\" action=\"https:\/\/guideproject.eu\/es\/\">\n\t<label>\n\t\t<span class=\"screen-reader-text\">Search for:<\/span>\n\t\t<input type=\"search\" class=\"search-field-top\" placeholder=\"Search\" value=\"\" name=\"s\" \/>\n\t<\/label>\n<\/form>\n\t\t\t<a href=\"#\" class=\"close-search\">\n\t\t\t\t<i class=\"bb-icon-rl bb-icon-times\"><\/i>\n\t\t\t\t<span class=\"screen-reader-text\">Close search<\/span>\n\t\t\t<\/a>\n\t\t<\/div>\n\t<\/div>\n<\/div>\n\t\t\t\t<\/div>\n\t\t\t\t<\/div>\n\t\t\t\t<div class=\"elementor-element elementor-element-2c1b466 elementor-widget elementor-widget-spacer\" data-id=\"2c1b466\" data-element_type=\"widget\" data-widget_type=\"spacer.default\">\n\t\t\t\t<div class=\"elementor-widget-container\">\n\t\t\t\t\t\t\t<div class=\"elementor-spacer\">\n\t\t\t<div class=\"elementor-spacer-inner\"><\/div>\n\t\t<\/div>\n\t\t\t\t\t\t<\/div>\n\t\t\t\t<\/div>\n\t\t\t\t\t<\/div>\n\t\t\t\t<\/div>\n\t\t\t\t<\/div>\n\t\t","protected":false},"excerpt":{"rendered":"<p>Click here Bienvenido a la herramienta de autoevaluaci\u00f3n dise\u00f1ada para ayudarte a ti y a tus asesores a explorar y comprender los posibles prejuicios de&hellip;<\/p>\n","protected":false},"author":3,"featured_media":0,"parent":0,"menu_order":0,"comment_status":"closed","ping_status":"closed","template":"","meta":{"footnotes":""},"class_list":["post-4298","page","type-page","status-publish","hentry"],"_links":{"self":[{"href":"https:\/\/guideproject.eu\/es\/wp-json\/wp\/v2\/pages\/4298","targetHints":{"allow":["GET"]}}],"collection":[{"href":"https:\/\/guideproject.eu\/es\/wp-json\/wp\/v2\/pages"}],"about":[{"href":"https:\/\/guideproject.eu\/es\/wp-json\/wp\/v2\/types\/page"}],"author":[{"embeddable":true,"href":"https:\/\/guideproject.eu\/es\/wp-json\/wp\/v2\/users\/3"}],"replies":[{"embeddable":true,"href":"https:\/\/guideproject.eu\/es\/wp-json\/wp\/v2\/comments?post=4298"}],"version-history":[{"count":41,"href":"https:\/\/guideproject.eu\/es\/wp-json\/wp\/v2\/pages\/4298\/revisions"}],"predecessor-version":[{"id":15709,"href":"https:\/\/guideproject.eu\/es\/wp-json\/wp\/v2\/pages\/4298\/revisions\/15709"}],"wp:attachment":[{"href":"https:\/\/guideproject.eu\/es\/wp-json\/wp\/v2\/media?parent=4298"}],"curies":[{"name":"wp","href":"https:\/\/api.w.org\/{rel}","templated":true}]}}