{"id":1480,"date":"2023-02-13T10:56:52","date_gmt":"2023-02-13T10:56:52","guid":{"rendered":"https:\/\/guideproject.eu\/estilos-de-tomada-de-decisoes-de-carreira\/"},"modified":"2024-10-24T09:52:10","modified_gmt":"2024-10-24T09:52:10","slug":"estilos-de-tomada-de-decisoes-de-carreira","status":"publish","type":"page","link":"https:\/\/guideproject.eu\/pt-pt\/estilos-de-tomada-de-decisoes-de-carreira\/","title":{"rendered":"Estilos de Tomada de Decis\u00f5es de Carreira"},"content":{"rendered":"\t\t<div data-elementor-type=\"wp-page\" data-elementor-id=\"1480\" class=\"elementor elementor-1480 elementor-644\" data-elementor-post-type=\"page\">\n\t\t\t\t<div class=\"elementor-element elementor-element-d8a0c9b e-flex e-con-boxed e-con e-parent\" data-id=\"d8a0c9b\" data-element_type=\"container\">\n\t\t\t\t\t<div class=\"e-con-inner\">\n\t\t\t\t<div class=\"elementor-element elementor-element-afdb2a3 elementor-widget elementor-widget-spacer\" data-id=\"afdb2a3\" data-element_type=\"widget\" data-widget_type=\"spacer.default\">\n\t\t\t\t<div class=\"elementor-widget-container\">\n\t\t\t\t\t\t\t<div class=\"elementor-spacer\">\n\t\t\t<div class=\"elementor-spacer-inner\"><\/div>\n\t\t<\/div>\n\t\t\t\t\t\t<\/div>\n\t\t\t\t<\/div>\n\t\t\t\t<div class=\"elementor-element elementor-element-a87104e elementor-widget elementor-widget-heading\" data-id=\"a87104e\" data-element_type=\"widget\" data-widget_type=\"heading.default\">\n\t\t\t\t<div class=\"elementor-widget-container\">\n\t\t\t\t\t<h2 class=\"elementor-heading-title elementor-size-default\">O modelo de aconselhamento de co-cria\u00e7\u00e3o<\/h2>\t\t\t\t<\/div>\n\t\t\t\t<\/div>\n\t\t\t\t\t<\/div>\n\t\t\t\t<\/div>\n\t\t<div class=\"elementor-element elementor-element-9097599 e-flex e-con-boxed e-con e-parent\" data-id=\"9097599\" data-element_type=\"container\">\n\t\t\t\t\t<div class=\"e-con-inner\">\n\t\t<div class=\"elementor-element elementor-element-8f9f6ff e-con-full e-flex e-con e-child\" data-id=\"8f9f6ff\" data-element_type=\"container\">\n\t\t\t\t<div class=\"elementor-element elementor-element-f5eea14 elementor-view-default elementor-widget elementor-widget-icon\" data-id=\"f5eea14\" data-element_type=\"widget\" data-widget_type=\"icon.default\">\n\t\t\t\t<div class=\"elementor-widget-container\">\n\t\t\t\t\t\t\t<div class=\"elementor-icon-wrapper\">\n\t\t\t<div class=\"elementor-icon elementor-animation-grow\">\n\t\t\t<svg aria-hidden=\"true\" class=\"e-font-icon-svg e-fas-server\" viewBox=\"0 0 512 512\" xmlns=\"http:\/\/www.w3.org\/2000\/svg\"><path d=\"M480 160H32c-17.673 0-32-14.327-32-32V64c0-17.673 14.327-32 32-32h448c17.673 0 32 14.327 32 32v64c0 17.673-14.327 32-32 32zm-48-88c-13.255 0-24 10.745-24 24s10.745 24 24 24 24-10.745 24-24-10.745-24-24-24zm-64 0c-13.255 0-24 10.745-24 24s10.745 24 24 24 24-10.745 24-24-10.745-24-24-24zm112 248H32c-17.673 0-32-14.327-32-32v-64c0-17.673 14.327-32 32-32h448c17.673 0 32 14.327 32 32v64c0 17.673-14.327 32-32 32zm-48-88c-13.255 0-24 10.745-24 24s10.745 24 24 24 24-10.745 24-24-10.745-24-24-24zm-64 0c-13.255 0-24 10.745-24 24s10.745 24 24 24 24-10.745 24-24-10.745-24-24-24zm112 248H32c-17.673 0-32-14.327-32-32v-64c0-17.673 14.327-32 32-32h448c17.673 0 32 14.327 32 32v64c0 17.673-14.327 32-32 32zm-48-88c-13.255 0-24 10.745-24 24s10.745 24 24 24 24-10.745 24-24-10.745-24-24-24zm-64 0c-13.255 0-24 10.745-24 24s10.745 24 24 24 24-10.745 24-24-10.745-24-24-24z\"><\/path><\/svg>\t\t\t<\/div>\n\t\t<\/div>\n\t\t\t\t\t\t<\/div>\n\t\t\t\t<\/div>\n\t\t\t\t<\/div>\n\t\t<div class=\"elementor-element elementor-element-413d3e7 e-con-full e-flex e-con e-child\" data-id=\"413d3e7\" data-element_type=\"container\">\n\t\t\t\t<div class=\"elementor-element elementor-element-f7ac595 elementor-widget elementor-widget-text-editor\" data-id=\"f7ac595\" data-element_type=\"widget\" data-widget_type=\"text-editor.default\">\n\t\t\t\t<div class=\"elementor-widget-container\">\n\t\t\t\t\t\t\t\t\t<p style=\"text-align: justify;\">O modelo de aconselhamento de co-cria\u00e7\u00e3o est\u00e1 estruturado em torno de oito (8) campos-chave com os quais tanto o conselheiro como o aconselhado se envolvem ao longo do processo de aconselhamento. No centro deste modelo est\u00e1 a reflex\u00e3o e a avalia\u00e7\u00e3o cont\u00ednuas do percurso de aconselhamento, promovendo um ambiente de colabora\u00e7\u00e3o em que ambas as partes contribuem ativamente para o desenvolvimento de novos conhecimentos e para a tomada de decis\u00f5es de carreira fundamentadas.<\/p><p style=\"text-align: justify;\">Para al\u00e9m do modelo de co-cria\u00e7\u00e3o, desenvolvemos oito (8) cart\u00f5es de di\u00e1logo de co-cria\u00e7\u00e3o que ajudam os conselheiros e os aconselhados a concentrarem-se nas influ\u00eancias do g\u00e9nero, nas escolhas de carreira durante o processo de aconselhamento.<\/p><p style=\"text-align: justify;\">Ao utilizar este modelo, os conselheiros podem proporcionar um processo claro e estruturado que incentiva a auto-consci\u00eancia e o crescimento pessoal das pessoas aconselhadas. O modelo de aconselhamento de co-cria\u00e7\u00e3o \u00e9 vers\u00e1til e pode ser adaptado a v\u00e1rios contextos de aconselhamento, assegurando que vai ao encontro das necessidades \u00fanicas de cada indiv\u00edduo.<\/p><p style=\"text-align: justify;\">Leia\/descarregue o manual que n\u00e3o s\u00f3 descreve os passos para utilizar eficazmente o modelo, mas tamb\u00e9m introduz os cart\u00f5es de di\u00e1logo de co-cria\u00e7\u00e3o, que oferecem quest\u00f5es tem\u00e1ticas para estimular reflex\u00f5es profundas sobre aspectos relacionados com o g\u00e9nero no desenvolvimento da carreira.<\/p>\t\t\t\t\t\t\t\t<\/div>\n\t\t\t\t<\/div>\n\t\t\t\t<div class=\"elementor-element elementor-element-1a80647 elementor-align-center elementor-widget elementor-widget-button\" data-id=\"1a80647\" data-element_type=\"widget\" data-widget_type=\"button.default\">\n\t\t\t\t<div class=\"elementor-widget-container\">\n\t\t\t\t\t\t\t\t\t<div class=\"elementor-button-wrapper\">\n\t\t\t\t\t<a class=\"elementor-button elementor-button-link elementor-size-sm\" href=\"https:\/\/guideproject.eu\/wp-content\/uploads\/2024\/10\/04-WP3.3_GUIDE_Manual_PT.pdf\" target=\"_blank\">\n\t\t\t\t\t\t<span class=\"elementor-button-content-wrapper\">\n\t\t\t\t\t\t\t\t\t<span class=\"elementor-button-text\">Manual<\/span>\n\t\t\t\t\t<\/span>\n\t\t\t\t\t<\/a>\n\t\t\t\t<\/div>\n\t\t\t\t\t\t\t\t<\/div>\n\t\t\t\t<\/div>\n\t\t\t\t<div class=\"elementor-element elementor-element-64c454d elementor-align-center elementor-widget elementor-widget-button\" data-id=\"64c454d\" data-element_type=\"widget\" data-widget_type=\"button.default\">\n\t\t\t\t<div class=\"elementor-widget-container\">\n\t\t\t\t\t\t\t\t\t<div class=\"elementor-button-wrapper\">\n\t\t\t\t\t<a class=\"elementor-button elementor-button-link elementor-size-sm\" href=\"https:\/\/guideproject.eu\/wp-content\/uploads\/2024\/10\/04-GUIDE_WP3_User_Guide_PT.pdf\" target=\"_blank\">\n\t\t\t\t\t\t<span class=\"elementor-button-content-wrapper\">\n\t\t\t\t\t\t\t\t\t<span class=\"elementor-button-text\">Guia do utilizador<\/span>\n\t\t\t\t\t<\/span>\n\t\t\t\t\t<\/a>\n\t\t\t\t<\/div>\n\t\t\t\t\t\t\t\t<\/div>\n\t\t\t\t<\/div>\n\t\t\t\t<div class=\"elementor-element elementor-element-dd36b80 elementor-align-center elementor-widget elementor-widget-button\" data-id=\"dd36b80\" data-element_type=\"widget\" data-widget_type=\"button.default\">\n\t\t\t\t<div class=\"elementor-widget-container\">\n\t\t\t\t\t\t\t\t\t<div class=\"elementor-button-wrapper\">\n\t\t\t\t\t<a class=\"elementor-button elementor-button-link elementor-size-sm\" href=\"https:\/\/guideproject.eu\/pt-pt\/co-creation-model\/\">\n\t\t\t\t\t\t<span class=\"elementor-button-content-wrapper\">\n\t\t\t\t\t\t\t\t\t<span class=\"elementor-button-text\">Visite a ferramenta<\/span>\n\t\t\t\t\t<\/span>\n\t\t\t\t\t<\/a>\n\t\t\t\t<\/div>\n\t\t\t\t\t\t\t\t<\/div>\n\t\t\t\t<\/div>\n\t\t\t\t<\/div>\n\t\t\t\t\t<\/div>\n\t\t\t\t<\/div>\n\t\t\t\t<\/div>\n\t\t","protected":false},"excerpt":{"rendered":"<p>O modelo de aconselhamento de co-cria\u00e7\u00e3o O modelo de aconselhamento de co-cria\u00e7\u00e3o est\u00e1 estruturado em torno de oito (8) campos-chave com os quais tanto o&hellip;<\/p>\n","protected":false},"author":1,"featured_media":0,"parent":0,"menu_order":0,"comment_status":"closed","ping_status":"closed","template":"elementor_header_footer","meta":{"footnotes":""},"class_list":["post-1480","page","type-page","status-publish","hentry"],"_links":{"self":[{"href":"https:\/\/guideproject.eu\/pt-pt\/wp-json\/wp\/v2\/pages\/1480","targetHints":{"allow":["GET"]}}],"collection":[{"href":"https:\/\/guideproject.eu\/pt-pt\/wp-json\/wp\/v2\/pages"}],"about":[{"href":"https:\/\/guideproject.eu\/pt-pt\/wp-json\/wp\/v2\/types\/page"}],"author":[{"embeddable":true,"href":"https:\/\/guideproject.eu\/pt-pt\/wp-json\/wp\/v2\/users\/1"}],"replies":[{"embeddable":true,"href":"https:\/\/guideproject.eu\/pt-pt\/wp-json\/wp\/v2\/comments?post=1480"}],"version-history":[{"count":20,"href":"https:\/\/guideproject.eu\/pt-pt\/wp-json\/wp\/v2\/pages\/1480\/revisions"}],"predecessor-version":[{"id":11904,"href":"https:\/\/guideproject.eu\/pt-pt\/wp-json\/wp\/v2\/pages\/1480\/revisions\/11904"}],"wp:attachment":[{"href":"https:\/\/guideproject.eu\/pt-pt\/wp-json\/wp\/v2\/media?parent=1480"}],"curies":[{"name":"wp","href":"https:\/\/api.w.org\/{rel}","templated":true}]}}