{"id":4294,"date":"2023-07-20T10:37:18","date_gmt":"2023-07-20T10:37:18","guid":{"rendered":"https:\/\/guideproject.eu\/ferramenta-digital-para-identificacao-de-estereotipos-em-decisoes-de-carreira\/"},"modified":"2025-10-01T11:07:27","modified_gmt":"2025-10-01T11:07:27","slug":"ferramenta-digital-para-identificacao-de-estereotipos-em-decisoes-de-carreira","status":"publish","type":"page","link":"https:\/\/guideproject.eu\/pt-pt\/ferramenta-digital-para-identificacao-de-estereotipos-em-decisoes-de-carreira\/","title":{"rendered":"Ferramenta digital para identificar estere\u00f3tipos nas decis\u00f5es de carreira"},"content":{"rendered":"\t\t<div data-elementor-type=\"wp-page\" data-elementor-id=\"4294\" class=\"elementor elementor-4294 elementor-2536\" data-elementor-post-type=\"page\">\n\t\t\t\t<div class=\"plus-conditions--hidden elementor-element elementor-element-b97508e e-flex e-con-boxed e-con e-parent\" data-id=\"b97508e\" data-element_type=\"container\" data-settings=\"{&quot;tp_display_rules_enable&quot;:&quot;yes&quot;,&quot;tp_display_rules_output&quot;:&quot;yes&quot;}\">\n\t\t\t\t\t<div class=\"e-con-inner\">\n\t\t\t\t<div class=\"elementor-element elementor-element-720fd1d elementor-widget elementor-widget-image\" data-id=\"720fd1d\" data-element_type=\"widget\" data-widget_type=\"image.default\">\n\t\t\t\t<div class=\"elementor-widget-container\">\n\t\t\t\t\t\t\t\t\t\t\t\t\t\t\t<img fetchpriority=\"high\" decoding=\"async\" width=\"1300\" height=\"225\" src=\"https:\/\/guideproject.eu\/wp-content\/uploads\/2024\/04\/FEATURED-Self-\u2013-Assessment-Tool.jpg\" class=\"attachment-full size-full wp-image-5054\" alt=\"\" srcset=\"https:\/\/guideproject.eu\/wp-content\/uploads\/2024\/04\/FEATURED-Self-\u2013-Assessment-Tool.jpg 1300w, https:\/\/guideproject.eu\/wp-content\/uploads\/2024\/04\/FEATURED-Self-\u2013-Assessment-Tool-300x52.jpg 300w, https:\/\/guideproject.eu\/wp-content\/uploads\/2024\/04\/FEATURED-Self-\u2013-Assessment-Tool-1024x177.jpg 1024w, https:\/\/guideproject.eu\/wp-content\/uploads\/2024\/04\/FEATURED-Self-\u2013-Assessment-Tool-768x133.jpg 768w, https:\/\/guideproject.eu\/wp-content\/uploads\/2024\/04\/FEATURED-Self-\u2013-Assessment-Tool-624x108.jpg 624w\" sizes=\"(max-width: 1300px) 100vw, 1300px\" \/>\t\t\t\t\t\t\t\t\t\t\t\t\t\t\t<\/div>\n\t\t\t\t<\/div>\n\t\t\t\t<div class=\"elementor-element elementor-element-9010d7d elementor-hidden-desktop elementor-hidden-tablet elementor-hidden-mobile elementor-widget elementor-widget-button\" data-id=\"9010d7d\" data-element_type=\"widget\" data-widget_type=\"button.default\">\n\t\t\t\t<div class=\"elementor-widget-container\">\n\t\t\t\t\t\t\t\t\t<div class=\"elementor-button-wrapper\">\n\t\t\t\t\t<a class=\"elementor-button elementor-button-link elementor-size-sm\" href=\"#elementor-action%3Aaction%3Dpopup%3Aopen%26settings%3DeyJpZCI6Mzg4MCwidG9nZ2xlIjpmYWxzZX0%3D\">\n\t\t\t\t\t\t<span class=\"elementor-button-content-wrapper\">\n\t\t\t\t\t\t\t\t\t<span class=\"elementor-button-text\">Click here<\/span>\n\t\t\t\t\t<\/span>\n\t\t\t\t\t<\/a>\n\t\t\t\t<\/div>\n\t\t\t\t\t\t\t\t<\/div>\n\t\t\t\t<\/div>\n\t\t\t\t<div class=\"elementor-element elementor-element-499a0ba elementor-widget elementor-widget-text-editor\" data-id=\"499a0ba\" data-element_type=\"widget\" data-widget_type=\"text-editor.default\">\n\t\t\t\t<div class=\"elementor-widget-container\">\n\t\t\t\t\t<div class=\"bb-theme-elementor-wrap bb-elementor-custom-size\">\t\t\t\t<p><strong>Bem-vindo(a) \u00e0 ferramenta de autoavalia\u00e7\u00e3o concebida para o(a) ajudar a si e aos seus aconselhados a explorarem e compreenderem quaisquer potenciais preconceitos de g\u00e9nero que possam ter impacto nas suas decis\u00f5es de carreira. Esta ferramenta faz parte do projeto educativo &#8220;GUIDE &#8211; Melhorar as compet\u00eancias dos profissionais para uma orienta\u00e7\u00e3o profissional sens\u00edvel ao g\u00e9nero\u201d que visa capacitar os indiv\u00edduos para fazerem escolhas com base nos seus interesses e capacidades e n\u00e3o no g\u00e9nero.<\/strong><\/p><p><strong>A ferramenta analisa duas dimens\u00f5es dos preconceitos: associa\u00e7\u00f5es expl\u00edcitas e impl\u00edcitas. Os preconceitos expl\u00edcitos abrangem cren\u00e7as e atitudes conscientes, enquanto os preconceitos impl\u00edcitos s\u00e3o associa\u00e7\u00f5es inconscientes ou estere\u00f3tipos influenciados por fatores sociais. Ao abordar ambas as dimens\u00f5es, pretendemos fornecer uma vis\u00e3o abrangente da forma como os preconceitos podem afetar as decis\u00f5es de carreira.<\/strong><\/p><p>O preenchimento da Ferramenta de autoavalia\u00e7\u00e3o serve como um passo inicial na explora\u00e7\u00e3o de preconceitos de g\u00e9nero a n\u00edvel superficial. As perguntas s\u00e3o deliberadamente formuladas de forma estereotipada para obter respostas honestas, o que dar\u00e1 origem a um relat\u00f3rio personalizado que destacar\u00e1 quaisquer preconceitos identificados. Este relat\u00f3rio servir\u00e1 como um recurso valioso para si, enquanto Profissional de Orienta\u00e7\u00e3o Profissional (PCG), permitindo-lhe oferecer orienta\u00e7\u00e3o adaptada \u00e0s necessidades e potencialidades de cada indiv\u00edduo, sem preconceitos de g\u00e9nero.<\/p>\t\t\t\t<\/div>\t\t\t\t<\/div>\n\t\t\t\t<\/div>\n\t\t\t\t<div class=\"elementor-element elementor-element-9fb8328 elementor-align-center elementor-widget elementor-widget-button\" data-id=\"9fb8328\" data-element_type=\"widget\" data-widget_type=\"button.default\">\n\t\t\t\t<div class=\"elementor-widget-container\">\n\t\t\t\t\t\t\t\t\t<div class=\"elementor-button-wrapper\">\n\t\t\t\t\t<a class=\"elementor-button elementor-button-link elementor-size-sm\" href=\"https:\/\/guideproject.eu\/wp-content\/uploads\/2024\/03\/GUIDE_WP2_Annex_PT.pdf\" target=\"_blank\">\n\t\t\t\t\t\t<span class=\"elementor-button-content-wrapper\">\n\t\t\t\t\t\t\t\t\t<span class=\"elementor-button-text\">Anexo<\/span>\n\t\t\t\t\t<\/span>\n\t\t\t\t\t<\/a>\n\t\t\t\t<\/div>\n\t\t\t\t\t\t\t\t<\/div>\n\t\t\t\t<\/div>\n\t\t\t\t<div class=\"elementor-element elementor-element-3c2895d elementor-align-center elementor-widget elementor-widget-button\" data-id=\"3c2895d\" data-element_type=\"widget\" data-widget_type=\"button.default\">\n\t\t\t\t<div class=\"elementor-widget-container\">\n\t\t\t\t\t\t\t\t\t<div class=\"elementor-button-wrapper\">\n\t\t\t\t\t<a class=\"elementor-button elementor-button-link elementor-size-sm\" href=\"https:\/\/guideproject.eu\/pt-pt\/convite\/\">\n\t\t\t\t\t\t<span class=\"elementor-button-content-wrapper\">\n\t\t\t\t\t\t\t\t\t<span class=\"elementor-button-text\">Enviar convite<\/span>\n\t\t\t\t\t<\/span>\n\t\t\t\t\t<\/a>\n\t\t\t\t<\/div>\n\t\t\t\t\t\t\t\t<\/div>\n\t\t\t\t<\/div>\n\t\t\t\t<div class=\"elementor-element elementor-element-a1bcc60 elementor-widget elementor-widget-text-editor\" data-id=\"a1bcc60\" data-element_type=\"widget\" data-widget_type=\"text-editor.default\">\n\t\t\t\t<div class=\"elementor-widget-container\">\n\t\t\t\t\t<div class=\"bb-theme-elementor-wrap bb-elementor-custom-size\">\t\t\t\t<p>Encorajamo-lo a apresentar esta ferramenta aos seus aconselhados e a gui\u00e1-los atrav\u00e9s do processo de autoavalia\u00e7\u00e3o (utilizando a ferramenta digital para identificar estere\u00f3tipos nas decis\u00f5es de carreira). O seu apoio na facilita\u00e7\u00e3o de discuss\u00f5es abertas e honestas sobre preconceitos e escolhas de carreira contribuir\u00e1 grandemente para o desenvolvimento pessoal e profissional deles. Dever\u00e1 ocupar cerca de 10 minutos do seu tempo.<\/p><p>Qualquer informa\u00e7\u00e3o fornecida na ferramenta digital para identificar estere\u00f3tipos nas decis\u00f5es de carreira, que seja registada, ser\u00e1 utilizada exclusivamente pela parceria do projeto GUIDE. N\u00e3o venderemos, comercializaremos ou transferiremos as informa\u00e7\u00f5es pessoais de um indiv\u00edduo para terceiros ou entidades. A parceria do projeto GUIDE respeita os direitos de privacidade dos utilizadores da ferramenta, em conformidade com o Regulamento Geral sobre a Prote\u00e7\u00e3o de Dados Pessoais 2016\/679\/UE e o atual quadro jur\u00eddico e regulamentar nacional e europeu para a prote\u00e7\u00e3o dos dados pessoais.<\/p>\t\t\t\t<\/div>\t\t\t\t<\/div>\n\t\t\t\t<\/div>\n\t\t\t\t<div class=\"elementor-element elementor-element-8a0a7e2 elementor-widget elementor-widget-spacer\" data-id=\"8a0a7e2\" data-element_type=\"widget\" data-widget_type=\"spacer.default\">\n\t\t\t\t<div class=\"elementor-widget-container\">\n\t\t\t\t\t\t\t<div class=\"elementor-spacer\">\n\t\t\t<div class=\"elementor-spacer-inner\"><\/div>\n\t\t<\/div>\n\t\t\t\t\t\t<\/div>\n\t\t\t\t<\/div>\n\t\t\t\t<div class=\"elementor-element elementor-element-b523853 elementor-align-center elementor-widget elementor-widget-button\" data-id=\"b523853\" data-element_type=\"widget\" data-widget_type=\"button.default\">\n\t\t\t\t<div class=\"elementor-widget-container\">\n\t\t\t\t\t\t\t\t\t<div class=\"elementor-button-wrapper\">\n\t\t\t\t\t<a class=\"elementor-button elementor-button-link elementor-size-sm\" href=\"https:\/\/guideproject.eu\/pt-pt\/view\/counselor-view-pt\/\">\n\t\t\t\t\t\t<span class=\"elementor-button-content-wrapper\">\n\t\t\t\t\t\t\t\t\t<span class=\"elementor-button-text\">Ver resultados<\/span>\n\t\t\t\t\t<\/span>\n\t\t\t\t\t<\/a>\n\t\t\t\t<\/div>\n\t\t\t\t\t\t\t\t<\/div>\n\t\t\t\t<\/div>\n\t\t\t\t<div class=\"elementor-element elementor-element-b5ec351 elementor-widget elementor-widget-spacer\" data-id=\"b5ec351\" data-element_type=\"widget\" data-widget_type=\"spacer.default\">\n\t\t\t\t<div class=\"elementor-widget-container\">\n\t\t\t\t\t\t\t<div class=\"elementor-spacer\">\n\t\t\t<div class=\"elementor-spacer-inner\"><\/div>\n\t\t<\/div>\n\t\t\t\t\t\t<\/div>\n\t\t\t\t<\/div>\n\t\t\t\t<div class=\"elementor-element elementor-element-8811171 elementor-widget elementor-widget-text-editor\" data-id=\"8811171\" data-element_type=\"widget\" data-widget_type=\"text-editor.default\">\n\t\t\t\t<div class=\"elementor-widget-container\">\n\t\t\t\t\t\t\t\t\t<p style=\"text-align: center;\"><strong>Obrigado por se juntar a n\u00f3s nesta viagem para acabar com os preconceitos de g\u00e9nero na tomada de decis\u00f5es de carreira.<\/strong><\/p><p style=\"text-align: center;\">Vamos garantir que todos os g\u00e9neros podem escolher entre oportunidades baseadas no interesse e nas capacidades e n\u00e3o no g\u00e9nero.<\/p>\t\t\t\t\t\t\t\t<\/div>\n\t\t\t\t<\/div>\n\t\t\t\t<div class=\"elementor-element elementor-element-53e41ed elementor-widget elementor-widget-spacer\" data-id=\"53e41ed\" data-element_type=\"widget\" data-widget_type=\"spacer.default\">\n\t\t\t\t<div class=\"elementor-widget-container\">\n\t\t\t\t\t\t\t<div class=\"elementor-spacer\">\n\t\t\t<div class=\"elementor-spacer-inner\"><\/div>\n\t\t<\/div>\n\t\t\t\t\t\t<\/div>\n\t\t\t\t<\/div>\n\t\t\t\t\t<\/div>\n\t\t\t\t<\/div>\n\t\t<div class=\"elementor-element elementor-element-e722eca e-flex e-con-boxed e-con e-parent\" data-id=\"e722eca\" data-element_type=\"container\" data-settings=\"{&quot;tp_display_rules_enable&quot;:&quot;yes&quot;,&quot;tp_display_rules_output&quot;:&quot;yes&quot;}\">\n\t\t\t\t\t<div class=\"e-con-inner\">\n\t\t\t\t<div class=\"elementor-element elementor-element-156f522 elementor-widget elementor-widget-spacer\" data-id=\"156f522\" data-element_type=\"widget\" data-widget_type=\"spacer.default\">\n\t\t\t\t<div class=\"elementor-widget-container\">\n\t\t\t\t\t\t\t<div class=\"elementor-spacer\">\n\t\t\t<div class=\"elementor-spacer-inner\"><\/div>\n\t\t<\/div>\n\t\t\t\t\t\t<\/div>\n\t\t\t\t<\/div>\n\t\t\t\t<div class=\"elementor-element elementor-element-9b4b10d elementor-widget elementor-widget-text-editor\" data-id=\"9b4b10d\" data-element_type=\"widget\" data-settings=\"{&quot;tp_display_rules_enable&quot;:&quot;yes&quot;,&quot;tp_display_rules_output&quot;:&quot;yes&quot;}\" data-widget_type=\"text-editor.default\">\n\t\t\t\t<div class=\"elementor-widget-container\">\n\t\t\t\t\t\t\t\t\t<p style=\"text-align: center;\">Para aceder a esta p\u00e1gina, \u00e9 necess\u00e1rio registar-se ou fazer login.<\/p>\t\t\t\t\t\t\t\t<\/div>\n\t\t\t\t<\/div>\n\t\t\t\t<div class=\"elementor-element elementor-element-3d89176 elementor-widget elementor-widget-header-bar\" data-id=\"3d89176\" data-element_type=\"widget\" data-widget_type=\"header-bar.default\">\n\t\t\t\t<div class=\"elementor-widget-container\">\n\t\t\t\t\t\n<div class=\"site-header site-header--elementor icon-fill-in site-header--align-right avatar-none\" data-search-icon=\"\" data-messages-icon=\"\" data-notifications-icon=\"\" data-cart-icon=\"\" data-dark-icon=\"\" data-sidebartoggle-icon=\"\">\n\n\t\n\t\t\t\t\t\n<div id=\"header-aside\" class=\"header-aside avatar\">\n\t<div class=\"header-aside-inner\">\n\n\t\t\n\t\t\t\t\t\t\t<a href=\"#\" class=\"header-search-link\" data-balloon-pos=\"down\" data-balloon=\"Search\" aria-label=\"Search\"><i class=\"bb-icon-l bb-icon-search\"><\/i><\/a>\n\t\t\t\t<span class=\"search-separator bb-separator\"><\/span>\n\t\t\t\t\t\t\t\t<div class=\"bb-header-buttons\">\n\t\t\t\t\t<a href=\"https:\/\/guideproject.eu\/pt-pt\/wp-login.php\" class=\"button small outline signin-button link\">Iniciar sess\u00e3o<\/a>\n\n\t\t\t\t\t\t\t\t\t\t\t<a href=\"https:\/\/guideproject.eu\/pt-pt\/register\/\" class=\"button small signup\">Inscrever-se<\/a>\n\t\t\t\t\t\t\t\t\t<\/div>\n\t\t\t\n\t<\/div><!-- .header-aside-inner -->\n<\/div><!-- #header-aside -->\n\t\n\t\n\t\n<div class=\"bb-mobile-header-wrapper bb-single-icon\">\n\t<div class=\"bb-mobile-header flex align-items-center\">\n\t\t<div class=\"bb-left-panel-icon-wrap\">\n\t\t\t<a href=\"#\" class=\"push-left bb-left-panel-mobile\" aria-label=\"Open Menu\"><i class=\"bb-icon-l bb-icon-bars\"><\/i><\/a>\n\t\t<\/div>\n\n\t\t<div class=\"flex-1 mobile-logo-wrapper\">\n\t\t\t\n\t\t\t<div class=\"site-title\">\n\n\t\t\t\t<a href=\"https:\/\/guideproject.eu\/pt-pt\/\" rel=\"home\">\n\t\t\t\t\t<img decoding=\"async\" width=\"520\" height=\"238\" src=\"https:\/\/guideproject.eu\/wp-content\/uploads\/2023\/01\/guide-logo-h.png\" class=\"bb-mobile-logo\" alt=\"\" srcset=\"https:\/\/guideproject.eu\/wp-content\/uploads\/2023\/01\/guide-logo-h.png 520w, https:\/\/guideproject.eu\/wp-content\/uploads\/2023\/01\/guide-logo-h-300x137.png 300w\" sizes=\"(max-width: 520px) 100vw, 520px\" \/>\t\t\t\t<\/a>\n\n\t\t\t<\/div>\n\t\t<\/div>\n\t\t<div class=\"header-aside\">\n\t\t\t\t\t\t\t\t<a data-balloon-pos=\"left\" data-balloon=\"Search\" aria-label=\"Search\" href=\"#\" class=\"push-right header-search-link\"><i class=\"bb-icon-l bb-icon-search\"><\/i><\/a>\n\t\t\t\t\t\t\t<\/div>\n\t<\/div>\n\n\t<div class=\"header-search-wrap\">\n\t\t<div class=\"container\">\n\t\t\t\n<form role=\"search\" method=\"get\" class=\"search-form\" action=\"https:\/\/guideproject.eu\/pt-pt\/\">\n\t<label>\n\t\t<span class=\"screen-reader-text\">Search for:<\/span>\n\t\t<input type=\"search\" class=\"search-field-top\" placeholder=\"Search\" value=\"\" name=\"s\" \/>\n\t<\/label>\n<\/form>\n\t\t\t<a data-balloon-pos=\"left\" data-balloon=\"Close\" href=\"#\" class=\"close-search\"><i class=\"bb-icon-l bb-icon-times\"><\/i><\/a>\n\t\t<\/div>\n\t<\/div>\n<\/div>\n\n<div class=\"bb-mobile-panel-wrapper left light closed\">\n\t<div class=\"bb-mobile-panel-inner\">\n\t\t<div class=\"bb-mobile-panel-header\">\n\t\t\t\t\t\t\t<div class=\"logo-wrap\">\n\t\t\t\t\t<a href=\"https:\/\/guideproject.eu\/pt-pt\/\" rel=\"home\">\n\t\t\t\t\t\t<img decoding=\"async\" width=\"520\" height=\"238\" src=\"https:\/\/guideproject.eu\/wp-content\/uploads\/2023\/01\/guide-logo-h.png\" class=\"bb-mobile-logo\" alt=\"\" srcset=\"https:\/\/guideproject.eu\/wp-content\/uploads\/2023\/01\/guide-logo-h.png 520w, https:\/\/guideproject.eu\/wp-content\/uploads\/2023\/01\/guide-logo-h-300x137.png 300w\" sizes=\"(max-width: 520px) 100vw, 520px\" \/>\t\t\t\t\t<\/a>\n\t\t\t\t<\/div>\n\t\t\t\t\t\t<a href=\"#\" class=\"bb-close-panel\" aria-label=\"Close Menu\"><i class=\"bb-icon-l bb-icon-times\"><\/i><\/a>\n\t\t<\/div>\n\n\t\t<nav class=\"main-navigation\" data-menu-space=\"120\">\n\t\t\t<ul id=\"menu-menu-pt\" class=\"bb-primary-menu mobile-menu buddypanel-menu side-panel-menu\"><li id=\"menu-item-1510\" class=\"menu-item menu-item-type-post_type menu-item-object-page menu-item-1510\"><a href=\"https:\/\/guideproject.eu\/pt-pt\/sobre\/\">Sobre<\/a><\/li>\n<li id=\"menu-item-1511\" class=\"menu-item menu-item-type-post_type menu-item-object-page menu-item-1511\"><a href=\"https:\/\/guideproject.eu\/pt-pt\/parceiros\/\">Parceiros<\/a><\/li>\n<li id=\"menu-item-1512\" class=\"menu-item menu-item-type-custom menu-item-object-custom menu-item-has-children menu-item-1512\"><a href=\"#\">Ferramentas<\/a>\n<ul class=\"sub-menu\">\n\t<li id=\"menu-item-1513\" class=\"menu-item menu-item-type-post_type menu-item-object-page menu-item-1513\"><a href=\"https:\/\/guideproject.eu\/pt-pt\/vamos-identificar-os-estereotipos-nas-decisoes-de-carreira\/\"><i class=\"_mi _before bb-icon-l buddyboss bb-icon-search-plus\" aria-hidden=\"true\"><\/i><span>Ferramenta Digital para a Identifica\u00e7\u00e3o de Estere\u00f3tipos de G\u00e9nero em Decis\u00f5es de Carreira<\/span><\/a><\/li>\n\t<li id=\"menu-item-1514\" class=\"menu-item menu-item-type-post_type menu-item-object-page menu-item-1514\"><a href=\"https:\/\/guideproject.eu\/pt-pt\/estilos-de-tomada-de-decisoes-de-carreira\/\"><i class=\"_mi _before bb-icon-l buddyboss bb-icon-article\" aria-hidden=\"true\"><\/i><span>O modelo de aconselhamento de co-cria\u00e7\u00e3o<\/span><\/a><\/li>\n\t<li id=\"menu-item-1515\" class=\"menu-item menu-item-type-post_type menu-item-object-page menu-item-1515\"><a href=\"https:\/\/guideproject.eu\/pt-pt\/orientacao-de-carreira-sensivel-ao-genero\/\"><i class=\"_mi _before bb-icon-l buddyboss bb-icon-graduation-cap\" aria-hidden=\"true\"><\/i><span>Orienta\u00e7\u00e3o de Carreira Sens\u00edvel ao G\u00e9nero.<\/span><\/a><\/li>\n\t<li id=\"menu-item-1516\" class=\"menu-item menu-item-type-post_type menu-item-object-page menu-item-1516\"><a href=\"https:\/\/guideproject.eu\/pt-pt\/conjunto-de-ferramentas-de-orientacao-profissional-sensiveis-ao-genero\/\"><i class=\"_mi _before bb-icon-l buddyboss bb-icon-list\" aria-hidden=\"true\"><\/i><span>Conjunto de ferramentas de orienta\u00e7\u00e3o profissional sens\u00edveis ao g\u00e9nero<\/span><\/a><\/li>\n<\/ul>\n<\/li>\n<li id=\"menu-item-1517\" class=\"menu-item menu-item-type-post_type menu-item-object-page menu-item-1517\"><a href=\"https:\/\/guideproject.eu\/pt-pt\/noticias\/\">Not\u00edcias<\/a><\/li>\n<li id=\"menu-item-1518\" class=\"menu-item menu-item-type-post_type menu-item-object-page menu-item-1518\"><a href=\"https:\/\/guideproject.eu\/pt-pt\/contato\/\">Contato<\/a><\/li>\n<li id=\"menu-item-wpml-ls-25-pt-pt\" class=\"menu-item wpml-ls-slot-25 wpml-ls-item wpml-ls-item-pt-pt wpml-ls-current-language wpml-ls-menu-item menu-item-type-wpml_ls_menu_item menu-item-object-wpml_ls_menu_item menu-item-has-children menu-item-wpml-ls-25-pt-pt\"><a href=\"https:\/\/guideproject.eu\/pt-pt\/\" role=\"menuitem\"><i class=\"_mi _before buddyboss bb-icon-l bb-icon-globe\"><\/i><span><img decoding=\"async\"\n            class=\"wpml-ls-flag\"\n            src=\"https:\/\/guideproject.eu\/wp-content\/plugins\/sitepress-multilingual-cms\/res\/flags\/pt-pt.png\"\n            alt=\"Portugu\u00eas\"\n            \n            \n    \/><\/span><\/a>\n<ul class=\"sub-menu\">\n\t<li id=\"menu-item-wpml-ls-25-en\" class=\"menu-item wpml-ls-slot-25 wpml-ls-item wpml-ls-item-en wpml-ls-menu-item wpml-ls-first-item menu-item-type-wpml_ls_menu_item menu-item-object-wpml_ls_menu_item menu-item-wpml-ls-25-en\"><a href=\"https:\/\/guideproject.eu\/\" title=\"Switch to Ingl\u00eas\" aria-label=\"Switch to Ingl\u00eas\" role=\"menuitem\"><i class=\"_mi _before buddyboss bb-icon-l bb-icon-globe\"><\/i><span><img decoding=\"async\"\n            class=\"wpml-ls-flag\"\n            src=\"https:\/\/guideproject.eu\/wp-content\/plugins\/sitepress-multilingual-cms\/res\/flags\/en.png\"\n            alt=\"Ingl\u00eas\"\n            \n            \n    \/><\/span><\/a><\/li>\n\t<li id=\"menu-item-wpml-ls-25-el\" class=\"menu-item wpml-ls-slot-25 wpml-ls-item wpml-ls-item-el wpml-ls-menu-item menu-item-type-wpml_ls_menu_item menu-item-object-wpml_ls_menu_item menu-item-wpml-ls-25-el\"><a href=\"https:\/\/guideproject.eu\/el\/\" title=\"Switch to Grego\" aria-label=\"Switch to Grego\" role=\"menuitem\"><i class=\"_mi _before buddyboss bb-icon-l bb-icon-globe\"><\/i><span><img decoding=\"async\"\n            class=\"wpml-ls-flag\"\n            src=\"https:\/\/guideproject.eu\/wp-content\/plugins\/sitepress-multilingual-cms\/res\/flags\/el.png\"\n            alt=\"Grego\"\n            \n            \n    \/><\/span><\/a><\/li>\n\t<li id=\"menu-item-wpml-ls-25-da\" class=\"menu-item wpml-ls-slot-25 wpml-ls-item wpml-ls-item-da wpml-ls-menu-item menu-item-type-wpml_ls_menu_item menu-item-object-wpml_ls_menu_item menu-item-wpml-ls-25-da\"><a href=\"https:\/\/guideproject.eu\/da\/\" title=\"Switch to Dinamarqu\u00eas\" aria-label=\"Switch to Dinamarqu\u00eas\" role=\"menuitem\"><i class=\"_mi _before buddyboss bb-icon-l bb-icon-globe\"><\/i><span><img decoding=\"async\"\n            class=\"wpml-ls-flag\"\n            src=\"https:\/\/guideproject.eu\/wp-content\/plugins\/sitepress-multilingual-cms\/res\/flags\/da.png\"\n            alt=\"Dinamarqu\u00eas\"\n            \n            \n    \/><\/span><\/a><\/li>\n\t<li id=\"menu-item-wpml-ls-25-nl\" class=\"menu-item wpml-ls-slot-25 wpml-ls-item wpml-ls-item-nl wpml-ls-menu-item menu-item-type-wpml_ls_menu_item menu-item-object-wpml_ls_menu_item menu-item-wpml-ls-25-nl\"><a href=\"https:\/\/guideproject.eu\/nl\/\" title=\"Switch to Holand\u00eas\" aria-label=\"Switch to Holand\u00eas\" role=\"menuitem\"><i class=\"_mi _before buddyboss bb-icon-l bb-icon-globe\"><\/i><span><img decoding=\"async\"\n            class=\"wpml-ls-flag\"\n            src=\"https:\/\/guideproject.eu\/wp-content\/plugins\/sitepress-multilingual-cms\/res\/flags\/nl.png\"\n            alt=\"Holand\u00eas\"\n            \n            \n    \/><\/span><\/a><\/li>\n\t<li id=\"menu-item-wpml-ls-25-de\" class=\"menu-item wpml-ls-slot-25 wpml-ls-item wpml-ls-item-de wpml-ls-menu-item menu-item-type-wpml_ls_menu_item menu-item-object-wpml_ls_menu_item menu-item-wpml-ls-25-de\"><a href=\"https:\/\/guideproject.eu\/de\/\" title=\"Switch to Alem\u00e3o\" aria-label=\"Switch to Alem\u00e3o\" role=\"menuitem\"><i class=\"_mi _before buddyboss bb-icon-l bb-icon-globe\"><\/i><span><img decoding=\"async\"\n            class=\"wpml-ls-flag\"\n            src=\"https:\/\/guideproject.eu\/wp-content\/plugins\/sitepress-multilingual-cms\/res\/flags\/de.png\"\n            alt=\"Alem\u00e3o\"\n            \n            \n    \/><\/span><\/a><\/li>\n\t<li id=\"menu-item-wpml-ls-25-sl\" class=\"menu-item wpml-ls-slot-25 wpml-ls-item wpml-ls-item-sl wpml-ls-menu-item menu-item-type-wpml_ls_menu_item menu-item-object-wpml_ls_menu_item menu-item-wpml-ls-25-sl\"><a href=\"https:\/\/guideproject.eu\/sl\/\" title=\"Switch to Esloveno\" aria-label=\"Switch to Esloveno\" role=\"menuitem\"><i class=\"_mi _before buddyboss bb-icon-l bb-icon-globe\"><\/i><span><img decoding=\"async\"\n            class=\"wpml-ls-flag\"\n            src=\"https:\/\/guideproject.eu\/wp-content\/plugins\/sitepress-multilingual-cms\/res\/flags\/sl.png\"\n            alt=\"Esloveno\"\n            \n            \n    \/><\/span><\/a><\/li>\n\t<li id=\"menu-item-wpml-ls-25-es\" class=\"menu-item wpml-ls-slot-25 wpml-ls-item wpml-ls-item-es wpml-ls-menu-item wpml-ls-last-item menu-item-type-wpml_ls_menu_item menu-item-object-wpml_ls_menu_item menu-item-wpml-ls-25-es\"><a href=\"https:\/\/guideproject.eu\/es\/\" title=\"Switch to Espanhol\" aria-label=\"Switch to Espanhol\" role=\"menuitem\"><i class=\"_mi _before buddyboss bb-icon-l bb-icon-globe\"><\/i><span><img decoding=\"async\"\n            class=\"wpml-ls-flag\"\n            src=\"https:\/\/guideproject.eu\/wp-content\/plugins\/sitepress-multilingual-cms\/res\/flags\/es.png\"\n            alt=\"Espanhol\"\n            \n            \n    \/><\/span><\/a><\/li>\n<\/ul>\n<\/li>\n<\/ul>\t\t<\/nav>\n\n\t<\/div>\n<\/div>\n\t<div class=\"header-search-wrap header-search-wrap--elementor\">\n\t\t<div class=\"container\">\n\t\t\t\n<form role=\"search\" method=\"get\" class=\"search-form\" action=\"https:\/\/guideproject.eu\/pt-pt\/\">\n\t<label>\n\t\t<span class=\"screen-reader-text\">Search for:<\/span>\n\t\t<input type=\"search\" class=\"search-field-top\" placeholder=\"Search\" value=\"\" name=\"s\" \/>\n\t<\/label>\n<\/form>\n\t\t\t<a href=\"#\" class=\"close-search\">\n\t\t\t\t<i class=\"bb-icon-rl bb-icon-times\"><\/i>\n\t\t\t\t<span class=\"screen-reader-text\">Close search<\/span>\n\t\t\t<\/a>\n\t\t<\/div>\n\t<\/div>\n<\/div>\n\t\t\t\t<\/div>\n\t\t\t\t<\/div>\n\t\t\t\t<div class=\"elementor-element elementor-element-36d4852 elementor-widget elementor-widget-spacer\" data-id=\"36d4852\" data-element_type=\"widget\" data-widget_type=\"spacer.default\">\n\t\t\t\t<div class=\"elementor-widget-container\">\n\t\t\t\t\t\t\t<div class=\"elementor-spacer\">\n\t\t\t<div class=\"elementor-spacer-inner\"><\/div>\n\t\t<\/div>\n\t\t\t\t\t\t<\/div>\n\t\t\t\t<\/div>\n\t\t\t\t\t<\/div>\n\t\t\t\t<\/div>\n\t\t\t\t<\/div>\n\t\t","protected":false},"excerpt":{"rendered":"<p>Click here Bem-vindo(a) \u00e0 ferramenta de autoavalia\u00e7\u00e3o concebida para o(a) ajudar a si e aos seus aconselhados a explorarem e compreenderem quaisquer potenciais preconceitos de&hellip;<\/p>\n","protected":false},"author":3,"featured_media":0,"parent":0,"menu_order":0,"comment_status":"closed","ping_status":"closed","template":"","meta":{"footnotes":""},"class_list":["post-4294","page","type-page","status-publish","hentry"],"_links":{"self":[{"href":"https:\/\/guideproject.eu\/pt-pt\/wp-json\/wp\/v2\/pages\/4294","targetHints":{"allow":["GET"]}}],"collection":[{"href":"https:\/\/guideproject.eu\/pt-pt\/wp-json\/wp\/v2\/pages"}],"about":[{"href":"https:\/\/guideproject.eu\/pt-pt\/wp-json\/wp\/v2\/types\/page"}],"author":[{"embeddable":true,"href":"https:\/\/guideproject.eu\/pt-pt\/wp-json\/wp\/v2\/users\/3"}],"replies":[{"embeddable":true,"href":"https:\/\/guideproject.eu\/pt-pt\/wp-json\/wp\/v2\/comments?post=4294"}],"version-history":[{"count":29,"href":"https:\/\/guideproject.eu\/pt-pt\/wp-json\/wp\/v2\/pages\/4294\/revisions"}],"predecessor-version":[{"id":15694,"href":"https:\/\/guideproject.eu\/pt-pt\/wp-json\/wp\/v2\/pages\/4294\/revisions\/15694"}],"wp:attachment":[{"href":"https:\/\/guideproject.eu\/pt-pt\/wp-json\/wp\/v2\/media?parent=4294"}],"curies":[{"name":"wp","href":"https:\/\/api.w.org\/{rel}","templated":true}]}}