{"id":4296,"date":"2023-07-20T10:37:18","date_gmt":"2023-07-20T10:37:18","guid":{"rendered":"https:\/\/guideproject.eu\/digitalno-orodje-za-prepoznavanje-stereotipov-pri-kariernih-odlocitvah\/"},"modified":"2025-10-01T11:09:49","modified_gmt":"2025-10-01T11:09:49","slug":"digitalno-orodje-za-prepoznavanje-stereotipov-pri-kariernih-odlocitvah","status":"publish","type":"page","link":"https:\/\/guideproject.eu\/sl\/digitalno-orodje-za-prepoznavanje-stereotipov-pri-kariernih-odlocitvah\/","title":{"rendered":"Digitalno orodje za prepoznavanje stereotipov pri kariernih odlo\u010ditvah"},"content":{"rendered":"\t\t<div data-elementor-type=\"wp-page\" data-elementor-id=\"4296\" class=\"elementor elementor-4296 elementor-2536\" data-elementor-post-type=\"page\">\n\t\t\t\t<div class=\"plus-conditions--hidden elementor-element elementor-element-704c3d1 e-flex e-con-boxed e-con e-parent\" data-id=\"704c3d1\" data-element_type=\"container\" data-settings=\"{&quot;tp_display_rules_enable&quot;:&quot;yes&quot;,&quot;tp_display_rules_output&quot;:&quot;yes&quot;}\">\n\t\t\t\t\t<div class=\"e-con-inner\">\n\t\t\t\t<div class=\"elementor-element elementor-element-7bdb7e2 elementor-widget elementor-widget-image\" data-id=\"7bdb7e2\" data-element_type=\"widget\" data-widget_type=\"image.default\">\n\t\t\t\t<div class=\"elementor-widget-container\">\n\t\t\t\t\t\t\t\t\t\t\t\t\t\t\t<img fetchpriority=\"high\" decoding=\"async\" width=\"1300\" height=\"225\" src=\"https:\/\/guideproject.eu\/wp-content\/uploads\/2024\/04\/FEATURED-Self-\u2013-Assessment-Tool.jpg\" class=\"attachment-full size-full wp-image-5055\" alt=\"\" srcset=\"https:\/\/guideproject.eu\/wp-content\/uploads\/2024\/04\/FEATURED-Self-\u2013-Assessment-Tool.jpg 1300w, https:\/\/guideproject.eu\/wp-content\/uploads\/2024\/04\/FEATURED-Self-\u2013-Assessment-Tool-300x52.jpg 300w, https:\/\/guideproject.eu\/wp-content\/uploads\/2024\/04\/FEATURED-Self-\u2013-Assessment-Tool-1024x177.jpg 1024w, https:\/\/guideproject.eu\/wp-content\/uploads\/2024\/04\/FEATURED-Self-\u2013-Assessment-Tool-768x133.jpg 768w, https:\/\/guideproject.eu\/wp-content\/uploads\/2024\/04\/FEATURED-Self-\u2013-Assessment-Tool-624x108.jpg 624w\" sizes=\"(max-width: 1300px) 100vw, 1300px\" \/>\t\t\t\t\t\t\t\t\t\t\t\t\t\t\t<\/div>\n\t\t\t\t<\/div>\n\t\t\t\t<div class=\"elementor-element elementor-element-aa4858e elementor-hidden-desktop elementor-hidden-tablet elementor-hidden-mobile elementor-widget elementor-widget-button\" data-id=\"aa4858e\" data-element_type=\"widget\" data-widget_type=\"button.default\">\n\t\t\t\t<div class=\"elementor-widget-container\">\n\t\t\t\t\t\t\t\t\t<div class=\"elementor-button-wrapper\">\n\t\t\t\t\t<a class=\"elementor-button elementor-button-link elementor-size-sm\" href=\"#elementor-action%3Aaction%3Dpopup%3Aopen%26settings%3DeyJpZCI6Mzg4MCwidG9nZ2xlIjpmYWxzZX0%3D\">\n\t\t\t\t\t\t<span class=\"elementor-button-content-wrapper\">\n\t\t\t\t\t\t\t\t\t<span class=\"elementor-button-text\">Click here<\/span>\n\t\t\t\t\t<\/span>\n\t\t\t\t\t<\/a>\n\t\t\t\t<\/div>\n\t\t\t\t\t\t\t\t<\/div>\n\t\t\t\t<\/div>\n\t\t\t\t<div class=\"elementor-element elementor-element-259d925 elementor-widget elementor-widget-text-editor\" data-id=\"259d925\" data-element_type=\"widget\" data-widget_type=\"text-editor.default\">\n\t\t\t\t<div class=\"elementor-widget-container\">\n\t\t\t\t\t<div class=\"bb-theme-elementor-wrap bb-elementor-custom-size\">\t\t\t\t<p><strong>Dobrodo\u0161li v orodju za samoocenjevanje, ki je namenjeno vam in va\u0161im svetovancem pri raziskovanju in razumevanju morebitnih predsodkov glede spola, ki lahko vplivajo na njihove poklicne odlo\u010ditve. To orodje je del izobra\u017eevalnega projekta &#8220;GUIDE &#8211; nadgradnja ve\u0161\u010din strokovnjakov za karierno orientacijo, ki je ob\u010dutljiva glede na spol&#8221;, katerega cilj je opolnomo\u010diti posameznike, da se odlo\u010dajo na podlagi svojih interesov in sposobnosti in ne na podlagi spola.<\/strong><\/p><p><strong>Orodje obravnava dve razse\u017enosti pristranskosti: eksplicitno in implicitno. Eksplicitna vklju\u010duje zavestna prepri\u010danja in stali\u0161\u010da, medtem ko so implicitne pristranskosti nezavedne asociacije ali stereotipi, na katere vplivajo dru\u017ebeni dejavniki. Z obravnavo obeh razse\u017enosti \u017eelimo zagotoviti celovit vpogled v to, kako lahko predsodki vplivajo na poklicne odlo\u010ditve.<\/strong><\/p><p>Izpolnjevanje orodja za samoocenjevanje je prvi korak pri raziskovanju pristranskosti na podlagi spola na povr\u0161inski ravni. Vpra\u0161anja so namenoma stereotipno oblikovana, da bi spodbudila iskrene odgovore, na podlagi katerih bo pripravljeno prilagojeno poro\u010dilo, v katerem bodo izpostavljene vse ugotovljene pristranskosti. To poro\u010dilo vam bo kot strokovnjakom za karierno orientacijo slu\u017eilo kot dragocen vir, ki vam bo omogo\u010dil, da ponudite svetovanje, prilagojeno potrebam in potencialu vsakega posameznika, brez spolnih predsodkov.<\/p>\t\t\t\t<\/div>\t\t\t\t<\/div>\n\t\t\t\t<\/div>\n\t\t\t\t<div class=\"elementor-element elementor-element-bd61ac6 elementor-align-center elementor-widget elementor-widget-button\" data-id=\"bd61ac6\" data-element_type=\"widget\" data-widget_type=\"button.default\">\n\t\t\t\t<div class=\"elementor-widget-container\">\n\t\t\t\t\t\t\t\t\t<div class=\"elementor-button-wrapper\">\n\t\t\t\t\t<a class=\"elementor-button elementor-button-link elementor-size-sm\" href=\"https:\/\/guideproject.eu\/wp-content\/uploads\/2024\/03\/GUIDE_WP2_Annex_SL.pdf\" target=\"_blank\">\n\t\t\t\t\t\t<span class=\"elementor-button-content-wrapper\">\n\t\t\t\t\t\t\t\t\t<span class=\"elementor-button-text\">Dodatek<\/span>\n\t\t\t\t\t<\/span>\n\t\t\t\t\t<\/a>\n\t\t\t\t<\/div>\n\t\t\t\t\t\t\t\t<\/div>\n\t\t\t\t<\/div>\n\t\t\t\t<div class=\"elementor-element elementor-element-f08606d elementor-align-center elementor-widget elementor-widget-button\" data-id=\"f08606d\" data-element_type=\"widget\" data-widget_type=\"button.default\">\n\t\t\t\t<div class=\"elementor-widget-container\">\n\t\t\t\t\t\t\t\t\t<div class=\"elementor-button-wrapper\">\n\t\t\t\t\t<a class=\"elementor-button elementor-button-link elementor-size-sm\" href=\"https:\/\/guideproject.eu\/sl\/vabilo\/\">\n\t\t\t\t\t\t<span class=\"elementor-button-content-wrapper\">\n\t\t\t\t\t\t\t\t\t<span class=\"elementor-button-text\">Po\u0161lji vabilo<\/span>\n\t\t\t\t\t<\/span>\n\t\t\t\t\t<\/a>\n\t\t\t\t<\/div>\n\t\t\t\t\t\t\t\t<\/div>\n\t\t\t\t<\/div>\n\t\t\t\t<div class=\"elementor-element elementor-element-92ab07b elementor-widget elementor-widget-text-editor\" data-id=\"92ab07b\" data-element_type=\"widget\" data-widget_type=\"text-editor.default\">\n\t\t\t\t<div class=\"elementor-widget-container\">\n\t\t\t\t\t<div class=\"bb-theme-elementor-wrap bb-elementor-custom-size\">\t\t\t\t<p>Svetujemo vam, da to orodje predstavite svojim svetovanem in jih vodite skozi postopek samoocenjevanja (z uporabo digitalnega orodja za prepoznavanje stereotipov pri poklicnih odlo\u010ditvah). Va\u0161a podpora pri omogo\u010danju odprtih in iskrenih razprav o predsodkih in poklicnih odlo\u010ditvah bo mo\u010dno prispevala k njihovemu osebnemu in poklicnemu razvoju. Za re\u0161evanje testa bodo porabili pribli\u017eno 10 minut.<\/p><p>Vse podane informacije iz orodja za samoocenjevanje bo uporabilo izklju\u010dno projektno partnerstvo GUIDE. Partnerstvo ne bo prodajalo, trgovalo ali prena\u0161alo osebnih podatkov posameznika nobeni tretji osebi ali entiteti. Projektno partnerstvo GUIDE spo\u0161tuje pravice uporabnikov orodja do zasebnosti v skladu s Splo\u0161no uredbo o varstvu osebnih podatkov 2016\/679\/EU ter veljavnim nacionalnim in evropskim pravnim in regulativnim okvirom za varstvo osebnih podatkov.<\/p>\t\t\t\t<\/div>\t\t\t\t<\/div>\n\t\t\t\t<\/div>\n\t\t\t\t<div class=\"elementor-element elementor-element-0346f8c elementor-widget elementor-widget-spacer\" data-id=\"0346f8c\" data-element_type=\"widget\" data-widget_type=\"spacer.default\">\n\t\t\t\t<div class=\"elementor-widget-container\">\n\t\t\t\t\t\t\t<div class=\"elementor-spacer\">\n\t\t\t<div class=\"elementor-spacer-inner\"><\/div>\n\t\t<\/div>\n\t\t\t\t\t\t<\/div>\n\t\t\t\t<\/div>\n\t\t\t\t<div class=\"elementor-element elementor-element-3d48495 elementor-align-center elementor-widget elementor-widget-button\" data-id=\"3d48495\" data-element_type=\"widget\" data-widget_type=\"button.default\">\n\t\t\t\t<div class=\"elementor-widget-container\">\n\t\t\t\t\t\t\t\t\t<div class=\"elementor-button-wrapper\">\n\t\t\t\t\t<a class=\"elementor-button elementor-button-link elementor-size-sm\" href=\"https:\/\/guideproject.eu\/sl\/view\/counselor-view-sl\/\">\n\t\t\t\t\t\t<span class=\"elementor-button-content-wrapper\">\n\t\t\t\t\t\t\t\t\t<span class=\"elementor-button-text\">Ogled rezultatov<\/span>\n\t\t\t\t\t<\/span>\n\t\t\t\t\t<\/a>\n\t\t\t\t<\/div>\n\t\t\t\t\t\t\t\t<\/div>\n\t\t\t\t<\/div>\n\t\t\t\t<div class=\"elementor-element elementor-element-b7b3b51 elementor-widget elementor-widget-spacer\" data-id=\"b7b3b51\" data-element_type=\"widget\" data-widget_type=\"spacer.default\">\n\t\t\t\t<div class=\"elementor-widget-container\">\n\t\t\t\t\t\t\t<div class=\"elementor-spacer\">\n\t\t\t<div class=\"elementor-spacer-inner\"><\/div>\n\t\t<\/div>\n\t\t\t\t\t\t<\/div>\n\t\t\t\t<\/div>\n\t\t\t\t<div class=\"elementor-element elementor-element-bf0fac6 elementor-widget elementor-widget-text-editor\" data-id=\"bf0fac6\" data-element_type=\"widget\" data-widget_type=\"text-editor.default\">\n\t\t\t\t<div class=\"elementor-widget-container\">\n\t\t\t\t\t\t\t\t\t<p style=\"text-align: center;\"><strong>Hvala, ker ste se nam pridru\u017eili na poti k odpravljanju predsodkov glede na spol pri sprejemanju kariernih odlo\u010ditev.<\/strong><strong>\u00a0<\/strong><\/p><p style=\"text-align: center;\">Zagotovimo vsem spolom, da bodo lahko izbirali med prilo\u017enostmi na podlagi zanimanja in sposobnosti, ne pa podlagi spola.<\/p>\t\t\t\t\t\t\t\t<\/div>\n\t\t\t\t<\/div>\n\t\t\t\t<div class=\"elementor-element elementor-element-19c6242 elementor-widget elementor-widget-spacer\" data-id=\"19c6242\" data-element_type=\"widget\" data-widget_type=\"spacer.default\">\n\t\t\t\t<div class=\"elementor-widget-container\">\n\t\t\t\t\t\t\t<div class=\"elementor-spacer\">\n\t\t\t<div class=\"elementor-spacer-inner\"><\/div>\n\t\t<\/div>\n\t\t\t\t\t\t<\/div>\n\t\t\t\t<\/div>\n\t\t\t\t\t<\/div>\n\t\t\t\t<\/div>\n\t\t<div class=\"elementor-element elementor-element-d90e85d e-flex e-con-boxed e-con e-parent\" data-id=\"d90e85d\" data-element_type=\"container\" data-settings=\"{&quot;tp_display_rules_enable&quot;:&quot;yes&quot;,&quot;tp_display_rules_output&quot;:&quot;yes&quot;}\">\n\t\t\t\t\t<div class=\"e-con-inner\">\n\t\t\t\t<div class=\"elementor-element elementor-element-da3e285 elementor-widget elementor-widget-spacer\" data-id=\"da3e285\" data-element_type=\"widget\" data-widget_type=\"spacer.default\">\n\t\t\t\t<div class=\"elementor-widget-container\">\n\t\t\t\t\t\t\t<div class=\"elementor-spacer\">\n\t\t\t<div class=\"elementor-spacer-inner\"><\/div>\n\t\t<\/div>\n\t\t\t\t\t\t<\/div>\n\t\t\t\t<\/div>\n\t\t\t\t<div class=\"elementor-element elementor-element-a5becf4 elementor-widget elementor-widget-text-editor\" data-id=\"a5becf4\" data-element_type=\"widget\" data-settings=\"{&quot;tp_display_rules_enable&quot;:&quot;yes&quot;,&quot;tp_display_rules_output&quot;:&quot;yes&quot;}\" data-widget_type=\"text-editor.default\">\n\t\t\t\t<div class=\"elementor-widget-container\">\n\t\t\t\t\t\t\t\t\t<p style=\"text-align: center;\">Za dostop do nje se najprej registrirajte\/prijavite.<\/p>\t\t\t\t\t\t\t\t<\/div>\n\t\t\t\t<\/div>\n\t\t\t\t<div class=\"elementor-element elementor-element-1a0ff2c elementor-widget elementor-widget-header-bar\" data-id=\"1a0ff2c\" data-element_type=\"widget\" data-widget_type=\"header-bar.default\">\n\t\t\t\t<div class=\"elementor-widget-container\">\n\t\t\t\t\t\n<div class=\"site-header site-header--elementor icon-fill-in site-header--align-right avatar-none\" data-search-icon=\"\" data-messages-icon=\"\" data-notifications-icon=\"\" data-cart-icon=\"\" data-dark-icon=\"\" data-sidebartoggle-icon=\"\">\n\n\t\n\t\t\t\t\t\n<div id=\"header-aside\" class=\"header-aside avatar\">\n\t<div class=\"header-aside-inner\">\n\n\t\t\n\t\t\t\t\t\t\t<a href=\"#\" class=\"header-search-link\" data-balloon-pos=\"down\" data-balloon=\"Search\" aria-label=\"Search\"><i class=\"bb-icon-l bb-icon-search\"><\/i><\/a>\n\t\t\t\t<span class=\"search-separator bb-separator\"><\/span>\n\t\t\t\t\t\t\t\t<div class=\"bb-header-buttons\">\n\t\t\t\t\t<a href=\"https:\/\/guideproject.eu\/sl\/wp-login.php\" class=\"button small outline signin-button link\">Prijava<\/a>\n\n\t\t\t\t\t\t\t\t\t\t\t<a href=\"https:\/\/guideproject.eu\/sl\/register\/\" class=\"button small signup\">Registracija<\/a>\n\t\t\t\t\t\t\t\t\t<\/div>\n\t\t\t\n\t<\/div><!-- .header-aside-inner -->\n<\/div><!-- #header-aside -->\n\t\n\t\n\t\n<div class=\"bb-mobile-header-wrapper bb-single-icon\">\n\t<div class=\"bb-mobile-header flex align-items-center\">\n\t\t<div class=\"bb-left-panel-icon-wrap\">\n\t\t\t<a href=\"#\" class=\"push-left bb-left-panel-mobile\" aria-label=\"Open Menu\"><i class=\"bb-icon-l bb-icon-bars\"><\/i><\/a>\n\t\t<\/div>\n\n\t\t<div class=\"flex-1 mobile-logo-wrapper\">\n\t\t\t\n\t\t\t<div class=\"site-title\">\n\n\t\t\t\t<a href=\"https:\/\/guideproject.eu\/sl\/\" rel=\"home\">\n\t\t\t\t\t<img decoding=\"async\" width=\"520\" height=\"238\" src=\"https:\/\/guideproject.eu\/wp-content\/uploads\/2023\/01\/guide-logo-h.png\" class=\"bb-mobile-logo\" alt=\"\" srcset=\"https:\/\/guideproject.eu\/wp-content\/uploads\/2023\/01\/guide-logo-h.png 520w, https:\/\/guideproject.eu\/wp-content\/uploads\/2023\/01\/guide-logo-h-300x137.png 300w\" sizes=\"(max-width: 520px) 100vw, 520px\" \/>\t\t\t\t<\/a>\n\n\t\t\t<\/div>\n\t\t<\/div>\n\t\t<div class=\"header-aside\">\n\t\t\t\t\t\t\t\t<a data-balloon-pos=\"left\" data-balloon=\"Search\" aria-label=\"Search\" href=\"#\" class=\"push-right header-search-link\"><i class=\"bb-icon-l bb-icon-search\"><\/i><\/a>\n\t\t\t\t\t\t\t<\/div>\n\t<\/div>\n\n\t<div class=\"header-search-wrap\">\n\t\t<div class=\"container\">\n\t\t\t\n<form role=\"search\" method=\"get\" class=\"search-form\" action=\"https:\/\/guideproject.eu\/sl\/\">\n\t<label>\n\t\t<span class=\"screen-reader-text\">Search for:<\/span>\n\t\t<input type=\"search\" class=\"search-field-top\" placeholder=\"Search\" value=\"\" name=\"s\" \/>\n\t<\/label>\n<\/form>\n\t\t\t<a data-balloon-pos=\"left\" data-balloon=\"Close\" href=\"#\" class=\"close-search\"><i class=\"bb-icon-l bb-icon-times\"><\/i><\/a>\n\t\t<\/div>\n\t<\/div>\n<\/div>\n\n<div class=\"bb-mobile-panel-wrapper left light closed\">\n\t<div class=\"bb-mobile-panel-inner\">\n\t\t<div class=\"bb-mobile-panel-header\">\n\t\t\t\t\t\t\t<div class=\"logo-wrap\">\n\t\t\t\t\t<a href=\"https:\/\/guideproject.eu\/sl\/\" rel=\"home\">\n\t\t\t\t\t\t<img decoding=\"async\" width=\"520\" height=\"238\" src=\"https:\/\/guideproject.eu\/wp-content\/uploads\/2023\/01\/guide-logo-h.png\" class=\"bb-mobile-logo\" alt=\"\" srcset=\"https:\/\/guideproject.eu\/wp-content\/uploads\/2023\/01\/guide-logo-h.png 520w, https:\/\/guideproject.eu\/wp-content\/uploads\/2023\/01\/guide-logo-h-300x137.png 300w\" sizes=\"(max-width: 520px) 100vw, 520px\" \/>\t\t\t\t\t<\/a>\n\t\t\t\t<\/div>\n\t\t\t\t\t\t<a href=\"#\" class=\"bb-close-panel\" aria-label=\"Close Menu\"><i class=\"bb-icon-l bb-icon-times\"><\/i><\/a>\n\t\t<\/div>\n\n\t\t<nav class=\"main-navigation\" data-menu-space=\"120\">\n\t\t\t<ul id=\"menu-menu-sl\" class=\"bb-primary-menu mobile-menu buddypanel-menu side-panel-menu\"><li id=\"menu-item-1662\" class=\"menu-item menu-item-type-post_type menu-item-object-page menu-item-1662\"><a href=\"https:\/\/guideproject.eu\/sl\/o-guide\/\">O GUIDE<\/a><\/li>\n<li id=\"menu-item-1663\" class=\"menu-item menu-item-type-post_type menu-item-object-page menu-item-1663\"><a href=\"https:\/\/guideproject.eu\/sl\/partnerji\/\">Partnerji<\/a><\/li>\n<li id=\"menu-item-1664\" class=\"menu-item menu-item-type-custom menu-item-object-custom menu-item-has-children menu-item-1664\"><a href=\"#\">Orodja<\/a>\n<ul class=\"sub-menu\">\n\t<li id=\"menu-item-1665\" class=\"menu-item menu-item-type-post_type menu-item-object-page menu-item-1665\"><a href=\"https:\/\/guideproject.eu\/sl\/prepoznajmo-stereotipe-pri-kariernih-odlocitvah\/\"><i class=\"_mi _before bb-icon-l buddyboss bb-icon-search-plus\" aria-hidden=\"true\"><\/i><span>Digitalno orodje za prepoznavanje stereotipov pri kariernih odlo\u010ditvah<\/span><\/a><\/li>\n\t<li id=\"menu-item-1666\" class=\"menu-item menu-item-type-post_type menu-item-object-page menu-item-1666\"><a href=\"https:\/\/guideproject.eu\/sl\/slogi-za-karierne-odlocitve\/\"><i class=\"_mi _before bb-icon-l buddyboss bb-icon-article\" aria-hidden=\"true\"><\/i><span>Soustvarjalni model svetovanja<\/span><\/a><\/li>\n\t<li id=\"menu-item-1667\" class=\"menu-item menu-item-type-post_type menu-item-object-page menu-item-1667\"><a href=\"https:\/\/guideproject.eu\/sl\/karierno-svetovanje-ki-uposteva-spol\/\"><i class=\"_mi _before bb-icon-l buddyboss bb-icon-graduation-cap\" aria-hidden=\"true\"><\/i><span>Spletni te\u010daj<\/span><\/a><\/li>\n\t<li id=\"menu-item-1668\" class=\"menu-item menu-item-type-post_type menu-item-object-page menu-item-1668\"><a href=\"https:\/\/guideproject.eu\/sl\/zbirka-orodij-za-karierno-svetovanje-ki-uposteva-spol\/\"><i class=\"_mi _before bb-icon-l buddyboss bb-icon-list\" aria-hidden=\"true\"><\/i><span>Zbirka orodij za karierno svetovanje, ki upo\u0161teva spol<\/span><\/a><\/li>\n<\/ul>\n<\/li>\n<li id=\"menu-item-1669\" class=\"menu-item menu-item-type-post_type menu-item-object-page menu-item-1669\"><a href=\"https:\/\/guideproject.eu\/sl\/novice\/\">Novice<\/a><\/li>\n<li id=\"menu-item-1670\" class=\"menu-item menu-item-type-post_type menu-item-object-page menu-item-1670\"><a href=\"https:\/\/guideproject.eu\/sl\/kontakt\/\">Kontakt<\/a><\/li>\n<li id=\"menu-item-wpml-ls-25-sl\" class=\"menu-item wpml-ls-slot-25 wpml-ls-item wpml-ls-item-sl wpml-ls-current-language wpml-ls-menu-item menu-item-type-wpml_ls_menu_item menu-item-object-wpml_ls_menu_item menu-item-has-children menu-item-wpml-ls-25-sl\"><a href=\"https:\/\/guideproject.eu\/sl\/\" role=\"menuitem\"><i class=\"_mi _before buddyboss bb-icon-l bb-icon-globe\"><\/i><span><img decoding=\"async\"\n            class=\"wpml-ls-flag\"\n            src=\"https:\/\/guideproject.eu\/wp-content\/plugins\/sitepress-multilingual-cms\/res\/flags\/sl.png\"\n            alt=\"Sloven\u0161\u010dina\"\n            \n            \n    \/><\/span><\/a>\n<ul class=\"sub-menu\">\n\t<li id=\"menu-item-wpml-ls-25-en\" class=\"menu-item wpml-ls-slot-25 wpml-ls-item wpml-ls-item-en wpml-ls-menu-item wpml-ls-first-item menu-item-type-wpml_ls_menu_item menu-item-object-wpml_ls_menu_item menu-item-wpml-ls-25-en\"><a href=\"https:\/\/guideproject.eu\/\" title=\"Switch to Angle\u0161\u010dina\" aria-label=\"Switch to Angle\u0161\u010dina\" role=\"menuitem\"><i class=\"_mi _before buddyboss bb-icon-l bb-icon-globe\"><\/i><span><img decoding=\"async\"\n            class=\"wpml-ls-flag\"\n            src=\"https:\/\/guideproject.eu\/wp-content\/plugins\/sitepress-multilingual-cms\/res\/flags\/en.png\"\n            alt=\"Angle\u0161\u010dina\"\n            \n            \n    \/><\/span><\/a><\/li>\n\t<li id=\"menu-item-wpml-ls-25-el\" class=\"menu-item wpml-ls-slot-25 wpml-ls-item wpml-ls-item-el wpml-ls-menu-item menu-item-type-wpml_ls_menu_item menu-item-object-wpml_ls_menu_item menu-item-wpml-ls-25-el\"><a href=\"https:\/\/guideproject.eu\/el\/\" title=\"Switch to Greek\" aria-label=\"Switch to Greek\" role=\"menuitem\"><i class=\"_mi _before buddyboss bb-icon-l bb-icon-globe\"><\/i><span><img decoding=\"async\"\n            class=\"wpml-ls-flag\"\n            src=\"https:\/\/guideproject.eu\/wp-content\/plugins\/sitepress-multilingual-cms\/res\/flags\/el.png\"\n            alt=\"Greek\"\n            \n            \n    \/><\/span><\/a><\/li>\n\t<li id=\"menu-item-wpml-ls-25-da\" class=\"menu-item wpml-ls-slot-25 wpml-ls-item wpml-ls-item-da wpml-ls-menu-item menu-item-type-wpml_ls_menu_item menu-item-object-wpml_ls_menu_item menu-item-wpml-ls-25-da\"><a href=\"https:\/\/guideproject.eu\/da\/\" title=\"Switch to Dan\u0161\u010dina\" aria-label=\"Switch to Dan\u0161\u010dina\" role=\"menuitem\"><i class=\"_mi _before buddyboss bb-icon-l bb-icon-globe\"><\/i><span><img decoding=\"async\"\n            class=\"wpml-ls-flag\"\n            src=\"https:\/\/guideproject.eu\/wp-content\/plugins\/sitepress-multilingual-cms\/res\/flags\/da.png\"\n            alt=\"Dan\u0161\u010dina\"\n            \n            \n    \/><\/span><\/a><\/li>\n\t<li id=\"menu-item-wpml-ls-25-nl\" class=\"menu-item wpml-ls-slot-25 wpml-ls-item wpml-ls-item-nl wpml-ls-menu-item menu-item-type-wpml_ls_menu_item menu-item-object-wpml_ls_menu_item menu-item-wpml-ls-25-nl\"><a href=\"https:\/\/guideproject.eu\/nl\/\" title=\"Switch to Nizozem\u0161\u010dina\" aria-label=\"Switch to Nizozem\u0161\u010dina\" role=\"menuitem\"><i class=\"_mi _before buddyboss bb-icon-l bb-icon-globe\"><\/i><span><img decoding=\"async\"\n            class=\"wpml-ls-flag\"\n            src=\"https:\/\/guideproject.eu\/wp-content\/plugins\/sitepress-multilingual-cms\/res\/flags\/nl.png\"\n            alt=\"Nizozem\u0161\u010dina\"\n            \n            \n    \/><\/span><\/a><\/li>\n\t<li id=\"menu-item-wpml-ls-25-de\" class=\"menu-item wpml-ls-slot-25 wpml-ls-item wpml-ls-item-de wpml-ls-menu-item menu-item-type-wpml_ls_menu_item menu-item-object-wpml_ls_menu_item menu-item-wpml-ls-25-de\"><a href=\"https:\/\/guideproject.eu\/de\/\" title=\"Switch to Nem\u0161\u010dina\" aria-label=\"Switch to Nem\u0161\u010dina\" role=\"menuitem\"><i class=\"_mi _before buddyboss bb-icon-l bb-icon-globe\"><\/i><span><img decoding=\"async\"\n            class=\"wpml-ls-flag\"\n            src=\"https:\/\/guideproject.eu\/wp-content\/plugins\/sitepress-multilingual-cms\/res\/flags\/de.png\"\n            alt=\"Nem\u0161\u010dina\"\n            \n            \n    \/><\/span><\/a><\/li>\n\t<li id=\"menu-item-wpml-ls-25-pt-pt\" class=\"menu-item wpml-ls-slot-25 wpml-ls-item wpml-ls-item-pt-pt wpml-ls-menu-item menu-item-type-wpml_ls_menu_item menu-item-object-wpml_ls_menu_item menu-item-wpml-ls-25-pt-pt\"><a href=\"https:\/\/guideproject.eu\/pt-pt\/\" title=\"Switch to Portugal\u0161\u010dina ( Portugalska )\" aria-label=\"Switch to Portugal\u0161\u010dina ( Portugalska )\" role=\"menuitem\"><i class=\"_mi _before buddyboss bb-icon-l bb-icon-globe\"><\/i><span><img decoding=\"async\"\n            class=\"wpml-ls-flag\"\n            src=\"https:\/\/guideproject.eu\/wp-content\/plugins\/sitepress-multilingual-cms\/res\/flags\/pt-pt.png\"\n            alt=\"Portugal\u0161\u010dina ( Portugalska )\"\n            \n            \n    \/><\/span><\/a><\/li>\n\t<li id=\"menu-item-wpml-ls-25-es\" class=\"menu-item wpml-ls-slot-25 wpml-ls-item wpml-ls-item-es wpml-ls-menu-item wpml-ls-last-item menu-item-type-wpml_ls_menu_item menu-item-object-wpml_ls_menu_item menu-item-wpml-ls-25-es\"><a href=\"https:\/\/guideproject.eu\/es\/\" title=\"Switch to \u0160pan\u0161\u010dina\" aria-label=\"Switch to \u0160pan\u0161\u010dina\" role=\"menuitem\"><i class=\"_mi _before buddyboss bb-icon-l bb-icon-globe\"><\/i><span><img decoding=\"async\"\n            class=\"wpml-ls-flag\"\n            src=\"https:\/\/guideproject.eu\/wp-content\/plugins\/sitepress-multilingual-cms\/res\/flags\/es.png\"\n            alt=\"\u0160pan\u0161\u010dina\"\n            \n            \n    \/><\/span><\/a><\/li>\n<\/ul>\n<\/li>\n<\/ul>\t\t<\/nav>\n\n\t<\/div>\n<\/div>\n\t<div class=\"header-search-wrap header-search-wrap--elementor\">\n\t\t<div class=\"container\">\n\t\t\t\n<form role=\"search\" method=\"get\" class=\"search-form\" action=\"https:\/\/guideproject.eu\/sl\/\">\n\t<label>\n\t\t<span class=\"screen-reader-text\">Search for:<\/span>\n\t\t<input type=\"search\" class=\"search-field-top\" placeholder=\"Search\" value=\"\" name=\"s\" \/>\n\t<\/label>\n<\/form>\n\t\t\t<a href=\"#\" class=\"close-search\">\n\t\t\t\t<i class=\"bb-icon-rl bb-icon-times\"><\/i>\n\t\t\t\t<span class=\"screen-reader-text\">Close search<\/span>\n\t\t\t<\/a>\n\t\t<\/div>\n\t<\/div>\n<\/div>\n\t\t\t\t<\/div>\n\t\t\t\t<\/div>\n\t\t\t\t<div class=\"elementor-element elementor-element-13b5035 elementor-widget elementor-widget-spacer\" data-id=\"13b5035\" data-element_type=\"widget\" data-widget_type=\"spacer.default\">\n\t\t\t\t<div class=\"elementor-widget-container\">\n\t\t\t\t\t\t\t<div class=\"elementor-spacer\">\n\t\t\t<div class=\"elementor-spacer-inner\"><\/div>\n\t\t<\/div>\n\t\t\t\t\t\t<\/div>\n\t\t\t\t<\/div>\n\t\t\t\t\t<\/div>\n\t\t\t\t<\/div>\n\t\t\t\t<\/div>\n\t\t","protected":false},"excerpt":{"rendered":"<p>Click here Dobrodo\u0161li v orodju za samoocenjevanje, ki je namenjeno vam in va\u0161im svetovancem pri raziskovanju in razumevanju morebitnih predsodkov glede spola, ki lahko vplivajo&hellip;<\/p>\n","protected":false},"author":3,"featured_media":0,"parent":0,"menu_order":0,"comment_status":"closed","ping_status":"closed","template":"","meta":{"footnotes":""},"class_list":["post-4296","page","type-page","status-publish","hentry"],"_links":{"self":[{"href":"https:\/\/guideproject.eu\/sl\/wp-json\/wp\/v2\/pages\/4296","targetHints":{"allow":["GET"]}}],"collection":[{"href":"https:\/\/guideproject.eu\/sl\/wp-json\/wp\/v2\/pages"}],"about":[{"href":"https:\/\/guideproject.eu\/sl\/wp-json\/wp\/v2\/types\/page"}],"author":[{"embeddable":true,"href":"https:\/\/guideproject.eu\/sl\/wp-json\/wp\/v2\/users\/3"}],"replies":[{"embeddable":true,"href":"https:\/\/guideproject.eu\/sl\/wp-json\/wp\/v2\/comments?post=4296"}],"version-history":[{"count":38,"href":"https:\/\/guideproject.eu\/sl\/wp-json\/wp\/v2\/pages\/4296\/revisions"}],"predecessor-version":[{"id":15700,"href":"https:\/\/guideproject.eu\/sl\/wp-json\/wp\/v2\/pages\/4296\/revisions\/15700"}],"wp:attachment":[{"href":"https:\/\/guideproject.eu\/sl\/wp-json\/wp\/v2\/media?parent=4296"}],"curies":[{"name":"wp","href":"https:\/\/api.w.org\/{rel}","templated":true}]}}